{"id":49,"date":"2020-07-30T00:10:05","date_gmt":"2020-07-30T00:10:05","guid":{"rendered":"https:\/\/editorialresistencia.com.mx\/tienda\/?post_type=product&#038;p=49"},"modified":"2025-10-12T09:42:23","modified_gmt":"2025-10-12T15:42:23","slug":"el-tlacuache-aguamielero","status":"publish","type":"product","link":"https:\/\/editorialresistencia.com.mx\/tienda\/producto\/el-tlacuache-aguamielero\/","title":{"rendered":"El Tlacuache Aguamielero"},"content":{"rendered":"<p>El Tlacuache fue el primer animal que crearon los dioses, se cuenta que \u00e9l ense\u00f1\u00f3 a los humanos el arte de obtener el pulque, pero no s\u00f3lo eso, \u00e9l era un viejo sabio, alegre y muy estimado por animales y humanos. En este libro te enterar\u00e1s de todas sus haza\u00f1as, que no fueron pocas.<\/p>\n<p><strong>Texto e ilustraciones V\u00edctor Jos\u00e9 Palacios<\/strong><\/p>\n<p><strong>Libro con Realidad Aumentada, descarga la app aqu\u00ed:<\/strong><\/p>\n<p><a href=\"https:\/\/play.google.com\/store\/apps\/details?id=com.Resistencia.Tlacuache&amp;hl=es_MX\" target=\"_blank\" rel=\"noopener\"><img loading=\"lazy\" decoding=\"async\" class=\"size-full wp-image-1379 aligncenter\" src=\"https:\/\/editorialresistencia.com.mx\/tienda\/wp-content\/uploads\/2020\/07\/Tlacuache-2.png\" alt=\"\" width=\"360\" height=\"400\" srcset=\"https:\/\/editorialresistencia.com.mx\/tienda\/wp-content\/uploads\/2020\/07\/Tlacuache-2.png 360w, https:\/\/editorialresistencia.com.mx\/tienda\/wp-content\/uploads\/2020\/07\/Tlacuache-2-270x300.png 270w, https:\/\/editorialresistencia.com.mx\/tienda\/wp-content\/uploads\/2020\/07\/Tlacuache-2-131x145.png 131w, https:\/\/editorialresistencia.com.mx\/tienda\/wp-content\/uploads\/2020\/07\/Tlacuache-2-300x333.png 300w\" sizes=\"auto, (max-width: 360px) 100vw, 360px\" \/><\/a><\/p>\n<h3><a href=\"https:\/\/play.google.com\/store\/apps\/details?id=com.Resistencia.Tlacuache&amp;hl=es_MX\" target=\"_blank\" rel=\"noopener\">https:\/\/play.google.com\/store\/apps\/details?id=com.Resistencia.Tlacuache&amp;hl=es_MX<\/a><\/h3>\n<p>&nbsp;<\/p>\n","protected":false},"excerpt":{"rendered":"<p>El Tlacuache<br \/>\nfue un animal muy importante, se cuenta<br \/>\nque era un viejo sabio, alegre y&#8230; que fue \u00e9l quien<br \/>\nentreg\u00f3 el conocimiento a los humanos.<\/p>\n","protected":false},"author":1,"featured_media":50,"template":"","meta":[],"product_brand":[],"product_cat":[16,26,62,94],"product_tag":[17,18],"class_list":{"0":"post-49","1":"product","2":"type-product","3":"status-publish","4":"has-post-thumbnail","6":"product_cat-infantil","7":"product_cat-infantil-trilingue","8":"product_cat-novedades","9":"product_cat-realidad-aumentada","10":"product_tag-infantil","11":"product_tag-trilingue","12":"product_shipping_class-envio-terrestre","14":"first","15":"instock","16":"taxable","17":"shipping-taxable","18":"purchasable","19":"product-type-simple"},"yoast_head":"<!-- This site is optimized with the Yoast SEO plugin v27.5 - https:\/\/yoast.com\/product\/yoast-seo-wordpress\/ -->\n<title>El Tlacuache Aguamielero - Editorial Resistencia<\/title>\n<meta name=\"description\" content=\"El Tlacuache fue el primer animal que crearon los dioses, se cuenta que \u00e9l ense\u00f1\u00f3 a los humanos el arte de obtener el pulque. Libro triling\u00fce.\" \/>\n<meta name=\"robots\" content=\"index, follow, max-snippet:-1, max-image-preview:large, max-video-preview:-1\" \/>\n<link rel=\"canonical\" href=\"https:\/\/editorialresistencia.com.mx\/tienda\/producto\/el-tlacuache-aguamielero\/\" \/>\n<meta property=\"og:locale\" content=\"es_ES\" \/>\n<meta property=\"og:type\" content=\"article\" \/>\n<meta property=\"og:title\" content=\"El Tlacuache Aguamielero - Editorial Resistencia\" \/>\n<meta property=\"og:description\" content=\"El Tlacuache fue el primer animal que crearon los dioses, se cuenta que \u00e9l ense\u00f1\u00f3 a los humanos el arte de obtener el pulque. Libro triling\u00fce.\" \/>\n<meta property=\"og:url\" content=\"https:\/\/editorialresistencia.com.mx\/tienda\/producto\/el-tlacuache-aguamielero\/\" \/>\n<meta property=\"og:site_name\" content=\"Editorial Resistencia\" \/>\n<meta property=\"article:publisher\" content=\"https:\/\/www.facebook.com\/resistenciaeditorial\" \/>\n<meta property=\"article:modified_time\" content=\"2025-10-12T15:42:23+00:00\" \/>\n<meta property=\"og:image\" content=\"https:\/\/editorialresistencia.com.mx\/tienda\/wp-content\/uploads\/2020\/07\/El-Tlacuache-Aguamielero.jpg\" \/>\n\t<meta property=\"og:image:width\" content=\"720\" \/>\n\t<meta property=\"og:image:height\" content=\"960\" \/>\n\t<meta property=\"og:image:type\" content=\"image\/jpeg\" \/>\n<meta name=\"twitter:card\" content=\"summary_large_image\" \/>\n<meta name=\"twitter:site\" content=\"@edresistencia\" \/>\n<meta name=\"twitter:label1\" content=\"Tiempo de lectura\" \/>\n\t<meta name=\"twitter:data1\" content=\"1 minuto\" \/>\n<script type=\"application\/ld+json\" class=\"yoast-schema-graph\">{\"@context\":\"https:\\\/\\\/schema.org\",\"@graph\":[{\"@type\":\"WebPage\",\"@id\":\"https:\\\/\\\/editorialresistencia.com.mx\\\/tienda\\\/producto\\\/el-tlacuache-aguamielero\\\/\",\"url\":\"https:\\\/\\\/editorialresistencia.com.mx\\\/tienda\\\/producto\\\/el-tlacuache-aguamielero\\\/\",\"name\":\"El Tlacuache Aguamielero - Editorial Resistencia\",\"isPartOf\":{\"@id\":\"https:\\\/\\\/editorialresistencia.com.mx\\\/tienda\\\/#website\"},\"primaryImageOfPage\":{\"@id\":\"https:\\\/\\\/editorialresistencia.com.mx\\\/tienda\\\/producto\\\/el-tlacuache-aguamielero\\\/#primaryimage\"},\"image\":{\"@id\":\"https:\\\/\\\/editorialresistencia.com.mx\\\/tienda\\\/producto\\\/el-tlacuache-aguamielero\\\/#primaryimage\"},\"thumbnailUrl\":\"https:\\\/\\\/editorialresistencia.com.mx\\\/tienda\\\/wp-content\\\/uploads\\\/2020\\\/07\\\/El-Tlacuache-Aguamielero.jpg\",\"datePublished\":\"2020-07-30T00:10:05+00:00\",\"dateModified\":\"2025-10-12T15:42:23+00:00\",\"description\":\"El Tlacuache fue el primer animal que crearon los dioses, se cuenta que \u00e9l ense\u00f1\u00f3 a los humanos el arte de obtener el pulque. Libro triling\u00fce.\",\"breadcrumb\":{\"@id\":\"https:\\\/\\\/editorialresistencia.com.mx\\\/tienda\\\/producto\\\/el-tlacuache-aguamielero\\\/#breadcrumb\"},\"inLanguage\":\"es\",\"potentialAction\":[{\"@type\":\"ReadAction\",\"target\":[\"https:\\\/\\\/editorialresistencia.com.mx\\\/tienda\\\/producto\\\/el-tlacuache-aguamielero\\\/\"]}]},{\"@type\":\"ImageObject\",\"inLanguage\":\"es\",\"@id\":\"https:\\\/\\\/editorialresistencia.com.mx\\\/tienda\\\/producto\\\/el-tlacuache-aguamielero\\\/#primaryimage\",\"url\":\"https:\\\/\\\/editorialresistencia.com.mx\\\/tienda\\\/wp-content\\\/uploads\\\/2020\\\/07\\\/El-Tlacuache-Aguamielero.jpg\",\"contentUrl\":\"https:\\\/\\\/editorialresistencia.com.mx\\\/tienda\\\/wp-content\\\/uploads\\\/2020\\\/07\\\/El-Tlacuache-Aguamielero.jpg\",\"width\":720,\"height\":960},{\"@type\":\"BreadcrumbList\",\"@id\":\"https:\\\/\\\/editorialresistencia.com.mx\\\/tienda\\\/producto\\\/el-tlacuache-aguamielero\\\/#breadcrumb\",\"itemListElement\":[{\"@type\":\"ListItem\",\"position\":1,\"name\":\"Portada\",\"item\":\"https:\\\/\\\/editorialresistencia.com.mx\\\/tienda\\\/\"},{\"@type\":\"ListItem\",\"position\":2,\"name\":\"El Tlacuache Aguamielero\"}]},{\"@type\":\"WebSite\",\"@id\":\"https:\\\/\\\/editorialresistencia.com.mx\\\/tienda\\\/#website\",\"url\":\"https:\\\/\\\/editorialresistencia.com.mx\\\/tienda\\\/\",\"name\":\"Editorial Resistencia\",\"description\":\"Publicaci\u00f3n de libros infantiles triling\u00fces.\",\"publisher\":{\"@id\":\"https:\\\/\\\/editorialresistencia.com.mx\\\/tienda\\\/#organization\"},\"alternateName\":\"Publicaci\u00f3n de libros infantiles triling\u00fces.\",\"potentialAction\":[{\"@type\":\"SearchAction\",\"target\":{\"@type\":\"EntryPoint\",\"urlTemplate\":\"https:\\\/\\\/editorialresistencia.com.mx\\\/tienda\\\/?s={search_term_string}\"},\"query-input\":{\"@type\":\"PropertyValueSpecification\",\"valueRequired\":true,\"valueName\":\"search_term_string\"}}],\"inLanguage\":\"es\"},{\"@type\":\"Organization\",\"@id\":\"https:\\\/\\\/editorialresistencia.com.mx\\\/tienda\\\/#organization\",\"name\":\"Editorial Resistencia\",\"alternateName\":\"Publicaci\u00f3n de libros infantiles triling\u00fces.\",\"url\":\"https:\\\/\\\/editorialresistencia.com.mx\\\/tienda\\\/\",\"logo\":{\"@type\":\"ImageObject\",\"inLanguage\":\"es\",\"@id\":\"https:\\\/\\\/editorialresistencia.com.mx\\\/tienda\\\/#\\\/schema\\\/logo\\\/image\\\/\",\"url\":\"https:\\\/\\\/editorialresistencia.com.mx\\\/tienda\\\/wp-content\\\/uploads\\\/2024\\\/09\\\/Logo-Resistencia.jpg\",\"contentUrl\":\"https:\\\/\\\/editorialresistencia.com.mx\\\/tienda\\\/wp-content\\\/uploads\\\/2024\\\/09\\\/Logo-Resistencia.jpg\",\"width\":512,\"height\":512,\"caption\":\"Editorial Resistencia\"},\"image\":{\"@id\":\"https:\\\/\\\/editorialresistencia.com.mx\\\/tienda\\\/#\\\/schema\\\/logo\\\/image\\\/\"},\"sameAs\":[\"https:\\\/\\\/www.facebook.com\\\/resistenciaeditorial\",\"https:\\\/\\\/x.com\\\/edresistencia\"]}]}<\/script>\n<!-- \/ Yoast SEO plugin. -->","yoast_head_json":{"title":"El Tlacuache Aguamielero - Editorial Resistencia","description":"El Tlacuache fue el primer animal que crearon los dioses, se cuenta que \u00e9l ense\u00f1\u00f3 a los humanos el arte de obtener el pulque. Libro triling\u00fce.","robots":{"index":"index","follow":"follow","max-snippet":"max-snippet:-1","max-image-preview":"max-image-preview:large","max-video-preview":"max-video-preview:-1"},"canonical":"https:\/\/editorialresistencia.com.mx\/tienda\/producto\/el-tlacuache-aguamielero\/","og_locale":"es_ES","og_type":"article","og_title":"El Tlacuache Aguamielero - Editorial Resistencia","og_description":"El Tlacuache fue el primer animal que crearon los dioses, se cuenta que \u00e9l ense\u00f1\u00f3 a los humanos el arte de obtener el pulque. Libro triling\u00fce.","og_url":"https:\/\/editorialresistencia.com.mx\/tienda\/producto\/el-tlacuache-aguamielero\/","og_site_name":"Editorial Resistencia","article_publisher":"https:\/\/www.facebook.com\/resistenciaeditorial","article_modified_time":"2025-10-12T15:42:23+00:00","og_image":[{"width":720,"height":960,"url":"https:\/\/editorialresistencia.com.mx\/tienda\/wp-content\/uploads\/2020\/07\/El-Tlacuache-Aguamielero.jpg","type":"image\/jpeg"}],"twitter_card":"summary_large_image","twitter_site":"@edresistencia","twitter_misc":{"Tiempo de lectura":"1 minuto"},"schema":{"@context":"https:\/\/schema.org","@graph":[{"@type":"WebPage","@id":"https:\/\/editorialresistencia.com.mx\/tienda\/producto\/el-tlacuache-aguamielero\/","url":"https:\/\/editorialresistencia.com.mx\/tienda\/producto\/el-tlacuache-aguamielero\/","name":"El Tlacuache Aguamielero - Editorial Resistencia","isPartOf":{"@id":"https:\/\/editorialresistencia.com.mx\/tienda\/#website"},"primaryImageOfPage":{"@id":"https:\/\/editorialresistencia.com.mx\/tienda\/producto\/el-tlacuache-aguamielero\/#primaryimage"},"image":{"@id":"https:\/\/editorialresistencia.com.mx\/tienda\/producto\/el-tlacuache-aguamielero\/#primaryimage"},"thumbnailUrl":"https:\/\/editorialresistencia.com.mx\/tienda\/wp-content\/uploads\/2020\/07\/El-Tlacuache-Aguamielero.jpg","datePublished":"2020-07-30T00:10:05+00:00","dateModified":"2025-10-12T15:42:23+00:00","description":"El Tlacuache fue el primer animal que crearon los dioses, se cuenta que \u00e9l ense\u00f1\u00f3 a los humanos el arte de obtener el pulque. Libro triling\u00fce.","breadcrumb":{"@id":"https:\/\/editorialresistencia.com.mx\/tienda\/producto\/el-tlacuache-aguamielero\/#breadcrumb"},"inLanguage":"es","potentialAction":[{"@type":"ReadAction","target":["https:\/\/editorialresistencia.com.mx\/tienda\/producto\/el-tlacuache-aguamielero\/"]}]},{"@type":"ImageObject","inLanguage":"es","@id":"https:\/\/editorialresistencia.com.mx\/tienda\/producto\/el-tlacuache-aguamielero\/#primaryimage","url":"https:\/\/editorialresistencia.com.mx\/tienda\/wp-content\/uploads\/2020\/07\/El-Tlacuache-Aguamielero.jpg","contentUrl":"https:\/\/editorialresistencia.com.mx\/tienda\/wp-content\/uploads\/2020\/07\/El-Tlacuache-Aguamielero.jpg","width":720,"height":960},{"@type":"BreadcrumbList","@id":"https:\/\/editorialresistencia.com.mx\/tienda\/producto\/el-tlacuache-aguamielero\/#breadcrumb","itemListElement":[{"@type":"ListItem","position":1,"name":"Portada","item":"https:\/\/editorialresistencia.com.mx\/tienda\/"},{"@type":"ListItem","position":2,"name":"El Tlacuache Aguamielero"}]},{"@type":"WebSite","@id":"https:\/\/editorialresistencia.com.mx\/tienda\/#website","url":"https:\/\/editorialresistencia.com.mx\/tienda\/","name":"Editorial Resistencia","description":"Publicaci\u00f3n de libros infantiles triling\u00fces.","publisher":{"@id":"https:\/\/editorialresistencia.com.mx\/tienda\/#organization"},"alternateName":"Publicaci\u00f3n de libros infantiles triling\u00fces.","potentialAction":[{"@type":"SearchAction","target":{"@type":"EntryPoint","urlTemplate":"https:\/\/editorialresistencia.com.mx\/tienda\/?s={search_term_string}"},"query-input":{"@type":"PropertyValueSpecification","valueRequired":true,"valueName":"search_term_string"}}],"inLanguage":"es"},{"@type":"Organization","@id":"https:\/\/editorialresistencia.com.mx\/tienda\/#organization","name":"Editorial Resistencia","alternateName":"Publicaci\u00f3n de libros infantiles triling\u00fces.","url":"https:\/\/editorialresistencia.com.mx\/tienda\/","logo":{"@type":"ImageObject","inLanguage":"es","@id":"https:\/\/editorialresistencia.com.mx\/tienda\/#\/schema\/logo\/image\/","url":"https:\/\/editorialresistencia.com.mx\/tienda\/wp-content\/uploads\/2024\/09\/Logo-Resistencia.jpg","contentUrl":"https:\/\/editorialresistencia.com.mx\/tienda\/wp-content\/uploads\/2024\/09\/Logo-Resistencia.jpg","width":512,"height":512,"caption":"Editorial Resistencia"},"image":{"@id":"https:\/\/editorialresistencia.com.mx\/tienda\/#\/schema\/logo\/image\/"},"sameAs":["https:\/\/www.facebook.com\/resistenciaeditorial","https:\/\/x.com\/edresistencia"]}]}},"_links":{"self":[{"href":"https:\/\/editorialresistencia.com.mx\/tienda\/wp-json\/wp\/v2\/product\/49","targetHints":{"allow":["GET"]}}],"collection":[{"href":"https:\/\/editorialresistencia.com.mx\/tienda\/wp-json\/wp\/v2\/product"}],"about":[{"href":"https:\/\/editorialresistencia.com.mx\/tienda\/wp-json\/wp\/v2\/types\/product"}],"author":[{"embeddable":true,"href":"https:\/\/editorialresistencia.com.mx\/tienda\/wp-json\/wp\/v2\/users\/1"}],"wp:featuredmedia":[{"embeddable":true,"href":"https:\/\/editorialresistencia.com.mx\/tienda\/wp-json\/wp\/v2\/media\/50"}],"wp:attachment":[{"href":"https:\/\/editorialresistencia.com.mx\/tienda\/wp-json\/wp\/v2\/media?parent=49"}],"wp:term":[{"taxonomy":"product_brand","embeddable":true,"href":"https:\/\/editorialresistencia.com.mx\/tienda\/wp-json\/wp\/v2\/product_brand?post=49"},{"taxonomy":"product_cat","embeddable":true,"href":"https:\/\/editorialresistencia.com.mx\/tienda\/wp-json\/wp\/v2\/product_cat?post=49"},{"taxonomy":"product_tag","embeddable":true,"href":"https:\/\/editorialresistencia.com.mx\/tienda\/wp-json\/wp\/v2\/product_tag?post=49"}],"curies":[{"name":"wp","href":"https:\/\/api.w.org\/{rel}","templated":true}]}}