{"id":40,"date":"2020-07-29T23:57:14","date_gmt":"2020-07-29T23:57:14","guid":{"rendered":"https:\/\/editorialresistencia.com.mx\/tienda\/?post_type=product&#038;p=40"},"modified":"2025-10-12T09:43:34","modified_gmt":"2025-10-12T15:43:34","slug":"el-viaje-a-mictlan","status":"publish","type":"product","link":"https:\/\/editorialresistencia.com.mx\/tienda\/producto\/el-viaje-a-mictlan\/","title":{"rendered":"El viaje a Mictl\u00e1n"},"content":{"rendered":"<p>En el M\u00e9xico antiguo, cuando todav\u00eda no llegaban los espa\u00f1oles a nuestra tierra, se pensaba que al morir la gente llegaba al lugar llamado Mictlan, donde se descansa para siempre. Pero para llegar all\u00ed, se necesita pasar por nueve niveles.<\/p>\n<p>El norte es el rumbo del inframundo, un lugar lleno de pruebas que hay que superar para probar a Mictlantecuhtli y Mictlancihuatl que uno es digno de su protecci\u00f3n, pues ellos habr\u00e1n de cuidar el descanso de nuestras almas eternamente.<\/p>\n<p>El viaje comienza en esta tierra en la que vivimos, y el primer requisito para entrar en el mundo de los muertos es haber tenido una vida de trabajo honrado, una vez completada esa prueba contin\u00faa el viaje que durar\u00e1 cuatro a\u00f1os.<\/p>\n<p>Despu\u00e9s de morir, las personas se encuentran con un rio, que s\u00f3lo se puede cruzar con la ayuda de un perro rojo como Chichiton, que junto con su abuelo, emprender\u00e1 la aventura a este mundo de\u00a0 misterios y descanso eterno.<\/p>\n<p><strong>Ilustrado por V\u00edctor Palacios<\/strong><\/p>\n<p>Descarga la App de Realidad Aumentada en GooglePlay:<\/p>\n<p><a href=\"https:\/\/play.google.com\/store\/apps\/details?id=com.Opacho.elViajeAMictlan&amp;hl=es_MX\" target=\"_blank\" rel=\"noopener\"><img loading=\"lazy\" decoding=\"async\" class=\"size-full wp-image-1378 aligncenter\" src=\"https:\/\/editorialresistencia.com.mx\/tienda\/wp-content\/uploads\/2020\/07\/Mictlan-1.png\" alt=\"\" width=\"360\" height=\"400\" srcset=\"https:\/\/editorialresistencia.com.mx\/tienda\/wp-content\/uploads\/2020\/07\/Mictlan-1.png 360w, https:\/\/editorialresistencia.com.mx\/tienda\/wp-content\/uploads\/2020\/07\/Mictlan-1-270x300.png 270w, https:\/\/editorialresistencia.com.mx\/tienda\/wp-content\/uploads\/2020\/07\/Mictlan-1-131x145.png 131w, https:\/\/editorialresistencia.com.mx\/tienda\/wp-content\/uploads\/2020\/07\/Mictlan-1-300x333.png 300w\" sizes=\"auto, (max-width: 360px) 100vw, 360px\" \/><\/a><\/p>\n<h3><a href=\"https:\/\/play.google.com\/store\/apps\/details?id=com.Opacho.elViajeAMictlan&amp;hl=es_MX\" target=\"_blank\" rel=\"noopener\">https:\/\/play.google.com\/store\/apps\/details?id=com.Opacho.elViajeAMictlan&amp;hl=es_MX<\/a><\/h3>\n<p>&nbsp;<\/p>\n","protected":false},"excerpt":{"rendered":"<p>En el M\u00e9xico antiguo, cuando todav\u00eda no llegaban los espa\u00f1oles a nuestra tierra, se pensaba que al morir la gente llegaba al lugar llamado Mictlan, donde se descansa para siempre. Pero para llegar all\u00ed, se necesita pasar por nueve niveles.<\/p>\n<p>&nbsp;<\/p>\n","protected":false},"author":1,"featured_media":41,"template":"","meta":[],"product_brand":[],"product_cat":[16,26,94],"product_tag":[17,18],"class_list":{"0":"post-40","1":"product","2":"type-product","3":"status-publish","4":"has-post-thumbnail","6":"product_cat-infantil","7":"product_cat-infantil-trilingue","8":"product_cat-realidad-aumentada","9":"product_tag-infantil","10":"product_tag-trilingue","11":"product_shipping_class-envio-terrestre","13":"first","14":"instock","15":"taxable","16":"shipping-taxable","17":"purchasable","18":"product-type-simple"},"yoast_head":"<!-- This site is optimized with the Yoast SEO plugin v27.4 - https:\/\/yoast.com\/product\/yoast-seo-wordpress\/ -->\n<title>El viaje a Mictl\u00e1n - Editorial Resistencia<\/title>\n<meta name=\"description\" content=\"En el M\u00e9xico antiguo, cuando todav\u00eda no llegaban los espa\u00f1oles a nuestra tierra, se pensaba que al morir la gente llegaba al lugar llamado Mictlan.\" \/>\n<meta name=\"robots\" content=\"index, follow, max-snippet:-1, max-image-preview:large, max-video-preview:-1\" \/>\n<link rel=\"canonical\" href=\"https:\/\/editorialresistencia.com.mx\/tienda\/producto\/el-viaje-a-mictlan\/\" \/>\n<meta property=\"og:locale\" content=\"es_ES\" \/>\n<meta property=\"og:type\" content=\"article\" \/>\n<meta property=\"og:title\" content=\"El viaje a Mictl\u00e1n - Editorial Resistencia\" \/>\n<meta property=\"og:description\" content=\"En el M\u00e9xico antiguo, cuando todav\u00eda no llegaban los espa\u00f1oles a nuestra tierra, se pensaba que al morir la gente llegaba al lugar llamado Mictlan.\" \/>\n<meta property=\"og:url\" content=\"https:\/\/editorialresistencia.com.mx\/tienda\/producto\/el-viaje-a-mictlan\/\" \/>\n<meta property=\"og:site_name\" content=\"Editorial Resistencia\" \/>\n<meta property=\"article:publisher\" content=\"https:\/\/www.facebook.com\/resistenciaeditorial\" \/>\n<meta property=\"article:modified_time\" content=\"2025-10-12T15:43:34+00:00\" \/>\n<meta property=\"og:image\" content=\"https:\/\/editorialresistencia.com.mx\/tienda\/wp-content\/uploads\/2020\/07\/El-viaje-a-Mictlan.jpg\" \/>\n\t<meta property=\"og:image:width\" content=\"720\" \/>\n\t<meta property=\"og:image:height\" content=\"960\" \/>\n\t<meta property=\"og:image:type\" content=\"image\/jpeg\" \/>\n<meta name=\"twitter:card\" content=\"summary_large_image\" \/>\n<meta name=\"twitter:site\" content=\"@edresistencia\" \/>\n<meta name=\"twitter:label1\" content=\"Tiempo de lectura\" \/>\n\t<meta name=\"twitter:data1\" content=\"2 minutos\" \/>\n<script type=\"application\/ld+json\" class=\"yoast-schema-graph\">{\"@context\":\"https:\\\/\\\/schema.org\",\"@graph\":[{\"@type\":\"WebPage\",\"@id\":\"https:\\\/\\\/editorialresistencia.com.mx\\\/tienda\\\/producto\\\/el-viaje-a-mictlan\\\/\",\"url\":\"https:\\\/\\\/editorialresistencia.com.mx\\\/tienda\\\/producto\\\/el-viaje-a-mictlan\\\/\",\"name\":\"El viaje a Mictl\u00e1n - Editorial Resistencia\",\"isPartOf\":{\"@id\":\"https:\\\/\\\/editorialresistencia.com.mx\\\/tienda\\\/#website\"},\"primaryImageOfPage\":{\"@id\":\"https:\\\/\\\/editorialresistencia.com.mx\\\/tienda\\\/producto\\\/el-viaje-a-mictlan\\\/#primaryimage\"},\"image\":{\"@id\":\"https:\\\/\\\/editorialresistencia.com.mx\\\/tienda\\\/producto\\\/el-viaje-a-mictlan\\\/#primaryimage\"},\"thumbnailUrl\":\"https:\\\/\\\/editorialresistencia.com.mx\\\/tienda\\\/wp-content\\\/uploads\\\/2020\\\/07\\\/El-viaje-a-Mictlan.jpg\",\"datePublished\":\"2020-07-29T23:57:14+00:00\",\"dateModified\":\"2025-10-12T15:43:34+00:00\",\"description\":\"En el M\u00e9xico antiguo, cuando todav\u00eda no llegaban los espa\u00f1oles a nuestra tierra, se pensaba que al morir la gente llegaba al lugar llamado Mictlan.\",\"breadcrumb\":{\"@id\":\"https:\\\/\\\/editorialresistencia.com.mx\\\/tienda\\\/producto\\\/el-viaje-a-mictlan\\\/#breadcrumb\"},\"inLanguage\":\"es\",\"potentialAction\":[{\"@type\":\"ReadAction\",\"target\":[\"https:\\\/\\\/editorialresistencia.com.mx\\\/tienda\\\/producto\\\/el-viaje-a-mictlan\\\/\"]}]},{\"@type\":\"ImageObject\",\"inLanguage\":\"es\",\"@id\":\"https:\\\/\\\/editorialresistencia.com.mx\\\/tienda\\\/producto\\\/el-viaje-a-mictlan\\\/#primaryimage\",\"url\":\"https:\\\/\\\/editorialresistencia.com.mx\\\/tienda\\\/wp-content\\\/uploads\\\/2020\\\/07\\\/El-viaje-a-Mictlan.jpg\",\"contentUrl\":\"https:\\\/\\\/editorialresistencia.com.mx\\\/tienda\\\/wp-content\\\/uploads\\\/2020\\\/07\\\/El-viaje-a-Mictlan.jpg\",\"width\":720,\"height\":960},{\"@type\":\"BreadcrumbList\",\"@id\":\"https:\\\/\\\/editorialresistencia.com.mx\\\/tienda\\\/producto\\\/el-viaje-a-mictlan\\\/#breadcrumb\",\"itemListElement\":[{\"@type\":\"ListItem\",\"position\":1,\"name\":\"Portada\",\"item\":\"https:\\\/\\\/editorialresistencia.com.mx\\\/tienda\\\/\"},{\"@type\":\"ListItem\",\"position\":2,\"name\":\"El viaje a Mictl\u00e1n\"}]},{\"@type\":\"WebSite\",\"@id\":\"https:\\\/\\\/editorialresistencia.com.mx\\\/tienda\\\/#website\",\"url\":\"https:\\\/\\\/editorialresistencia.com.mx\\\/tienda\\\/\",\"name\":\"Editorial Resistencia\",\"description\":\"Publicaci\u00f3n de libros infantiles triling\u00fces.\",\"publisher\":{\"@id\":\"https:\\\/\\\/editorialresistencia.com.mx\\\/tienda\\\/#organization\"},\"alternateName\":\"Publicaci\u00f3n de libros infantiles triling\u00fces.\",\"potentialAction\":[{\"@type\":\"SearchAction\",\"target\":{\"@type\":\"EntryPoint\",\"urlTemplate\":\"https:\\\/\\\/editorialresistencia.com.mx\\\/tienda\\\/?s={search_term_string}\"},\"query-input\":{\"@type\":\"PropertyValueSpecification\",\"valueRequired\":true,\"valueName\":\"search_term_string\"}}],\"inLanguage\":\"es\"},{\"@type\":\"Organization\",\"@id\":\"https:\\\/\\\/editorialresistencia.com.mx\\\/tienda\\\/#organization\",\"name\":\"Editorial Resistencia\",\"alternateName\":\"Publicaci\u00f3n de libros infantiles triling\u00fces.\",\"url\":\"https:\\\/\\\/editorialresistencia.com.mx\\\/tienda\\\/\",\"logo\":{\"@type\":\"ImageObject\",\"inLanguage\":\"es\",\"@id\":\"https:\\\/\\\/editorialresistencia.com.mx\\\/tienda\\\/#\\\/schema\\\/logo\\\/image\\\/\",\"url\":\"https:\\\/\\\/editorialresistencia.com.mx\\\/tienda\\\/wp-content\\\/uploads\\\/2024\\\/09\\\/Logo-Resistencia.jpg\",\"contentUrl\":\"https:\\\/\\\/editorialresistencia.com.mx\\\/tienda\\\/wp-content\\\/uploads\\\/2024\\\/09\\\/Logo-Resistencia.jpg\",\"width\":512,\"height\":512,\"caption\":\"Editorial Resistencia\"},\"image\":{\"@id\":\"https:\\\/\\\/editorialresistencia.com.mx\\\/tienda\\\/#\\\/schema\\\/logo\\\/image\\\/\"},\"sameAs\":[\"https:\\\/\\\/www.facebook.com\\\/resistenciaeditorial\",\"https:\\\/\\\/x.com\\\/edresistencia\"]}]}<\/script>\n<!-- \/ Yoast SEO plugin. -->","yoast_head_json":{"title":"El viaje a Mictl\u00e1n - Editorial Resistencia","description":"En el M\u00e9xico antiguo, cuando todav\u00eda no llegaban los espa\u00f1oles a nuestra tierra, se pensaba que al morir la gente llegaba al lugar llamado Mictlan.","robots":{"index":"index","follow":"follow","max-snippet":"max-snippet:-1","max-image-preview":"max-image-preview:large","max-video-preview":"max-video-preview:-1"},"canonical":"https:\/\/editorialresistencia.com.mx\/tienda\/producto\/el-viaje-a-mictlan\/","og_locale":"es_ES","og_type":"article","og_title":"El viaje a Mictl\u00e1n - Editorial Resistencia","og_description":"En el M\u00e9xico antiguo, cuando todav\u00eda no llegaban los espa\u00f1oles a nuestra tierra, se pensaba que al morir la gente llegaba al lugar llamado Mictlan.","og_url":"https:\/\/editorialresistencia.com.mx\/tienda\/producto\/el-viaje-a-mictlan\/","og_site_name":"Editorial Resistencia","article_publisher":"https:\/\/www.facebook.com\/resistenciaeditorial","article_modified_time":"2025-10-12T15:43:34+00:00","og_image":[{"width":720,"height":960,"url":"https:\/\/editorialresistencia.com.mx\/tienda\/wp-content\/uploads\/2020\/07\/El-viaje-a-Mictlan.jpg","type":"image\/jpeg"}],"twitter_card":"summary_large_image","twitter_site":"@edresistencia","twitter_misc":{"Tiempo de lectura":"2 minutos"},"schema":{"@context":"https:\/\/schema.org","@graph":[{"@type":"WebPage","@id":"https:\/\/editorialresistencia.com.mx\/tienda\/producto\/el-viaje-a-mictlan\/","url":"https:\/\/editorialresistencia.com.mx\/tienda\/producto\/el-viaje-a-mictlan\/","name":"El viaje a Mictl\u00e1n - Editorial Resistencia","isPartOf":{"@id":"https:\/\/editorialresistencia.com.mx\/tienda\/#website"},"primaryImageOfPage":{"@id":"https:\/\/editorialresistencia.com.mx\/tienda\/producto\/el-viaje-a-mictlan\/#primaryimage"},"image":{"@id":"https:\/\/editorialresistencia.com.mx\/tienda\/producto\/el-viaje-a-mictlan\/#primaryimage"},"thumbnailUrl":"https:\/\/editorialresistencia.com.mx\/tienda\/wp-content\/uploads\/2020\/07\/El-viaje-a-Mictlan.jpg","datePublished":"2020-07-29T23:57:14+00:00","dateModified":"2025-10-12T15:43:34+00:00","description":"En el M\u00e9xico antiguo, cuando todav\u00eda no llegaban los espa\u00f1oles a nuestra tierra, se pensaba que al morir la gente llegaba al lugar llamado Mictlan.","breadcrumb":{"@id":"https:\/\/editorialresistencia.com.mx\/tienda\/producto\/el-viaje-a-mictlan\/#breadcrumb"},"inLanguage":"es","potentialAction":[{"@type":"ReadAction","target":["https:\/\/editorialresistencia.com.mx\/tienda\/producto\/el-viaje-a-mictlan\/"]}]},{"@type":"ImageObject","inLanguage":"es","@id":"https:\/\/editorialresistencia.com.mx\/tienda\/producto\/el-viaje-a-mictlan\/#primaryimage","url":"https:\/\/editorialresistencia.com.mx\/tienda\/wp-content\/uploads\/2020\/07\/El-viaje-a-Mictlan.jpg","contentUrl":"https:\/\/editorialresistencia.com.mx\/tienda\/wp-content\/uploads\/2020\/07\/El-viaje-a-Mictlan.jpg","width":720,"height":960},{"@type":"BreadcrumbList","@id":"https:\/\/editorialresistencia.com.mx\/tienda\/producto\/el-viaje-a-mictlan\/#breadcrumb","itemListElement":[{"@type":"ListItem","position":1,"name":"Portada","item":"https:\/\/editorialresistencia.com.mx\/tienda\/"},{"@type":"ListItem","position":2,"name":"El viaje a Mictl\u00e1n"}]},{"@type":"WebSite","@id":"https:\/\/editorialresistencia.com.mx\/tienda\/#website","url":"https:\/\/editorialresistencia.com.mx\/tienda\/","name":"Editorial Resistencia","description":"Publicaci\u00f3n de libros infantiles triling\u00fces.","publisher":{"@id":"https:\/\/editorialresistencia.com.mx\/tienda\/#organization"},"alternateName":"Publicaci\u00f3n de libros infantiles triling\u00fces.","potentialAction":[{"@type":"SearchAction","target":{"@type":"EntryPoint","urlTemplate":"https:\/\/editorialresistencia.com.mx\/tienda\/?s={search_term_string}"},"query-input":{"@type":"PropertyValueSpecification","valueRequired":true,"valueName":"search_term_string"}}],"inLanguage":"es"},{"@type":"Organization","@id":"https:\/\/editorialresistencia.com.mx\/tienda\/#organization","name":"Editorial Resistencia","alternateName":"Publicaci\u00f3n de libros infantiles triling\u00fces.","url":"https:\/\/editorialresistencia.com.mx\/tienda\/","logo":{"@type":"ImageObject","inLanguage":"es","@id":"https:\/\/editorialresistencia.com.mx\/tienda\/#\/schema\/logo\/image\/","url":"https:\/\/editorialresistencia.com.mx\/tienda\/wp-content\/uploads\/2024\/09\/Logo-Resistencia.jpg","contentUrl":"https:\/\/editorialresistencia.com.mx\/tienda\/wp-content\/uploads\/2024\/09\/Logo-Resistencia.jpg","width":512,"height":512,"caption":"Editorial Resistencia"},"image":{"@id":"https:\/\/editorialresistencia.com.mx\/tienda\/#\/schema\/logo\/image\/"},"sameAs":["https:\/\/www.facebook.com\/resistenciaeditorial","https:\/\/x.com\/edresistencia"]}]}},"_links":{"self":[{"href":"https:\/\/editorialresistencia.com.mx\/tienda\/wp-json\/wp\/v2\/product\/40","targetHints":{"allow":["GET"]}}],"collection":[{"href":"https:\/\/editorialresistencia.com.mx\/tienda\/wp-json\/wp\/v2\/product"}],"about":[{"href":"https:\/\/editorialresistencia.com.mx\/tienda\/wp-json\/wp\/v2\/types\/product"}],"author":[{"embeddable":true,"href":"https:\/\/editorialresistencia.com.mx\/tienda\/wp-json\/wp\/v2\/users\/1"}],"wp:featuredmedia":[{"embeddable":true,"href":"https:\/\/editorialresistencia.com.mx\/tienda\/wp-json\/wp\/v2\/media\/41"}],"wp:attachment":[{"href":"https:\/\/editorialresistencia.com.mx\/tienda\/wp-json\/wp\/v2\/media?parent=40"}],"wp:term":[{"taxonomy":"product_brand","embeddable":true,"href":"https:\/\/editorialresistencia.com.mx\/tienda\/wp-json\/wp\/v2\/product_brand?post=40"},{"taxonomy":"product_cat","embeddable":true,"href":"https:\/\/editorialresistencia.com.mx\/tienda\/wp-json\/wp\/v2\/product_cat?post=40"},{"taxonomy":"product_tag","embeddable":true,"href":"https:\/\/editorialresistencia.com.mx\/tienda\/wp-json\/wp\/v2\/product_tag?post=40"}],"curies":[{"name":"wp","href":"https:\/\/api.w.org\/{rel}","templated":true}]}}