{"id":367,"date":"2020-09-27T17:29:00","date_gmt":"2020-09-27T17:29:00","guid":{"rendered":"https:\/\/editorialresistencia.com.mx\/tienda\/?post_type=product&#038;p=367"},"modified":"2026-03-24T12:19:39","modified_gmt":"2026-03-24T18:19:39","slug":"a-duu-u-chi-jitdo-chintiy-dibaku","status":"publish","type":"product","link":"https:\/\/editorialresistencia.com.mx\/tienda\/producto\/a-duu-u-chi-jitdo-chintiy-dibaku\/","title":{"rendered":"A du\u2019u \u00fa. Chi jitd\u00f6 chintiy. DIBAKU"},"content":{"rendered":"<p>El cuicateco es una idioma tonal, es decir, el significado de las palabras cambian seg\u00fan la acentuaci\u00f3n que se le d\u00e9 a cada una, por ello a las adivinanzas las llaman \u201ctrabatonos\u201d porque al equivocarse pueden cambiar todo lo que se quiere decir. Los ni\u00f1os cuicatecos se divierten de esa manera con los trabatonos. En este libro aprender\u00e1s algunos secretos del cuicateco.<\/p>\n<p><strong>Ilustraciones: Josefina Larragoiti<\/strong><\/p>\n","protected":false},"excerpt":{"rendered":"<p>Adivinanzas y trabalenguas cuicuatecos. Cuicuatec Tiddles and Tone-Twisters.<\/p>\n","protected":false},"author":1,"featured_media":368,"template":"","meta":[],"product_brand":[],"product_cat":[16,26,62,94],"product_tag":[18],"class_list":{"0":"post-367","1":"product","2":"type-product","3":"status-publish","4":"has-post-thumbnail","6":"product_cat-infantil","7":"product_cat-infantil-trilingue","8":"product_cat-novedades","9":"product_cat-realidad-aumentada","10":"product_tag-trilingue","11":"product_shipping_class-envio-terrestre","13":"first","14":"instock","15":"taxable","16":"shipping-taxable","17":"purchasable","18":"product-type-simple"},"yoast_head":"<!-- This site is optimized with the Yoast SEO plugin v27.4 - https:\/\/yoast.com\/product\/yoast-seo-wordpress\/ -->\n<title>A du\u2019u \u00fa. Chi jitd\u00f6 chintiy. DIBAKU - Editorial Resistencia<\/title>\n<meta name=\"description\" content=\"Los ni\u00f1os cuicatecos se divierten de esa manera con los trabatonos. En este libro aprender\u00e1s algunos secretos del cuicateco.\" \/>\n<meta name=\"robots\" content=\"index, follow, max-snippet:-1, max-image-preview:large, max-video-preview:-1\" \/>\n<link rel=\"canonical\" href=\"https:\/\/editorialresistencia.com.mx\/tienda\/producto\/a-duu-u-chi-jitdo-chintiy-dibaku\/\" \/>\n<meta property=\"og:locale\" content=\"es_ES\" \/>\n<meta property=\"og:type\" content=\"article\" \/>\n<meta property=\"og:title\" content=\"A du\u2019u \u00fa. Chi jitd\u00f6 chintiy. DIBAKU - Editorial Resistencia\" \/>\n<meta property=\"og:description\" content=\"Los ni\u00f1os cuicatecos se divierten de esa manera con los trabatonos. En este libro aprender\u00e1s algunos secretos del cuicateco.\" \/>\n<meta property=\"og:url\" content=\"https:\/\/editorialresistencia.com.mx\/tienda\/producto\/a-duu-u-chi-jitdo-chintiy-dibaku\/\" \/>\n<meta property=\"og:site_name\" content=\"Editorial Resistencia\" \/>\n<meta property=\"article:publisher\" content=\"https:\/\/www.facebook.com\/resistenciaeditorial\" \/>\n<meta property=\"article:modified_time\" content=\"2026-03-24T18:19:39+00:00\" \/>\n<meta property=\"og:image\" content=\"https:\/\/editorialresistencia.com.mx\/tienda\/wp-content\/uploads\/2020\/09\/aduuu.jpg\" \/>\n\t<meta property=\"og:image:width\" content=\"953\" \/>\n\t<meta property=\"og:image:height\" content=\"960\" \/>\n\t<meta property=\"og:image:type\" content=\"image\/jpeg\" \/>\n<meta name=\"twitter:card\" content=\"summary_large_image\" \/>\n<meta name=\"twitter:site\" content=\"@edresistencia\" \/>\n<meta name=\"twitter:label1\" content=\"Tiempo de lectura\" \/>\n\t<meta name=\"twitter:data1\" content=\"1 minuto\" \/>\n<script type=\"application\/ld+json\" class=\"yoast-schema-graph\">{\"@context\":\"https:\\\/\\\/schema.org\",\"@graph\":[{\"@type\":\"WebPage\",\"@id\":\"https:\\\/\\\/editorialresistencia.com.mx\\\/tienda\\\/producto\\\/a-duu-u-chi-jitdo-chintiy-dibaku\\\/\",\"url\":\"https:\\\/\\\/editorialresistencia.com.mx\\\/tienda\\\/producto\\\/a-duu-u-chi-jitdo-chintiy-dibaku\\\/\",\"name\":\"A du\u2019u \u00fa. Chi jitd\u00f6 chintiy. DIBAKU - Editorial Resistencia\",\"isPartOf\":{\"@id\":\"https:\\\/\\\/editorialresistencia.com.mx\\\/tienda\\\/#website\"},\"primaryImageOfPage\":{\"@id\":\"https:\\\/\\\/editorialresistencia.com.mx\\\/tienda\\\/producto\\\/a-duu-u-chi-jitdo-chintiy-dibaku\\\/#primaryimage\"},\"image\":{\"@id\":\"https:\\\/\\\/editorialresistencia.com.mx\\\/tienda\\\/producto\\\/a-duu-u-chi-jitdo-chintiy-dibaku\\\/#primaryimage\"},\"thumbnailUrl\":\"https:\\\/\\\/editorialresistencia.com.mx\\\/tienda\\\/wp-content\\\/uploads\\\/2020\\\/09\\\/aduuu.jpg\",\"datePublished\":\"2020-09-27T17:29:00+00:00\",\"dateModified\":\"2026-03-24T18:19:39+00:00\",\"description\":\"Los ni\u00f1os cuicatecos se divierten de esa manera con los trabatonos. En este libro aprender\u00e1s algunos secretos del cuicateco.\",\"breadcrumb\":{\"@id\":\"https:\\\/\\\/editorialresistencia.com.mx\\\/tienda\\\/producto\\\/a-duu-u-chi-jitdo-chintiy-dibaku\\\/#breadcrumb\"},\"inLanguage\":\"es\",\"potentialAction\":[{\"@type\":\"ReadAction\",\"target\":[\"https:\\\/\\\/editorialresistencia.com.mx\\\/tienda\\\/producto\\\/a-duu-u-chi-jitdo-chintiy-dibaku\\\/\"]}]},{\"@type\":\"ImageObject\",\"inLanguage\":\"es\",\"@id\":\"https:\\\/\\\/editorialresistencia.com.mx\\\/tienda\\\/producto\\\/a-duu-u-chi-jitdo-chintiy-dibaku\\\/#primaryimage\",\"url\":\"https:\\\/\\\/editorialresistencia.com.mx\\\/tienda\\\/wp-content\\\/uploads\\\/2020\\\/09\\\/aduuu.jpg\",\"contentUrl\":\"https:\\\/\\\/editorialresistencia.com.mx\\\/tienda\\\/wp-content\\\/uploads\\\/2020\\\/09\\\/aduuu.jpg\",\"width\":953,\"height\":960},{\"@type\":\"BreadcrumbList\",\"@id\":\"https:\\\/\\\/editorialresistencia.com.mx\\\/tienda\\\/producto\\\/a-duu-u-chi-jitdo-chintiy-dibaku\\\/#breadcrumb\",\"itemListElement\":[{\"@type\":\"ListItem\",\"position\":1,\"name\":\"Portada\",\"item\":\"https:\\\/\\\/editorialresistencia.com.mx\\\/tienda\\\/\"},{\"@type\":\"ListItem\",\"position\":2,\"name\":\"A du\u2019u \u00fa. Chi jitd\u00f6 chintiy. DIBAKU\"}]},{\"@type\":\"WebSite\",\"@id\":\"https:\\\/\\\/editorialresistencia.com.mx\\\/tienda\\\/#website\",\"url\":\"https:\\\/\\\/editorialresistencia.com.mx\\\/tienda\\\/\",\"name\":\"Editorial Resistencia\",\"description\":\"Publicaci\u00f3n de libros infantiles triling\u00fces.\",\"publisher\":{\"@id\":\"https:\\\/\\\/editorialresistencia.com.mx\\\/tienda\\\/#organization\"},\"alternateName\":\"Publicaci\u00f3n de libros infantiles triling\u00fces.\",\"potentialAction\":[{\"@type\":\"SearchAction\",\"target\":{\"@type\":\"EntryPoint\",\"urlTemplate\":\"https:\\\/\\\/editorialresistencia.com.mx\\\/tienda\\\/?s={search_term_string}\"},\"query-input\":{\"@type\":\"PropertyValueSpecification\",\"valueRequired\":true,\"valueName\":\"search_term_string\"}}],\"inLanguage\":\"es\"},{\"@type\":\"Organization\",\"@id\":\"https:\\\/\\\/editorialresistencia.com.mx\\\/tienda\\\/#organization\",\"name\":\"Editorial Resistencia\",\"alternateName\":\"Publicaci\u00f3n de libros infantiles triling\u00fces.\",\"url\":\"https:\\\/\\\/editorialresistencia.com.mx\\\/tienda\\\/\",\"logo\":{\"@type\":\"ImageObject\",\"inLanguage\":\"es\",\"@id\":\"https:\\\/\\\/editorialresistencia.com.mx\\\/tienda\\\/#\\\/schema\\\/logo\\\/image\\\/\",\"url\":\"https:\\\/\\\/editorialresistencia.com.mx\\\/tienda\\\/wp-content\\\/uploads\\\/2024\\\/09\\\/Logo-Resistencia.jpg\",\"contentUrl\":\"https:\\\/\\\/editorialresistencia.com.mx\\\/tienda\\\/wp-content\\\/uploads\\\/2024\\\/09\\\/Logo-Resistencia.jpg\",\"width\":512,\"height\":512,\"caption\":\"Editorial Resistencia\"},\"image\":{\"@id\":\"https:\\\/\\\/editorialresistencia.com.mx\\\/tienda\\\/#\\\/schema\\\/logo\\\/image\\\/\"},\"sameAs\":[\"https:\\\/\\\/www.facebook.com\\\/resistenciaeditorial\",\"https:\\\/\\\/x.com\\\/edresistencia\"]}]}<\/script>\n<!-- \/ Yoast SEO plugin. -->","yoast_head_json":{"title":"A du\u2019u \u00fa. Chi jitd\u00f6 chintiy. DIBAKU - Editorial Resistencia","description":"Los ni\u00f1os cuicatecos se divierten de esa manera con los trabatonos. En este libro aprender\u00e1s algunos secretos del cuicateco.","robots":{"index":"index","follow":"follow","max-snippet":"max-snippet:-1","max-image-preview":"max-image-preview:large","max-video-preview":"max-video-preview:-1"},"canonical":"https:\/\/editorialresistencia.com.mx\/tienda\/producto\/a-duu-u-chi-jitdo-chintiy-dibaku\/","og_locale":"es_ES","og_type":"article","og_title":"A du\u2019u \u00fa. Chi jitd\u00f6 chintiy. DIBAKU - Editorial Resistencia","og_description":"Los ni\u00f1os cuicatecos se divierten de esa manera con los trabatonos. En este libro aprender\u00e1s algunos secretos del cuicateco.","og_url":"https:\/\/editorialresistencia.com.mx\/tienda\/producto\/a-duu-u-chi-jitdo-chintiy-dibaku\/","og_site_name":"Editorial Resistencia","article_publisher":"https:\/\/www.facebook.com\/resistenciaeditorial","article_modified_time":"2026-03-24T18:19:39+00:00","og_image":[{"width":953,"height":960,"url":"https:\/\/editorialresistencia.com.mx\/tienda\/wp-content\/uploads\/2020\/09\/aduuu.jpg","type":"image\/jpeg"}],"twitter_card":"summary_large_image","twitter_site":"@edresistencia","twitter_misc":{"Tiempo de lectura":"1 minuto"},"schema":{"@context":"https:\/\/schema.org","@graph":[{"@type":"WebPage","@id":"https:\/\/editorialresistencia.com.mx\/tienda\/producto\/a-duu-u-chi-jitdo-chintiy-dibaku\/","url":"https:\/\/editorialresistencia.com.mx\/tienda\/producto\/a-duu-u-chi-jitdo-chintiy-dibaku\/","name":"A du\u2019u \u00fa. Chi jitd\u00f6 chintiy. DIBAKU - Editorial Resistencia","isPartOf":{"@id":"https:\/\/editorialresistencia.com.mx\/tienda\/#website"},"primaryImageOfPage":{"@id":"https:\/\/editorialresistencia.com.mx\/tienda\/producto\/a-duu-u-chi-jitdo-chintiy-dibaku\/#primaryimage"},"image":{"@id":"https:\/\/editorialresistencia.com.mx\/tienda\/producto\/a-duu-u-chi-jitdo-chintiy-dibaku\/#primaryimage"},"thumbnailUrl":"https:\/\/editorialresistencia.com.mx\/tienda\/wp-content\/uploads\/2020\/09\/aduuu.jpg","datePublished":"2020-09-27T17:29:00+00:00","dateModified":"2026-03-24T18:19:39+00:00","description":"Los ni\u00f1os cuicatecos se divierten de esa manera con los trabatonos. En este libro aprender\u00e1s algunos secretos del cuicateco.","breadcrumb":{"@id":"https:\/\/editorialresistencia.com.mx\/tienda\/producto\/a-duu-u-chi-jitdo-chintiy-dibaku\/#breadcrumb"},"inLanguage":"es","potentialAction":[{"@type":"ReadAction","target":["https:\/\/editorialresistencia.com.mx\/tienda\/producto\/a-duu-u-chi-jitdo-chintiy-dibaku\/"]}]},{"@type":"ImageObject","inLanguage":"es","@id":"https:\/\/editorialresistencia.com.mx\/tienda\/producto\/a-duu-u-chi-jitdo-chintiy-dibaku\/#primaryimage","url":"https:\/\/editorialresistencia.com.mx\/tienda\/wp-content\/uploads\/2020\/09\/aduuu.jpg","contentUrl":"https:\/\/editorialresistencia.com.mx\/tienda\/wp-content\/uploads\/2020\/09\/aduuu.jpg","width":953,"height":960},{"@type":"BreadcrumbList","@id":"https:\/\/editorialresistencia.com.mx\/tienda\/producto\/a-duu-u-chi-jitdo-chintiy-dibaku\/#breadcrumb","itemListElement":[{"@type":"ListItem","position":1,"name":"Portada","item":"https:\/\/editorialresistencia.com.mx\/tienda\/"},{"@type":"ListItem","position":2,"name":"A du\u2019u \u00fa. Chi jitd\u00f6 chintiy. DIBAKU"}]},{"@type":"WebSite","@id":"https:\/\/editorialresistencia.com.mx\/tienda\/#website","url":"https:\/\/editorialresistencia.com.mx\/tienda\/","name":"Editorial Resistencia","description":"Publicaci\u00f3n de libros infantiles triling\u00fces.","publisher":{"@id":"https:\/\/editorialresistencia.com.mx\/tienda\/#organization"},"alternateName":"Publicaci\u00f3n de libros infantiles triling\u00fces.","potentialAction":[{"@type":"SearchAction","target":{"@type":"EntryPoint","urlTemplate":"https:\/\/editorialresistencia.com.mx\/tienda\/?s={search_term_string}"},"query-input":{"@type":"PropertyValueSpecification","valueRequired":true,"valueName":"search_term_string"}}],"inLanguage":"es"},{"@type":"Organization","@id":"https:\/\/editorialresistencia.com.mx\/tienda\/#organization","name":"Editorial Resistencia","alternateName":"Publicaci\u00f3n de libros infantiles triling\u00fces.","url":"https:\/\/editorialresistencia.com.mx\/tienda\/","logo":{"@type":"ImageObject","inLanguage":"es","@id":"https:\/\/editorialresistencia.com.mx\/tienda\/#\/schema\/logo\/image\/","url":"https:\/\/editorialresistencia.com.mx\/tienda\/wp-content\/uploads\/2024\/09\/Logo-Resistencia.jpg","contentUrl":"https:\/\/editorialresistencia.com.mx\/tienda\/wp-content\/uploads\/2024\/09\/Logo-Resistencia.jpg","width":512,"height":512,"caption":"Editorial Resistencia"},"image":{"@id":"https:\/\/editorialresistencia.com.mx\/tienda\/#\/schema\/logo\/image\/"},"sameAs":["https:\/\/www.facebook.com\/resistenciaeditorial","https:\/\/x.com\/edresistencia"]}]}},"_links":{"self":[{"href":"https:\/\/editorialresistencia.com.mx\/tienda\/wp-json\/wp\/v2\/product\/367","targetHints":{"allow":["GET"]}}],"collection":[{"href":"https:\/\/editorialresistencia.com.mx\/tienda\/wp-json\/wp\/v2\/product"}],"about":[{"href":"https:\/\/editorialresistencia.com.mx\/tienda\/wp-json\/wp\/v2\/types\/product"}],"author":[{"embeddable":true,"href":"https:\/\/editorialresistencia.com.mx\/tienda\/wp-json\/wp\/v2\/users\/1"}],"wp:featuredmedia":[{"embeddable":true,"href":"https:\/\/editorialresistencia.com.mx\/tienda\/wp-json\/wp\/v2\/media\/368"}],"wp:attachment":[{"href":"https:\/\/editorialresistencia.com.mx\/tienda\/wp-json\/wp\/v2\/media?parent=367"}],"wp:term":[{"taxonomy":"product_brand","embeddable":true,"href":"https:\/\/editorialresistencia.com.mx\/tienda\/wp-json\/wp\/v2\/product_brand?post=367"},{"taxonomy":"product_cat","embeddable":true,"href":"https:\/\/editorialresistencia.com.mx\/tienda\/wp-json\/wp\/v2\/product_cat?post=367"},{"taxonomy":"product_tag","embeddable":true,"href":"https:\/\/editorialresistencia.com.mx\/tienda\/wp-json\/wp\/v2\/product_tag?post=367"}],"curies":[{"name":"wp","href":"https:\/\/api.w.org\/{rel}","templated":true}]}}