{"id":251,"date":"2020-08-08T18:01:12","date_gmt":"2020-08-08T18:01:12","guid":{"rendered":"https:\/\/editorialresistencia.com.mx\/tienda\/producto\/flor-de-adrenalina\/"},"modified":"2021-11-08T20:51:17","modified_gmt":"2021-11-08T20:51:17","slug":"flor-de-adrenalina","status":"publish","type":"product","link":"https:\/\/editorialresistencia.com.mx\/tienda\/producto\/flor-de-adrenalina\/","title":{"rendered":"Flor de Adrenalina"},"content":{"rendered":"<p>\u00a1Buba regresa! Y lo hace acompa\u00f1ando a su legendario creador, Jos\u00e9 Quintero en Flor de Adrenalina, que resultar\u00e1 una sorpresa, pues Buba es ahora la gu\u00eda que nos lleva por los laberintos de una faceta que pocos conoc\u00edamos de Jos\u00e9 Quintero.<\/p>\n<p>\u201cUna ni\u00f1a se desliza de los barrios de Iztapalapa a cazar gandallas. Su voz es musical y transparente; algunas veces, utiliza con candor el lenguaje culto y las formas literarias del Siglo de Oro, pero en otras, va directo y no reh\u00faye el golpe, invirtiendo en ello un florido paquete de palabras que, de tan agudas e hirientes pueden flagelar, hasta lograr su depresi\u00f3n, al esp\u00edritu m\u00e1s duro, exitoso y pol\u00edticamente correcto.<\/p>\n<p>La Buba es una peque\u00f1a mes\u00edas urbana de resonancias g\u00f3ticas, es una criatura capaz de lidiar con los demonios de los sue\u00f1os con extra\u00f1a intensidad: juega con ellos, los vapulea, ilustra y domestica. Llegando el amanecer, despierta con un juguete en la mano, sin advertir su nocturna convivencia con las interrogantes sin soluci\u00f3n del mundo contempor\u00e1neo.\u00bb<br \/>\nV\u00edctor del Real<\/p>\n","protected":false},"excerpt":{"rendered":"<p>\u00a1Buba regresa! Y lo hace acompa\u00f1ando a su legendario creador, Jos\u00e9 Quintero en Flor de Adrenalina, que resultar\u00e1 una sorpresa, pues Buba es ahora la gu\u00eda que nos lleva por los laberintos de una faceta que pocos conoc\u00edamos de Jos\u00e9 Quintero.<\/p>\n<p>\u201cUna ni\u00f1a se desliza de los barrios de Iztapalapa a cazar gandallas. Su voz es musical y transparente; algunas veces, utiliza con candor el lenguaje culto y las formas literarias del Siglo de Oro, pero en otras, va directo y no reh\u00faye el golpe, invirtiendo en ello un florido paquete de palabras que, de tan agudas e hirientes pueden flagelar, hasta lograr su depresi\u00f3n, al esp\u00edritu m\u00e1s duro, exitoso y pol\u00edticamente correcto.<\/p>\n<p>La Buba es una peque\u00f1a mes\u00edas urbana de resonancias g\u00f3ticas, es una criatura capaz de lidiar con los demonios de los sue\u00f1os con extra\u00f1a intensidad: juega con ellos, los vapulea, ilustra y domestica. Llegando el amanecer, despierta con un juguete en la mano, sin advertir su nocturna convivencia con las interrogantes sin soluci\u00f3n del mundo contempor\u00e1neo.\u00bb<br \/>\nV\u00edctor del Real<\/p>\n","protected":false},"author":1,"featured_media":140,"template":"","meta":[],"product_brand":[],"product_cat":[41],"product_tag":[],"class_list":{"0":"post-251","1":"product","2":"type-product","3":"status-publish","4":"has-post-thumbnail","6":"product_cat-narrativa-grafica","7":"product_shipping_class-envio-terrestre","9":"first","10":"outofstock","11":"taxable","12":"shipping-taxable","13":"purchasable","14":"product-type-simple"},"yoast_head":"<!-- This site is optimized with the Yoast SEO plugin v27.5 - https:\/\/yoast.com\/product\/yoast-seo-wordpress\/ -->\n<title>Flor de Adrenalina - Editorial Resistencia<\/title>\n<meta name=\"description\" content=\"Flor de Adrenalina - Editorial Resistencia\" \/>\n<meta name=\"robots\" content=\"index, follow, max-snippet:-1, max-image-preview:large, max-video-preview:-1\" \/>\n<link rel=\"canonical\" href=\"https:\/\/editorialresistencia.com.mx\/tienda\/producto\/flor-de-adrenalina\/\" \/>\n<meta property=\"og:locale\" content=\"es_ES\" \/>\n<meta property=\"og:type\" content=\"article\" \/>\n<meta property=\"og:title\" content=\"Flor de Adrenalina - Editorial Resistencia\" \/>\n<meta property=\"og:description\" content=\"Flor de Adrenalina - Editorial Resistencia\" \/>\n<meta property=\"og:url\" content=\"https:\/\/editorialresistencia.com.mx\/tienda\/producto\/flor-de-adrenalina\/\" \/>\n<meta property=\"og:site_name\" content=\"Editorial Resistencia\" \/>\n<meta property=\"article:publisher\" content=\"https:\/\/www.facebook.com\/resistenciaeditorial\" \/>\n<meta property=\"article:modified_time\" content=\"2021-11-08T20:51:17+00:00\" \/>\n<meta property=\"og:image\" content=\"https:\/\/editorialresistencia.com.mx\/tienda\/wp-content\/uploads\/2020\/08\/Flor-de-Adrenalina.jpg\" \/>\n\t<meta property=\"og:image:width\" content=\"720\" \/>\n\t<meta property=\"og:image:height\" content=\"960\" \/>\n\t<meta property=\"og:image:type\" content=\"image\/jpeg\" \/>\n<meta name=\"twitter:card\" content=\"summary_large_image\" \/>\n<meta name=\"twitter:site\" content=\"@edresistencia\" \/>\n<meta name=\"twitter:label1\" content=\"Tiempo de lectura\" \/>\n\t<meta name=\"twitter:data1\" content=\"1 minuto\" \/>\n<script type=\"application\/ld+json\" class=\"yoast-schema-graph\">{\"@context\":\"https:\\\/\\\/schema.org\",\"@graph\":[{\"@type\":\"WebPage\",\"@id\":\"https:\\\/\\\/editorialresistencia.com.mx\\\/tienda\\\/producto\\\/flor-de-adrenalina\\\/\",\"url\":\"https:\\\/\\\/editorialresistencia.com.mx\\\/tienda\\\/producto\\\/flor-de-adrenalina\\\/\",\"name\":\"Flor de Adrenalina - Editorial Resistencia\",\"isPartOf\":{\"@id\":\"https:\\\/\\\/editorialresistencia.com.mx\\\/tienda\\\/#website\"},\"primaryImageOfPage\":{\"@id\":\"https:\\\/\\\/editorialresistencia.com.mx\\\/tienda\\\/producto\\\/flor-de-adrenalina\\\/#primaryimage\"},\"image\":{\"@id\":\"https:\\\/\\\/editorialresistencia.com.mx\\\/tienda\\\/producto\\\/flor-de-adrenalina\\\/#primaryimage\"},\"thumbnailUrl\":\"https:\\\/\\\/editorialresistencia.com.mx\\\/tienda\\\/wp-content\\\/uploads\\\/2020\\\/08\\\/Flor-de-Adrenalina.jpg\",\"datePublished\":\"2020-08-08T18:01:12+00:00\",\"dateModified\":\"2021-11-08T20:51:17+00:00\",\"description\":\"Flor de Adrenalina - Editorial Resistencia\",\"breadcrumb\":{\"@id\":\"https:\\\/\\\/editorialresistencia.com.mx\\\/tienda\\\/producto\\\/flor-de-adrenalina\\\/#breadcrumb\"},\"inLanguage\":\"es\",\"potentialAction\":[{\"@type\":\"ReadAction\",\"target\":[\"https:\\\/\\\/editorialresistencia.com.mx\\\/tienda\\\/producto\\\/flor-de-adrenalina\\\/\"]}]},{\"@type\":\"ImageObject\",\"inLanguage\":\"es\",\"@id\":\"https:\\\/\\\/editorialresistencia.com.mx\\\/tienda\\\/producto\\\/flor-de-adrenalina\\\/#primaryimage\",\"url\":\"https:\\\/\\\/editorialresistencia.com.mx\\\/tienda\\\/wp-content\\\/uploads\\\/2020\\\/08\\\/Flor-de-Adrenalina.jpg\",\"contentUrl\":\"https:\\\/\\\/editorialresistencia.com.mx\\\/tienda\\\/wp-content\\\/uploads\\\/2020\\\/08\\\/Flor-de-Adrenalina.jpg\",\"width\":720,\"height\":960},{\"@type\":\"BreadcrumbList\",\"@id\":\"https:\\\/\\\/editorialresistencia.com.mx\\\/tienda\\\/producto\\\/flor-de-adrenalina\\\/#breadcrumb\",\"itemListElement\":[{\"@type\":\"ListItem\",\"position\":1,\"name\":\"Portada\",\"item\":\"https:\\\/\\\/editorialresistencia.com.mx\\\/tienda\\\/\"},{\"@type\":\"ListItem\",\"position\":2,\"name\":\"Flor de Adrenalina\"}]},{\"@type\":\"WebSite\",\"@id\":\"https:\\\/\\\/editorialresistencia.com.mx\\\/tienda\\\/#website\",\"url\":\"https:\\\/\\\/editorialresistencia.com.mx\\\/tienda\\\/\",\"name\":\"Editorial Resistencia\",\"description\":\"Publicaci\u00f3n de libros infantiles triling\u00fces.\",\"publisher\":{\"@id\":\"https:\\\/\\\/editorialresistencia.com.mx\\\/tienda\\\/#organization\"},\"alternateName\":\"Publicaci\u00f3n de libros infantiles triling\u00fces.\",\"potentialAction\":[{\"@type\":\"SearchAction\",\"target\":{\"@type\":\"EntryPoint\",\"urlTemplate\":\"https:\\\/\\\/editorialresistencia.com.mx\\\/tienda\\\/?s={search_term_string}\"},\"query-input\":{\"@type\":\"PropertyValueSpecification\",\"valueRequired\":true,\"valueName\":\"search_term_string\"}}],\"inLanguage\":\"es\"},{\"@type\":\"Organization\",\"@id\":\"https:\\\/\\\/editorialresistencia.com.mx\\\/tienda\\\/#organization\",\"name\":\"Editorial Resistencia\",\"alternateName\":\"Publicaci\u00f3n de libros infantiles triling\u00fces.\",\"url\":\"https:\\\/\\\/editorialresistencia.com.mx\\\/tienda\\\/\",\"logo\":{\"@type\":\"ImageObject\",\"inLanguage\":\"es\",\"@id\":\"https:\\\/\\\/editorialresistencia.com.mx\\\/tienda\\\/#\\\/schema\\\/logo\\\/image\\\/\",\"url\":\"https:\\\/\\\/editorialresistencia.com.mx\\\/tienda\\\/wp-content\\\/uploads\\\/2024\\\/09\\\/Logo-Resistencia.jpg\",\"contentUrl\":\"https:\\\/\\\/editorialresistencia.com.mx\\\/tienda\\\/wp-content\\\/uploads\\\/2024\\\/09\\\/Logo-Resistencia.jpg\",\"width\":512,\"height\":512,\"caption\":\"Editorial Resistencia\"},\"image\":{\"@id\":\"https:\\\/\\\/editorialresistencia.com.mx\\\/tienda\\\/#\\\/schema\\\/logo\\\/image\\\/\"},\"sameAs\":[\"https:\\\/\\\/www.facebook.com\\\/resistenciaeditorial\",\"https:\\\/\\\/x.com\\\/edresistencia\"]}]}<\/script>\n<!-- \/ Yoast SEO plugin. -->","yoast_head_json":{"title":"Flor de Adrenalina - Editorial Resistencia","description":"Flor de Adrenalina - Editorial Resistencia","robots":{"index":"index","follow":"follow","max-snippet":"max-snippet:-1","max-image-preview":"max-image-preview:large","max-video-preview":"max-video-preview:-1"},"canonical":"https:\/\/editorialresistencia.com.mx\/tienda\/producto\/flor-de-adrenalina\/","og_locale":"es_ES","og_type":"article","og_title":"Flor de Adrenalina - Editorial Resistencia","og_description":"Flor de Adrenalina - Editorial Resistencia","og_url":"https:\/\/editorialresistencia.com.mx\/tienda\/producto\/flor-de-adrenalina\/","og_site_name":"Editorial Resistencia","article_publisher":"https:\/\/www.facebook.com\/resistenciaeditorial","article_modified_time":"2021-11-08T20:51:17+00:00","og_image":[{"width":720,"height":960,"url":"https:\/\/editorialresistencia.com.mx\/tienda\/wp-content\/uploads\/2020\/08\/Flor-de-Adrenalina.jpg","type":"image\/jpeg"}],"twitter_card":"summary_large_image","twitter_site":"@edresistencia","twitter_misc":{"Tiempo de lectura":"1 minuto"},"schema":{"@context":"https:\/\/schema.org","@graph":[{"@type":"WebPage","@id":"https:\/\/editorialresistencia.com.mx\/tienda\/producto\/flor-de-adrenalina\/","url":"https:\/\/editorialresistencia.com.mx\/tienda\/producto\/flor-de-adrenalina\/","name":"Flor de Adrenalina - Editorial Resistencia","isPartOf":{"@id":"https:\/\/editorialresistencia.com.mx\/tienda\/#website"},"primaryImageOfPage":{"@id":"https:\/\/editorialresistencia.com.mx\/tienda\/producto\/flor-de-adrenalina\/#primaryimage"},"image":{"@id":"https:\/\/editorialresistencia.com.mx\/tienda\/producto\/flor-de-adrenalina\/#primaryimage"},"thumbnailUrl":"https:\/\/editorialresistencia.com.mx\/tienda\/wp-content\/uploads\/2020\/08\/Flor-de-Adrenalina.jpg","datePublished":"2020-08-08T18:01:12+00:00","dateModified":"2021-11-08T20:51:17+00:00","description":"Flor de Adrenalina - Editorial Resistencia","breadcrumb":{"@id":"https:\/\/editorialresistencia.com.mx\/tienda\/producto\/flor-de-adrenalina\/#breadcrumb"},"inLanguage":"es","potentialAction":[{"@type":"ReadAction","target":["https:\/\/editorialresistencia.com.mx\/tienda\/producto\/flor-de-adrenalina\/"]}]},{"@type":"ImageObject","inLanguage":"es","@id":"https:\/\/editorialresistencia.com.mx\/tienda\/producto\/flor-de-adrenalina\/#primaryimage","url":"https:\/\/editorialresistencia.com.mx\/tienda\/wp-content\/uploads\/2020\/08\/Flor-de-Adrenalina.jpg","contentUrl":"https:\/\/editorialresistencia.com.mx\/tienda\/wp-content\/uploads\/2020\/08\/Flor-de-Adrenalina.jpg","width":720,"height":960},{"@type":"BreadcrumbList","@id":"https:\/\/editorialresistencia.com.mx\/tienda\/producto\/flor-de-adrenalina\/#breadcrumb","itemListElement":[{"@type":"ListItem","position":1,"name":"Portada","item":"https:\/\/editorialresistencia.com.mx\/tienda\/"},{"@type":"ListItem","position":2,"name":"Flor de Adrenalina"}]},{"@type":"WebSite","@id":"https:\/\/editorialresistencia.com.mx\/tienda\/#website","url":"https:\/\/editorialresistencia.com.mx\/tienda\/","name":"Editorial Resistencia","description":"Publicaci\u00f3n de libros infantiles triling\u00fces.","publisher":{"@id":"https:\/\/editorialresistencia.com.mx\/tienda\/#organization"},"alternateName":"Publicaci\u00f3n de libros infantiles triling\u00fces.","potentialAction":[{"@type":"SearchAction","target":{"@type":"EntryPoint","urlTemplate":"https:\/\/editorialresistencia.com.mx\/tienda\/?s={search_term_string}"},"query-input":{"@type":"PropertyValueSpecification","valueRequired":true,"valueName":"search_term_string"}}],"inLanguage":"es"},{"@type":"Organization","@id":"https:\/\/editorialresistencia.com.mx\/tienda\/#organization","name":"Editorial Resistencia","alternateName":"Publicaci\u00f3n de libros infantiles triling\u00fces.","url":"https:\/\/editorialresistencia.com.mx\/tienda\/","logo":{"@type":"ImageObject","inLanguage":"es","@id":"https:\/\/editorialresistencia.com.mx\/tienda\/#\/schema\/logo\/image\/","url":"https:\/\/editorialresistencia.com.mx\/tienda\/wp-content\/uploads\/2024\/09\/Logo-Resistencia.jpg","contentUrl":"https:\/\/editorialresistencia.com.mx\/tienda\/wp-content\/uploads\/2024\/09\/Logo-Resistencia.jpg","width":512,"height":512,"caption":"Editorial Resistencia"},"image":{"@id":"https:\/\/editorialresistencia.com.mx\/tienda\/#\/schema\/logo\/image\/"},"sameAs":["https:\/\/www.facebook.com\/resistenciaeditorial","https:\/\/x.com\/edresistencia"]}]}},"_links":{"self":[{"href":"https:\/\/editorialresistencia.com.mx\/tienda\/wp-json\/wp\/v2\/product\/251","targetHints":{"allow":["GET"]}}],"collection":[{"href":"https:\/\/editorialresistencia.com.mx\/tienda\/wp-json\/wp\/v2\/product"}],"about":[{"href":"https:\/\/editorialresistencia.com.mx\/tienda\/wp-json\/wp\/v2\/types\/product"}],"author":[{"embeddable":true,"href":"https:\/\/editorialresistencia.com.mx\/tienda\/wp-json\/wp\/v2\/users\/1"}],"wp:featuredmedia":[{"embeddable":true,"href":"https:\/\/editorialresistencia.com.mx\/tienda\/wp-json\/wp\/v2\/media\/140"}],"wp:attachment":[{"href":"https:\/\/editorialresistencia.com.mx\/tienda\/wp-json\/wp\/v2\/media?parent=251"}],"wp:term":[{"taxonomy":"product_brand","embeddable":true,"href":"https:\/\/editorialresistencia.com.mx\/tienda\/wp-json\/wp\/v2\/product_brand?post=251"},{"taxonomy":"product_cat","embeddable":true,"href":"https:\/\/editorialresistencia.com.mx\/tienda\/wp-json\/wp\/v2\/product_cat?post=251"},{"taxonomy":"product_tag","embeddable":true,"href":"https:\/\/editorialresistencia.com.mx\/tienda\/wp-json\/wp\/v2\/product_tag?post=251"}],"curies":[{"name":"wp","href":"https:\/\/api.w.org\/{rel}","templated":true}]}}