{"id":241,"date":"2020-08-08T18:01:12","date_gmt":"2020-08-08T18:01:12","guid":{"rendered":"https:\/\/editorialresistencia.com.mx\/tienda\/producto\/flores-de-mi-barrio\/"},"modified":"2021-11-08T20:51:16","modified_gmt":"2021-11-08T20:51:16","slug":"flores-de-mi-barrio","status":"publish","type":"product","link":"https:\/\/editorialresistencia.com.mx\/tienda\/producto\/flores-de-mi-barrio\/","title":{"rendered":"Flores de mi Barrio"},"content":{"rendered":"<p>El ilustrador mexicano Uriel P\u00e9rez habla sobre por qu\u00e9 eligi\u00f3 a el compositor mexicano Salvador Flores Rivera para hacer una novela gr\u00e1fica sobre su vida: \u201c\u00c9l es un personaje ic\u00f3nico para mi vida, crec\u00ed con su m\u00fasica, es uno de mis m\u00fasicos favoritos. Yo conozco a Chava Flores por mi mam\u00e1 y por mis abuelitos, ellos me lo presentaron con la m\u00fasica\u201d.<\/p>\n<p>\u201cEn enero se cumplen 100 a\u00f1os de su nacimiento, entonces este es un libro que preparamos con anticipaci\u00f3n para presentarles aqu\u00ed, habr\u00e1 tambi\u00e9n algunos eventos cuando sea la fecha del cumplea\u00f1os n\u00famero 100, su familia est\u00e1 preparando algo\u201d, agreg\u00f3 el ilustrador.<\/p>\n<p>Por \u00faltimo, Uriel P\u00e9rez habl\u00f3 sobre planes a futuro en sus proyectos: \u00abEl pr\u00f3ximo trabajo que me interesa es Chavela Vargas, y tambi\u00e9n me gustar\u00eda hacer otro tipo de historias, periodismo en c\u00f3mic ser\u00eda una\u00bb.<\/p>\n","protected":false},"excerpt":{"rendered":"<p>El ilustrador mexicano Uriel P\u00e9rez habla sobre por qu\u00e9 eligi\u00f3 a el compositor mexicano Salvador Flores Rivera para hacer una novela gr\u00e1fica sobre su vida: \u201c\u00c9l es un personaje ic\u00f3nico para mi vida, crec\u00ed con su m\u00fasica, es uno de mis m\u00fasicos favoritos. Yo conozco a Chava Flores por mi mam\u00e1 y por mis abuelitos, ellos me lo presentaron con la m\u00fasica\u201d.<\/p>\n<p>\u201cEn enero se cumplen 100 a\u00f1os de su nacimiento, entonces este es un libro que preparamos con anticipaci\u00f3n para presentarles aqu\u00ed, habr\u00e1 tambi\u00e9n algunos eventos cuando sea la fecha del cumplea\u00f1os n\u00famero 100, su familia est\u00e1 preparando algo\u201d, agreg\u00f3 el ilustrador.<\/p>\n<p>Por \u00faltimo, Uriel P\u00e9rez habl\u00f3 sobre planes a futuro en sus proyectos: \u00abEl pr\u00f3ximo trabajo que me interesa es Chavela Vargas, y tambi\u00e9n me gustar\u00eda hacer otro tipo de historias, periodismo en c\u00f3mic ser\u00eda una\u00bb.<\/p>\n","protected":false},"author":1,"featured_media":141,"template":"","meta":[],"product_brand":[],"product_cat":[78,41,62],"product_tag":[],"class_list":{"0":"post-241","1":"product","2":"type-product","3":"status-publish","4":"has-post-thumbnail","6":"product_cat-descuento","7":"product_cat-narrativa-grafica","8":"product_cat-novedades","9":"product_shipping_class-envio-terrestre","11":"first","12":"instock","13":"taxable","14":"shipping-taxable","15":"purchasable","16":"product-type-simple"},"yoast_head":"<!-- This site is optimized with the Yoast SEO plugin v27.4 - https:\/\/yoast.com\/product\/yoast-seo-wordpress\/ -->\n<title>Flores de mi Barrio - Editorial Resistencia<\/title>\n<meta name=\"description\" content=\"Flores de mi Barrio - Editorial Resistencia\" \/>\n<meta name=\"robots\" content=\"index, follow, max-snippet:-1, max-image-preview:large, max-video-preview:-1\" \/>\n<link rel=\"canonical\" href=\"https:\/\/editorialresistencia.com.mx\/tienda\/producto\/flores-de-mi-barrio\/\" \/>\n<meta property=\"og:locale\" content=\"es_ES\" \/>\n<meta property=\"og:type\" content=\"article\" \/>\n<meta property=\"og:title\" content=\"Flores de mi Barrio - Editorial Resistencia\" \/>\n<meta property=\"og:description\" content=\"Flores de mi Barrio - Editorial Resistencia\" \/>\n<meta property=\"og:url\" content=\"https:\/\/editorialresistencia.com.mx\/tienda\/producto\/flores-de-mi-barrio\/\" \/>\n<meta property=\"og:site_name\" content=\"Editorial Resistencia\" \/>\n<meta property=\"article:publisher\" content=\"https:\/\/www.facebook.com\/resistenciaeditorial\" \/>\n<meta property=\"article:modified_time\" content=\"2021-11-08T20:51:16+00:00\" \/>\n<meta property=\"og:image\" content=\"https:\/\/editorialresistencia.com.mx\/tienda\/wp-content\/uploads\/2020\/08\/Flores-de-mi-Barrio.jpg\" \/>\n\t<meta property=\"og:image:width\" content=\"720\" \/>\n\t<meta property=\"og:image:height\" content=\"960\" \/>\n\t<meta property=\"og:image:type\" content=\"image\/jpeg\" \/>\n<meta name=\"twitter:card\" content=\"summary_large_image\" \/>\n<meta name=\"twitter:site\" content=\"@edresistencia\" \/>\n<meta name=\"twitter:label1\" content=\"Tiempo de lectura\" \/>\n\t<meta name=\"twitter:data1\" content=\"1 minuto\" \/>\n<script type=\"application\/ld+json\" class=\"yoast-schema-graph\">{\"@context\":\"https:\\\/\\\/schema.org\",\"@graph\":[{\"@type\":\"WebPage\",\"@id\":\"https:\\\/\\\/editorialresistencia.com.mx\\\/tienda\\\/producto\\\/flores-de-mi-barrio\\\/\",\"url\":\"https:\\\/\\\/editorialresistencia.com.mx\\\/tienda\\\/producto\\\/flores-de-mi-barrio\\\/\",\"name\":\"Flores de mi Barrio - Editorial Resistencia\",\"isPartOf\":{\"@id\":\"https:\\\/\\\/editorialresistencia.com.mx\\\/tienda\\\/#website\"},\"primaryImageOfPage\":{\"@id\":\"https:\\\/\\\/editorialresistencia.com.mx\\\/tienda\\\/producto\\\/flores-de-mi-barrio\\\/#primaryimage\"},\"image\":{\"@id\":\"https:\\\/\\\/editorialresistencia.com.mx\\\/tienda\\\/producto\\\/flores-de-mi-barrio\\\/#primaryimage\"},\"thumbnailUrl\":\"https:\\\/\\\/editorialresistencia.com.mx\\\/tienda\\\/wp-content\\\/uploads\\\/2020\\\/08\\\/Flores-de-mi-Barrio.jpg\",\"datePublished\":\"2020-08-08T18:01:12+00:00\",\"dateModified\":\"2021-11-08T20:51:16+00:00\",\"description\":\"Flores de mi Barrio - Editorial Resistencia\",\"breadcrumb\":{\"@id\":\"https:\\\/\\\/editorialresistencia.com.mx\\\/tienda\\\/producto\\\/flores-de-mi-barrio\\\/#breadcrumb\"},\"inLanguage\":\"es\",\"potentialAction\":[{\"@type\":\"ReadAction\",\"target\":[\"https:\\\/\\\/editorialresistencia.com.mx\\\/tienda\\\/producto\\\/flores-de-mi-barrio\\\/\"]}]},{\"@type\":\"ImageObject\",\"inLanguage\":\"es\",\"@id\":\"https:\\\/\\\/editorialresistencia.com.mx\\\/tienda\\\/producto\\\/flores-de-mi-barrio\\\/#primaryimage\",\"url\":\"https:\\\/\\\/editorialresistencia.com.mx\\\/tienda\\\/wp-content\\\/uploads\\\/2020\\\/08\\\/Flores-de-mi-Barrio.jpg\",\"contentUrl\":\"https:\\\/\\\/editorialresistencia.com.mx\\\/tienda\\\/wp-content\\\/uploads\\\/2020\\\/08\\\/Flores-de-mi-Barrio.jpg\",\"width\":720,\"height\":960},{\"@type\":\"BreadcrumbList\",\"@id\":\"https:\\\/\\\/editorialresistencia.com.mx\\\/tienda\\\/producto\\\/flores-de-mi-barrio\\\/#breadcrumb\",\"itemListElement\":[{\"@type\":\"ListItem\",\"position\":1,\"name\":\"Portada\",\"item\":\"https:\\\/\\\/editorialresistencia.com.mx\\\/tienda\\\/\"},{\"@type\":\"ListItem\",\"position\":2,\"name\":\"Flores de mi Barrio\"}]},{\"@type\":\"WebSite\",\"@id\":\"https:\\\/\\\/editorialresistencia.com.mx\\\/tienda\\\/#website\",\"url\":\"https:\\\/\\\/editorialresistencia.com.mx\\\/tienda\\\/\",\"name\":\"Editorial Resistencia\",\"description\":\"Publicaci\u00f3n de libros infantiles triling\u00fces.\",\"publisher\":{\"@id\":\"https:\\\/\\\/editorialresistencia.com.mx\\\/tienda\\\/#organization\"},\"alternateName\":\"Publicaci\u00f3n de libros infantiles triling\u00fces.\",\"potentialAction\":[{\"@type\":\"SearchAction\",\"target\":{\"@type\":\"EntryPoint\",\"urlTemplate\":\"https:\\\/\\\/editorialresistencia.com.mx\\\/tienda\\\/?s={search_term_string}\"},\"query-input\":{\"@type\":\"PropertyValueSpecification\",\"valueRequired\":true,\"valueName\":\"search_term_string\"}}],\"inLanguage\":\"es\"},{\"@type\":\"Organization\",\"@id\":\"https:\\\/\\\/editorialresistencia.com.mx\\\/tienda\\\/#organization\",\"name\":\"Editorial Resistencia\",\"alternateName\":\"Publicaci\u00f3n de libros infantiles triling\u00fces.\",\"url\":\"https:\\\/\\\/editorialresistencia.com.mx\\\/tienda\\\/\",\"logo\":{\"@type\":\"ImageObject\",\"inLanguage\":\"es\",\"@id\":\"https:\\\/\\\/editorialresistencia.com.mx\\\/tienda\\\/#\\\/schema\\\/logo\\\/image\\\/\",\"url\":\"https:\\\/\\\/editorialresistencia.com.mx\\\/tienda\\\/wp-content\\\/uploads\\\/2024\\\/09\\\/Logo-Resistencia.jpg\",\"contentUrl\":\"https:\\\/\\\/editorialresistencia.com.mx\\\/tienda\\\/wp-content\\\/uploads\\\/2024\\\/09\\\/Logo-Resistencia.jpg\",\"width\":512,\"height\":512,\"caption\":\"Editorial Resistencia\"},\"image\":{\"@id\":\"https:\\\/\\\/editorialresistencia.com.mx\\\/tienda\\\/#\\\/schema\\\/logo\\\/image\\\/\"},\"sameAs\":[\"https:\\\/\\\/www.facebook.com\\\/resistenciaeditorial\",\"https:\\\/\\\/x.com\\\/edresistencia\"]}]}<\/script>\n<!-- \/ Yoast SEO plugin. -->","yoast_head_json":{"title":"Flores de mi Barrio - Editorial Resistencia","description":"Flores de mi Barrio - Editorial Resistencia","robots":{"index":"index","follow":"follow","max-snippet":"max-snippet:-1","max-image-preview":"max-image-preview:large","max-video-preview":"max-video-preview:-1"},"canonical":"https:\/\/editorialresistencia.com.mx\/tienda\/producto\/flores-de-mi-barrio\/","og_locale":"es_ES","og_type":"article","og_title":"Flores de mi Barrio - Editorial Resistencia","og_description":"Flores de mi Barrio - Editorial Resistencia","og_url":"https:\/\/editorialresistencia.com.mx\/tienda\/producto\/flores-de-mi-barrio\/","og_site_name":"Editorial Resistencia","article_publisher":"https:\/\/www.facebook.com\/resistenciaeditorial","article_modified_time":"2021-11-08T20:51:16+00:00","og_image":[{"width":720,"height":960,"url":"https:\/\/editorialresistencia.com.mx\/tienda\/wp-content\/uploads\/2020\/08\/Flores-de-mi-Barrio.jpg","type":"image\/jpeg"}],"twitter_card":"summary_large_image","twitter_site":"@edresistencia","twitter_misc":{"Tiempo de lectura":"1 minuto"},"schema":{"@context":"https:\/\/schema.org","@graph":[{"@type":"WebPage","@id":"https:\/\/editorialresistencia.com.mx\/tienda\/producto\/flores-de-mi-barrio\/","url":"https:\/\/editorialresistencia.com.mx\/tienda\/producto\/flores-de-mi-barrio\/","name":"Flores de mi Barrio - Editorial Resistencia","isPartOf":{"@id":"https:\/\/editorialresistencia.com.mx\/tienda\/#website"},"primaryImageOfPage":{"@id":"https:\/\/editorialresistencia.com.mx\/tienda\/producto\/flores-de-mi-barrio\/#primaryimage"},"image":{"@id":"https:\/\/editorialresistencia.com.mx\/tienda\/producto\/flores-de-mi-barrio\/#primaryimage"},"thumbnailUrl":"https:\/\/editorialresistencia.com.mx\/tienda\/wp-content\/uploads\/2020\/08\/Flores-de-mi-Barrio.jpg","datePublished":"2020-08-08T18:01:12+00:00","dateModified":"2021-11-08T20:51:16+00:00","description":"Flores de mi Barrio - Editorial Resistencia","breadcrumb":{"@id":"https:\/\/editorialresistencia.com.mx\/tienda\/producto\/flores-de-mi-barrio\/#breadcrumb"},"inLanguage":"es","potentialAction":[{"@type":"ReadAction","target":["https:\/\/editorialresistencia.com.mx\/tienda\/producto\/flores-de-mi-barrio\/"]}]},{"@type":"ImageObject","inLanguage":"es","@id":"https:\/\/editorialresistencia.com.mx\/tienda\/producto\/flores-de-mi-barrio\/#primaryimage","url":"https:\/\/editorialresistencia.com.mx\/tienda\/wp-content\/uploads\/2020\/08\/Flores-de-mi-Barrio.jpg","contentUrl":"https:\/\/editorialresistencia.com.mx\/tienda\/wp-content\/uploads\/2020\/08\/Flores-de-mi-Barrio.jpg","width":720,"height":960},{"@type":"BreadcrumbList","@id":"https:\/\/editorialresistencia.com.mx\/tienda\/producto\/flores-de-mi-barrio\/#breadcrumb","itemListElement":[{"@type":"ListItem","position":1,"name":"Portada","item":"https:\/\/editorialresistencia.com.mx\/tienda\/"},{"@type":"ListItem","position":2,"name":"Flores de mi Barrio"}]},{"@type":"WebSite","@id":"https:\/\/editorialresistencia.com.mx\/tienda\/#website","url":"https:\/\/editorialresistencia.com.mx\/tienda\/","name":"Editorial Resistencia","description":"Publicaci\u00f3n de libros infantiles triling\u00fces.","publisher":{"@id":"https:\/\/editorialresistencia.com.mx\/tienda\/#organization"},"alternateName":"Publicaci\u00f3n de libros infantiles triling\u00fces.","potentialAction":[{"@type":"SearchAction","target":{"@type":"EntryPoint","urlTemplate":"https:\/\/editorialresistencia.com.mx\/tienda\/?s={search_term_string}"},"query-input":{"@type":"PropertyValueSpecification","valueRequired":true,"valueName":"search_term_string"}}],"inLanguage":"es"},{"@type":"Organization","@id":"https:\/\/editorialresistencia.com.mx\/tienda\/#organization","name":"Editorial Resistencia","alternateName":"Publicaci\u00f3n de libros infantiles triling\u00fces.","url":"https:\/\/editorialresistencia.com.mx\/tienda\/","logo":{"@type":"ImageObject","inLanguage":"es","@id":"https:\/\/editorialresistencia.com.mx\/tienda\/#\/schema\/logo\/image\/","url":"https:\/\/editorialresistencia.com.mx\/tienda\/wp-content\/uploads\/2024\/09\/Logo-Resistencia.jpg","contentUrl":"https:\/\/editorialresistencia.com.mx\/tienda\/wp-content\/uploads\/2024\/09\/Logo-Resistencia.jpg","width":512,"height":512,"caption":"Editorial Resistencia"},"image":{"@id":"https:\/\/editorialresistencia.com.mx\/tienda\/#\/schema\/logo\/image\/"},"sameAs":["https:\/\/www.facebook.com\/resistenciaeditorial","https:\/\/x.com\/edresistencia"]}]}},"_links":{"self":[{"href":"https:\/\/editorialresistencia.com.mx\/tienda\/wp-json\/wp\/v2\/product\/241","targetHints":{"allow":["GET"]}}],"collection":[{"href":"https:\/\/editorialresistencia.com.mx\/tienda\/wp-json\/wp\/v2\/product"}],"about":[{"href":"https:\/\/editorialresistencia.com.mx\/tienda\/wp-json\/wp\/v2\/types\/product"}],"author":[{"embeddable":true,"href":"https:\/\/editorialresistencia.com.mx\/tienda\/wp-json\/wp\/v2\/users\/1"}],"wp:featuredmedia":[{"embeddable":true,"href":"https:\/\/editorialresistencia.com.mx\/tienda\/wp-json\/wp\/v2\/media\/141"}],"wp:attachment":[{"href":"https:\/\/editorialresistencia.com.mx\/tienda\/wp-json\/wp\/v2\/media?parent=241"}],"wp:term":[{"taxonomy":"product_brand","embeddable":true,"href":"https:\/\/editorialresistencia.com.mx\/tienda\/wp-json\/wp\/v2\/product_brand?post=241"},{"taxonomy":"product_cat","embeddable":true,"href":"https:\/\/editorialresistencia.com.mx\/tienda\/wp-json\/wp\/v2\/product_cat?post=241"},{"taxonomy":"product_tag","embeddable":true,"href":"https:\/\/editorialresistencia.com.mx\/tienda\/wp-json\/wp\/v2\/product_tag?post=241"}],"curies":[{"name":"wp","href":"https:\/\/api.w.org\/{rel}","templated":true}]}}