{"id":226,"date":"2020-08-08T18:01:10","date_gmt":"2020-08-08T18:01:10","guid":{"rendered":"https:\/\/editorialresistencia.com.mx\/tienda\/producto\/culpable-hasta-que-se-demuestre-lo-contrario\/"},"modified":"2021-11-08T20:51:16","modified_gmt":"2021-11-08T20:51:16","slug":"culpable-hasta-que-se-demuestre-lo-contrario","status":"publish","type":"product","link":"https:\/\/editorialresistencia.com.mx\/tienda\/producto\/culpable-hasta-que-se-demuestre-lo-contrario\/","title":{"rendered":"Culpable\u2026 Hasta que se demuestre lo contrario."},"content":{"rendered":"<p>Pienso al darme cuenta que ya no soy la misma persona. Si soy el mismo ser humano, los mismos sentimientos, los mismos valores, pero definitivamente mi personalidad ha cambiado debido a las circunstancias, las experiencias de la vida nos transforman, evolucionamos o retrocedemos. Es imposible que despu\u00e9s de lo que he vivido siga siendo la misma persona por lo menos mi nivel de seguridad ha cambiado, me puedo sentir inseguro, en un punto de vista desde el exterior ante la vulnerabilidad que nos ofrece un sistema corrupto, lleno de violencia y con una tasa de criminalidad tan alta. En otra perspectiva, digamos desde el interior me siento m\u00e1s seguro jam\u00e1s me hubiera imaginado la creatividad y la capacidad para resolver problemas o sobrellevarlos al menos ya que a\u00fan no se han resuelto \u00bfSer\u00e1 este el instinto de supervivencia y de conservaci\u00f3n? Por el momento trato de distraer mi mente en lo que llega el momento de entregarme y descubro lo poco preparado que estoy para este momento. \u00bfSer\u00e1 que estoy esperando que suceda un milagro?<\/p>\n<p>Jos\u00e9 Luis Medrano Ponce De Le\u00f3n<\/p>\n","protected":false},"excerpt":{"rendered":"<p>Pienso al darme cuenta que ya no soy la misma persona. Si soy el mismo ser humano, los mismos sentimientos, los mismos valores, pero definitivamente mi personalidad ha cambiado debido a las circunstancias, las experiencias de la vida nos transforman, evolucionamos o retrocedemos. Es imposible que despu\u00e9s de lo que he vivido siga siendo la misma persona por lo menos mi nivel de seguridad ha cambiado, me puedo sentir inseguro, en un punto de vista desde el exterior ante la vulnerabilidad que nos ofrece un sistema corrupto, lleno de violencia y con una tasa de criminalidad tan alta. En otra perspectiva, digamos desde el interior me siento m\u00e1s seguro jam\u00e1s me hubiera imaginado la creatividad y la capacidad para resolver problemas o sobrellevarlos al menos ya que a\u00fan no se han resuelto \u00bfSer\u00e1 este el instinto de supervivencia y de conservaci\u00f3n? Por el momento trato de distraer mi mente en lo que llega el momento de entregarme y descubro lo poco preparado que estoy para este momento. \u00bfSer\u00e1 que estoy esperando que suceda un milagro?<\/p>\n<p>Jos\u00e9 Luis Medrano Ponce De Le\u00f3n<\/p>\n","protected":false},"author":1,"featured_media":164,"template":"","meta":[],"product_brand":[],"product_cat":[62,39],"product_tag":[],"class_list":{"0":"post-226","1":"product","2":"type-product","3":"status-publish","4":"has-post-thumbnail","6":"product_cat-novedades","7":"product_cat-novela","8":"product_shipping_class-envio-terrestre","10":"first","11":"instock","12":"taxable","13":"shipping-taxable","14":"purchasable","15":"product-type-simple"},"yoast_head":"<!-- This site is optimized with the Yoast SEO plugin v27.4 - https:\/\/yoast.com\/product\/yoast-seo-wordpress\/ -->\n<title>Culpable\u2026 Hasta que se demuestre lo contrario. - Editorial Resistencia<\/title>\n<meta name=\"description\" content=\"Culpable\u2026 Hasta que se demuestre lo contrario. - Editorial Resistencia\" \/>\n<meta name=\"robots\" content=\"index, follow, max-snippet:-1, max-image-preview:large, max-video-preview:-1\" \/>\n<link rel=\"canonical\" href=\"https:\/\/editorialresistencia.com.mx\/tienda\/producto\/culpable-hasta-que-se-demuestre-lo-contrario\/\" \/>\n<meta property=\"og:locale\" content=\"es_ES\" \/>\n<meta property=\"og:type\" content=\"article\" \/>\n<meta property=\"og:title\" content=\"Culpable\u2026 Hasta que se demuestre lo contrario. - Editorial Resistencia\" \/>\n<meta property=\"og:description\" content=\"Culpable\u2026 Hasta que se demuestre lo contrario. - Editorial Resistencia\" \/>\n<meta property=\"og:url\" content=\"https:\/\/editorialresistencia.com.mx\/tienda\/producto\/culpable-hasta-que-se-demuestre-lo-contrario\/\" \/>\n<meta property=\"og:site_name\" content=\"Editorial Resistencia\" \/>\n<meta property=\"article:publisher\" content=\"https:\/\/www.facebook.com\/resistenciaeditorial\" \/>\n<meta property=\"article:modified_time\" content=\"2021-11-08T20:51:16+00:00\" \/>\n<meta property=\"og:image\" content=\"https:\/\/editorialresistencia.com.mx\/tienda\/wp-content\/uploads\/2020\/08\/Culpable-Hasta-que-se-demuestre-lo-contrario.jpg\" \/>\n\t<meta property=\"og:image:width\" content=\"720\" \/>\n\t<meta property=\"og:image:height\" content=\"960\" \/>\n\t<meta property=\"og:image:type\" content=\"image\/jpeg\" \/>\n<meta name=\"twitter:card\" content=\"summary_large_image\" \/>\n<meta name=\"twitter:site\" content=\"@edresistencia\" \/>\n<meta name=\"twitter:label1\" content=\"Tiempo de lectura\" \/>\n\t<meta name=\"twitter:data1\" content=\"1 minuto\" \/>\n<script type=\"application\/ld+json\" class=\"yoast-schema-graph\">{\"@context\":\"https:\\\/\\\/schema.org\",\"@graph\":[{\"@type\":\"WebPage\",\"@id\":\"https:\\\/\\\/editorialresistencia.com.mx\\\/tienda\\\/producto\\\/culpable-hasta-que-se-demuestre-lo-contrario\\\/\",\"url\":\"https:\\\/\\\/editorialresistencia.com.mx\\\/tienda\\\/producto\\\/culpable-hasta-que-se-demuestre-lo-contrario\\\/\",\"name\":\"Culpable\u2026 Hasta que se demuestre lo contrario. - Editorial Resistencia\",\"isPartOf\":{\"@id\":\"https:\\\/\\\/editorialresistencia.com.mx\\\/tienda\\\/#website\"},\"primaryImageOfPage\":{\"@id\":\"https:\\\/\\\/editorialresistencia.com.mx\\\/tienda\\\/producto\\\/culpable-hasta-que-se-demuestre-lo-contrario\\\/#primaryimage\"},\"image\":{\"@id\":\"https:\\\/\\\/editorialresistencia.com.mx\\\/tienda\\\/producto\\\/culpable-hasta-que-se-demuestre-lo-contrario\\\/#primaryimage\"},\"thumbnailUrl\":\"https:\\\/\\\/editorialresistencia.com.mx\\\/tienda\\\/wp-content\\\/uploads\\\/2020\\\/08\\\/Culpable-Hasta-que-se-demuestre-lo-contrario.jpg\",\"datePublished\":\"2020-08-08T18:01:10+00:00\",\"dateModified\":\"2021-11-08T20:51:16+00:00\",\"description\":\"Culpable\u2026 Hasta que se demuestre lo contrario. - Editorial Resistencia\",\"breadcrumb\":{\"@id\":\"https:\\\/\\\/editorialresistencia.com.mx\\\/tienda\\\/producto\\\/culpable-hasta-que-se-demuestre-lo-contrario\\\/#breadcrumb\"},\"inLanguage\":\"es\",\"potentialAction\":[{\"@type\":\"ReadAction\",\"target\":[\"https:\\\/\\\/editorialresistencia.com.mx\\\/tienda\\\/producto\\\/culpable-hasta-que-se-demuestre-lo-contrario\\\/\"]}]},{\"@type\":\"ImageObject\",\"inLanguage\":\"es\",\"@id\":\"https:\\\/\\\/editorialresistencia.com.mx\\\/tienda\\\/producto\\\/culpable-hasta-que-se-demuestre-lo-contrario\\\/#primaryimage\",\"url\":\"https:\\\/\\\/editorialresistencia.com.mx\\\/tienda\\\/wp-content\\\/uploads\\\/2020\\\/08\\\/Culpable-Hasta-que-se-demuestre-lo-contrario.jpg\",\"contentUrl\":\"https:\\\/\\\/editorialresistencia.com.mx\\\/tienda\\\/wp-content\\\/uploads\\\/2020\\\/08\\\/Culpable-Hasta-que-se-demuestre-lo-contrario.jpg\",\"width\":720,\"height\":960},{\"@type\":\"BreadcrumbList\",\"@id\":\"https:\\\/\\\/editorialresistencia.com.mx\\\/tienda\\\/producto\\\/culpable-hasta-que-se-demuestre-lo-contrario\\\/#breadcrumb\",\"itemListElement\":[{\"@type\":\"ListItem\",\"position\":1,\"name\":\"Portada\",\"item\":\"https:\\\/\\\/editorialresistencia.com.mx\\\/tienda\\\/\"},{\"@type\":\"ListItem\",\"position\":2,\"name\":\"Culpable\u2026 Hasta que se demuestre lo contrario.\"}]},{\"@type\":\"WebSite\",\"@id\":\"https:\\\/\\\/editorialresistencia.com.mx\\\/tienda\\\/#website\",\"url\":\"https:\\\/\\\/editorialresistencia.com.mx\\\/tienda\\\/\",\"name\":\"Editorial Resistencia\",\"description\":\"Publicaci\u00f3n de libros infantiles triling\u00fces.\",\"publisher\":{\"@id\":\"https:\\\/\\\/editorialresistencia.com.mx\\\/tienda\\\/#organization\"},\"alternateName\":\"Publicaci\u00f3n de libros infantiles triling\u00fces.\",\"potentialAction\":[{\"@type\":\"SearchAction\",\"target\":{\"@type\":\"EntryPoint\",\"urlTemplate\":\"https:\\\/\\\/editorialresistencia.com.mx\\\/tienda\\\/?s={search_term_string}\"},\"query-input\":{\"@type\":\"PropertyValueSpecification\",\"valueRequired\":true,\"valueName\":\"search_term_string\"}}],\"inLanguage\":\"es\"},{\"@type\":\"Organization\",\"@id\":\"https:\\\/\\\/editorialresistencia.com.mx\\\/tienda\\\/#organization\",\"name\":\"Editorial Resistencia\",\"alternateName\":\"Publicaci\u00f3n de libros infantiles triling\u00fces.\",\"url\":\"https:\\\/\\\/editorialresistencia.com.mx\\\/tienda\\\/\",\"logo\":{\"@type\":\"ImageObject\",\"inLanguage\":\"es\",\"@id\":\"https:\\\/\\\/editorialresistencia.com.mx\\\/tienda\\\/#\\\/schema\\\/logo\\\/image\\\/\",\"url\":\"https:\\\/\\\/editorialresistencia.com.mx\\\/tienda\\\/wp-content\\\/uploads\\\/2024\\\/09\\\/Logo-Resistencia.jpg\",\"contentUrl\":\"https:\\\/\\\/editorialresistencia.com.mx\\\/tienda\\\/wp-content\\\/uploads\\\/2024\\\/09\\\/Logo-Resistencia.jpg\",\"width\":512,\"height\":512,\"caption\":\"Editorial Resistencia\"},\"image\":{\"@id\":\"https:\\\/\\\/editorialresistencia.com.mx\\\/tienda\\\/#\\\/schema\\\/logo\\\/image\\\/\"},\"sameAs\":[\"https:\\\/\\\/www.facebook.com\\\/resistenciaeditorial\",\"https:\\\/\\\/x.com\\\/edresistencia\"]}]}<\/script>\n<!-- \/ Yoast SEO plugin. -->","yoast_head_json":{"title":"Culpable\u2026 Hasta que se demuestre lo contrario. - Editorial Resistencia","description":"Culpable\u2026 Hasta que se demuestre lo contrario. - Editorial Resistencia","robots":{"index":"index","follow":"follow","max-snippet":"max-snippet:-1","max-image-preview":"max-image-preview:large","max-video-preview":"max-video-preview:-1"},"canonical":"https:\/\/editorialresistencia.com.mx\/tienda\/producto\/culpable-hasta-que-se-demuestre-lo-contrario\/","og_locale":"es_ES","og_type":"article","og_title":"Culpable\u2026 Hasta que se demuestre lo contrario. - Editorial Resistencia","og_description":"Culpable\u2026 Hasta que se demuestre lo contrario. - Editorial Resistencia","og_url":"https:\/\/editorialresistencia.com.mx\/tienda\/producto\/culpable-hasta-que-se-demuestre-lo-contrario\/","og_site_name":"Editorial Resistencia","article_publisher":"https:\/\/www.facebook.com\/resistenciaeditorial","article_modified_time":"2021-11-08T20:51:16+00:00","og_image":[{"width":720,"height":960,"url":"https:\/\/editorialresistencia.com.mx\/tienda\/wp-content\/uploads\/2020\/08\/Culpable-Hasta-que-se-demuestre-lo-contrario.jpg","type":"image\/jpeg"}],"twitter_card":"summary_large_image","twitter_site":"@edresistencia","twitter_misc":{"Tiempo de lectura":"1 minuto"},"schema":{"@context":"https:\/\/schema.org","@graph":[{"@type":"WebPage","@id":"https:\/\/editorialresistencia.com.mx\/tienda\/producto\/culpable-hasta-que-se-demuestre-lo-contrario\/","url":"https:\/\/editorialresistencia.com.mx\/tienda\/producto\/culpable-hasta-que-se-demuestre-lo-contrario\/","name":"Culpable\u2026 Hasta que se demuestre lo contrario. - Editorial Resistencia","isPartOf":{"@id":"https:\/\/editorialresistencia.com.mx\/tienda\/#website"},"primaryImageOfPage":{"@id":"https:\/\/editorialresistencia.com.mx\/tienda\/producto\/culpable-hasta-que-se-demuestre-lo-contrario\/#primaryimage"},"image":{"@id":"https:\/\/editorialresistencia.com.mx\/tienda\/producto\/culpable-hasta-que-se-demuestre-lo-contrario\/#primaryimage"},"thumbnailUrl":"https:\/\/editorialresistencia.com.mx\/tienda\/wp-content\/uploads\/2020\/08\/Culpable-Hasta-que-se-demuestre-lo-contrario.jpg","datePublished":"2020-08-08T18:01:10+00:00","dateModified":"2021-11-08T20:51:16+00:00","description":"Culpable\u2026 Hasta que se demuestre lo contrario. - Editorial Resistencia","breadcrumb":{"@id":"https:\/\/editorialresistencia.com.mx\/tienda\/producto\/culpable-hasta-que-se-demuestre-lo-contrario\/#breadcrumb"},"inLanguage":"es","potentialAction":[{"@type":"ReadAction","target":["https:\/\/editorialresistencia.com.mx\/tienda\/producto\/culpable-hasta-que-se-demuestre-lo-contrario\/"]}]},{"@type":"ImageObject","inLanguage":"es","@id":"https:\/\/editorialresistencia.com.mx\/tienda\/producto\/culpable-hasta-que-se-demuestre-lo-contrario\/#primaryimage","url":"https:\/\/editorialresistencia.com.mx\/tienda\/wp-content\/uploads\/2020\/08\/Culpable-Hasta-que-se-demuestre-lo-contrario.jpg","contentUrl":"https:\/\/editorialresistencia.com.mx\/tienda\/wp-content\/uploads\/2020\/08\/Culpable-Hasta-que-se-demuestre-lo-contrario.jpg","width":720,"height":960},{"@type":"BreadcrumbList","@id":"https:\/\/editorialresistencia.com.mx\/tienda\/producto\/culpable-hasta-que-se-demuestre-lo-contrario\/#breadcrumb","itemListElement":[{"@type":"ListItem","position":1,"name":"Portada","item":"https:\/\/editorialresistencia.com.mx\/tienda\/"},{"@type":"ListItem","position":2,"name":"Culpable\u2026 Hasta que se demuestre lo contrario."}]},{"@type":"WebSite","@id":"https:\/\/editorialresistencia.com.mx\/tienda\/#website","url":"https:\/\/editorialresistencia.com.mx\/tienda\/","name":"Editorial Resistencia","description":"Publicaci\u00f3n de libros infantiles triling\u00fces.","publisher":{"@id":"https:\/\/editorialresistencia.com.mx\/tienda\/#organization"},"alternateName":"Publicaci\u00f3n de libros infantiles triling\u00fces.","potentialAction":[{"@type":"SearchAction","target":{"@type":"EntryPoint","urlTemplate":"https:\/\/editorialresistencia.com.mx\/tienda\/?s={search_term_string}"},"query-input":{"@type":"PropertyValueSpecification","valueRequired":true,"valueName":"search_term_string"}}],"inLanguage":"es"},{"@type":"Organization","@id":"https:\/\/editorialresistencia.com.mx\/tienda\/#organization","name":"Editorial Resistencia","alternateName":"Publicaci\u00f3n de libros infantiles triling\u00fces.","url":"https:\/\/editorialresistencia.com.mx\/tienda\/","logo":{"@type":"ImageObject","inLanguage":"es","@id":"https:\/\/editorialresistencia.com.mx\/tienda\/#\/schema\/logo\/image\/","url":"https:\/\/editorialresistencia.com.mx\/tienda\/wp-content\/uploads\/2024\/09\/Logo-Resistencia.jpg","contentUrl":"https:\/\/editorialresistencia.com.mx\/tienda\/wp-content\/uploads\/2024\/09\/Logo-Resistencia.jpg","width":512,"height":512,"caption":"Editorial Resistencia"},"image":{"@id":"https:\/\/editorialresistencia.com.mx\/tienda\/#\/schema\/logo\/image\/"},"sameAs":["https:\/\/www.facebook.com\/resistenciaeditorial","https:\/\/x.com\/edresistencia"]}]}},"_links":{"self":[{"href":"https:\/\/editorialresistencia.com.mx\/tienda\/wp-json\/wp\/v2\/product\/226","targetHints":{"allow":["GET"]}}],"collection":[{"href":"https:\/\/editorialresistencia.com.mx\/tienda\/wp-json\/wp\/v2\/product"}],"about":[{"href":"https:\/\/editorialresistencia.com.mx\/tienda\/wp-json\/wp\/v2\/types\/product"}],"author":[{"embeddable":true,"href":"https:\/\/editorialresistencia.com.mx\/tienda\/wp-json\/wp\/v2\/users\/1"}],"wp:featuredmedia":[{"embeddable":true,"href":"https:\/\/editorialresistencia.com.mx\/tienda\/wp-json\/wp\/v2\/media\/164"}],"wp:attachment":[{"href":"https:\/\/editorialresistencia.com.mx\/tienda\/wp-json\/wp\/v2\/media?parent=226"}],"wp:term":[{"taxonomy":"product_brand","embeddable":true,"href":"https:\/\/editorialresistencia.com.mx\/tienda\/wp-json\/wp\/v2\/product_brand?post=226"},{"taxonomy":"product_cat","embeddable":true,"href":"https:\/\/editorialresistencia.com.mx\/tienda\/wp-json\/wp\/v2\/product_cat?post=226"},{"taxonomy":"product_tag","embeddable":true,"href":"https:\/\/editorialresistencia.com.mx\/tienda\/wp-json\/wp\/v2\/product_tag?post=226"}],"curies":[{"name":"wp","href":"https:\/\/api.w.org\/{rel}","templated":true}]}}