{"id":22,"date":"2020-07-29T19:06:47","date_gmt":"2020-07-29T19:06:47","guid":{"rendered":"https:\/\/editorialresistencia.com.mx\/tienda\/?post_type=product&#038;p=22"},"modified":"2025-11-05T13:26:10","modified_gmt":"2025-11-05T19:26:10","slug":"el-viaje-a-la-casa-del-sol","status":"publish","type":"product","link":"https:\/\/editorialresistencia.com.mx\/tienda\/producto\/el-viaje-a-la-casa-del-sol\/","title":{"rendered":"El Viaje a la Casa del Sol"},"content":{"rendered":"<p>Dos colibr\u00edes guerreros, Huitzilin y Tlahuicole, se enfrentan en el campo de batalla de las Guerras Floridas, ah\u00ed dejan este mundo, el Tlaltipac, para iniciar su viaje hasta el cielo de los guerreros. En su viaje se enfrentar\u00e1n y lograr\u00e1n, juntos, vencer a hechiceros, monstruos y trampas para al fin llegar al m\u00e1s maravilloso de los cielos y conocer a la deidad Ometeotl el m\u00e1ximo honor al que pod\u00eda aspirar un noble ca\u00eddo en batalla.<\/p>\n<p>Ah\u00ed gracias a sus haza\u00f1as se les concede regresar al Tlaltipac como un nuevo ser, un nuevo guerrero.<\/p>\n<p><strong>Texto e ilustraciones: V\u00edctor Jos\u00e9 Palacios<\/strong><\/p>\n<h3>Descarga la App de Realidad Aumentada en GooglePlay:<\/h3>\n<p><a href=\"https:\/\/play.google.com\/store\/apps\/details?id=com.Resistencia.ElViajeALaCasaDelSol&amp;hl=es_MX\" target=\"_blank\" rel=\"noopener\"><img loading=\"lazy\" decoding=\"async\" class=\"size-full wp-image-1375 aligncenter\" src=\"https:\/\/editorialresistencia.com.mx\/tienda\/wp-content\/uploads\/2020\/07\/Casa-del-sol-2.png\" alt=\"\" width=\"360\" height=\"400\" srcset=\"https:\/\/editorialresistencia.com.mx\/tienda\/wp-content\/uploads\/2020\/07\/Casa-del-sol-2.png 360w, https:\/\/editorialresistencia.com.mx\/tienda\/wp-content\/uploads\/2020\/07\/Casa-del-sol-2-270x300.png 270w, https:\/\/editorialresistencia.com.mx\/tienda\/wp-content\/uploads\/2020\/07\/Casa-del-sol-2-131x145.png 131w, https:\/\/editorialresistencia.com.mx\/tienda\/wp-content\/uploads\/2020\/07\/Casa-del-sol-2-300x333.png 300w\" sizes=\"auto, (max-width: 360px) 100vw, 360px\" \/><\/a><\/p>\n<h3><a href=\"https:\/\/play.google.com\/store\/apps\/details?id=com.Resistencia.ElViajeALaCasaDelSol&amp;hl=es_MX\" target=\"_blank\" rel=\"noopener\">https:\/\/play.google.com\/store\/apps\/details?id=com.Resistencia.ElViajeALaCasaDelSol&amp;hl=es_MX<\/a><\/h3>\n<p>&nbsp;<\/p>\n<p>&nbsp;<\/p>\n<p>&nbsp;<\/p>\n<p>&nbsp;<\/p>\n","protected":false},"excerpt":{"rendered":"<p>\u2026Finalmente llegaron a Omeyohcan, el m\u00e1s alto de todos los cielos, all\u00ed habitaba Ometeotl, el dios dual, el dador de vida\u2026<br \/>\n\u2026uh ahcitoh ompa ?meyohcan, in ocachi cuauhtic in mochintin ?? in ilhuicatl, nepa chantia ?mete?tl, in te?tl in ?meyotl N?palnemohuani\u2026<br \/>\n&#8230; And so they reached Omeyohcan, the highest of all the skies, and the dwelling place of Ometeotl, the dual god, the giver of life\u2026<\/p>\n","protected":false},"author":1,"featured_media":23,"template":"","meta":[],"product_brand":[],"product_cat":[16,26,94],"product_tag":[17,18],"class_list":{"0":"post-22","1":"product","2":"type-product","3":"status-publish","4":"has-post-thumbnail","6":"product_cat-infantil","7":"product_cat-infantil-trilingue","8":"product_cat-realidad-aumentada","9":"product_tag-infantil","10":"product_tag-trilingue","11":"product_shipping_class-envio-terrestre","13":"first","14":"outofstock","15":"taxable","16":"shipping-taxable","17":"purchasable","18":"product-type-simple"},"yoast_head":"<!-- This site is optimized with the Yoast SEO plugin v27.4 - https:\/\/yoast.com\/product\/yoast-seo-wordpress\/ -->\n<title>El Viaje a la Casa del Sol - Editorial Resistencia<\/title>\n<meta name=\"description\" content=\"Libro trilingue de realidad aumentada que narra la aventura de dos colibr\u00edes guerreros, Huitzilin y Tlahuicole, se enfrentan en el campo de batalla,\" \/>\n<meta name=\"robots\" content=\"index, follow, max-snippet:-1, max-image-preview:large, max-video-preview:-1\" \/>\n<link rel=\"canonical\" href=\"https:\/\/editorialresistencia.com.mx\/tienda\/producto\/el-viaje-a-la-casa-del-sol\/\" \/>\n<meta property=\"og:locale\" content=\"es_ES\" \/>\n<meta property=\"og:type\" content=\"article\" \/>\n<meta property=\"og:title\" content=\"El Viaje a la Casa del Sol - Editorial Resistencia\" \/>\n<meta property=\"og:description\" content=\"Libro trilingue de realidad aumentada que narra la aventura de dos colibr\u00edes guerreros, Huitzilin y Tlahuicole, se enfrentan en el campo de batalla,\" \/>\n<meta property=\"og:url\" content=\"https:\/\/editorialresistencia.com.mx\/tienda\/producto\/el-viaje-a-la-casa-del-sol\/\" \/>\n<meta property=\"og:site_name\" content=\"Editorial Resistencia\" \/>\n<meta property=\"article:publisher\" content=\"https:\/\/www.facebook.com\/resistenciaeditorial\" \/>\n<meta property=\"article:modified_time\" content=\"2025-11-05T19:26:10+00:00\" \/>\n<meta property=\"og:image\" content=\"https:\/\/editorialresistencia.com.mx\/tienda\/wp-content\/uploads\/2020\/07\/viaje-a-la-casa-del-sol.jpg\" \/>\n\t<meta property=\"og:image:width\" content=\"720\" \/>\n\t<meta property=\"og:image:height\" content=\"960\" \/>\n\t<meta property=\"og:image:type\" content=\"image\/jpeg\" \/>\n<meta name=\"twitter:card\" content=\"summary_large_image\" \/>\n<meta name=\"twitter:site\" content=\"@edresistencia\" \/>\n<meta name=\"twitter:label1\" content=\"Tiempo de lectura\" \/>\n\t<meta name=\"twitter:data1\" content=\"1 minuto\" \/>\n<script type=\"application\/ld+json\" class=\"yoast-schema-graph\">{\"@context\":\"https:\\\/\\\/schema.org\",\"@graph\":[{\"@type\":\"WebPage\",\"@id\":\"https:\\\/\\\/editorialresistencia.com.mx\\\/tienda\\\/producto\\\/el-viaje-a-la-casa-del-sol\\\/\",\"url\":\"https:\\\/\\\/editorialresistencia.com.mx\\\/tienda\\\/producto\\\/el-viaje-a-la-casa-del-sol\\\/\",\"name\":\"El Viaje a la Casa del Sol - Editorial Resistencia\",\"isPartOf\":{\"@id\":\"https:\\\/\\\/editorialresistencia.com.mx\\\/tienda\\\/#website\"},\"primaryImageOfPage\":{\"@id\":\"https:\\\/\\\/editorialresistencia.com.mx\\\/tienda\\\/producto\\\/el-viaje-a-la-casa-del-sol\\\/#primaryimage\"},\"image\":{\"@id\":\"https:\\\/\\\/editorialresistencia.com.mx\\\/tienda\\\/producto\\\/el-viaje-a-la-casa-del-sol\\\/#primaryimage\"},\"thumbnailUrl\":\"https:\\\/\\\/editorialresistencia.com.mx\\\/tienda\\\/wp-content\\\/uploads\\\/2020\\\/07\\\/viaje-a-la-casa-del-sol.jpg\",\"datePublished\":\"2020-07-29T19:06:47+00:00\",\"dateModified\":\"2025-11-05T19:26:10+00:00\",\"description\":\"Libro trilingue de realidad aumentada que narra la aventura de dos colibr\u00edes guerreros, Huitzilin y Tlahuicole, se enfrentan en el campo de batalla,\",\"breadcrumb\":{\"@id\":\"https:\\\/\\\/editorialresistencia.com.mx\\\/tienda\\\/producto\\\/el-viaje-a-la-casa-del-sol\\\/#breadcrumb\"},\"inLanguage\":\"es\",\"potentialAction\":[{\"@type\":\"ReadAction\",\"target\":[\"https:\\\/\\\/editorialresistencia.com.mx\\\/tienda\\\/producto\\\/el-viaje-a-la-casa-del-sol\\\/\"]}]},{\"@type\":\"ImageObject\",\"inLanguage\":\"es\",\"@id\":\"https:\\\/\\\/editorialresistencia.com.mx\\\/tienda\\\/producto\\\/el-viaje-a-la-casa-del-sol\\\/#primaryimage\",\"url\":\"https:\\\/\\\/editorialresistencia.com.mx\\\/tienda\\\/wp-content\\\/uploads\\\/2020\\\/07\\\/viaje-a-la-casa-del-sol.jpg\",\"contentUrl\":\"https:\\\/\\\/editorialresistencia.com.mx\\\/tienda\\\/wp-content\\\/uploads\\\/2020\\\/07\\\/viaje-a-la-casa-del-sol.jpg\",\"width\":720,\"height\":960},{\"@type\":\"BreadcrumbList\",\"@id\":\"https:\\\/\\\/editorialresistencia.com.mx\\\/tienda\\\/producto\\\/el-viaje-a-la-casa-del-sol\\\/#breadcrumb\",\"itemListElement\":[{\"@type\":\"ListItem\",\"position\":1,\"name\":\"Portada\",\"item\":\"https:\\\/\\\/editorialresistencia.com.mx\\\/tienda\\\/\"},{\"@type\":\"ListItem\",\"position\":2,\"name\":\"El Viaje a la Casa del Sol\"}]},{\"@type\":\"WebSite\",\"@id\":\"https:\\\/\\\/editorialresistencia.com.mx\\\/tienda\\\/#website\",\"url\":\"https:\\\/\\\/editorialresistencia.com.mx\\\/tienda\\\/\",\"name\":\"Editorial Resistencia\",\"description\":\"Publicaci\u00f3n de libros infantiles triling\u00fces.\",\"publisher\":{\"@id\":\"https:\\\/\\\/editorialresistencia.com.mx\\\/tienda\\\/#organization\"},\"alternateName\":\"Publicaci\u00f3n de libros infantiles triling\u00fces.\",\"potentialAction\":[{\"@type\":\"SearchAction\",\"target\":{\"@type\":\"EntryPoint\",\"urlTemplate\":\"https:\\\/\\\/editorialresistencia.com.mx\\\/tienda\\\/?s={search_term_string}\"},\"query-input\":{\"@type\":\"PropertyValueSpecification\",\"valueRequired\":true,\"valueName\":\"search_term_string\"}}],\"inLanguage\":\"es\"},{\"@type\":\"Organization\",\"@id\":\"https:\\\/\\\/editorialresistencia.com.mx\\\/tienda\\\/#organization\",\"name\":\"Editorial Resistencia\",\"alternateName\":\"Publicaci\u00f3n de libros infantiles triling\u00fces.\",\"url\":\"https:\\\/\\\/editorialresistencia.com.mx\\\/tienda\\\/\",\"logo\":{\"@type\":\"ImageObject\",\"inLanguage\":\"es\",\"@id\":\"https:\\\/\\\/editorialresistencia.com.mx\\\/tienda\\\/#\\\/schema\\\/logo\\\/image\\\/\",\"url\":\"https:\\\/\\\/editorialresistencia.com.mx\\\/tienda\\\/wp-content\\\/uploads\\\/2024\\\/09\\\/Logo-Resistencia.jpg\",\"contentUrl\":\"https:\\\/\\\/editorialresistencia.com.mx\\\/tienda\\\/wp-content\\\/uploads\\\/2024\\\/09\\\/Logo-Resistencia.jpg\",\"width\":512,\"height\":512,\"caption\":\"Editorial Resistencia\"},\"image\":{\"@id\":\"https:\\\/\\\/editorialresistencia.com.mx\\\/tienda\\\/#\\\/schema\\\/logo\\\/image\\\/\"},\"sameAs\":[\"https:\\\/\\\/www.facebook.com\\\/resistenciaeditorial\",\"https:\\\/\\\/x.com\\\/edresistencia\"]}]}<\/script>\n<!-- \/ Yoast SEO plugin. -->","yoast_head_json":{"title":"El Viaje a la Casa del Sol - Editorial Resistencia","description":"Libro trilingue de realidad aumentada que narra la aventura de dos colibr\u00edes guerreros, Huitzilin y Tlahuicole, se enfrentan en el campo de batalla,","robots":{"index":"index","follow":"follow","max-snippet":"max-snippet:-1","max-image-preview":"max-image-preview:large","max-video-preview":"max-video-preview:-1"},"canonical":"https:\/\/editorialresistencia.com.mx\/tienda\/producto\/el-viaje-a-la-casa-del-sol\/","og_locale":"es_ES","og_type":"article","og_title":"El Viaje a la Casa del Sol - Editorial Resistencia","og_description":"Libro trilingue de realidad aumentada que narra la aventura de dos colibr\u00edes guerreros, Huitzilin y Tlahuicole, se enfrentan en el campo de batalla,","og_url":"https:\/\/editorialresistencia.com.mx\/tienda\/producto\/el-viaje-a-la-casa-del-sol\/","og_site_name":"Editorial Resistencia","article_publisher":"https:\/\/www.facebook.com\/resistenciaeditorial","article_modified_time":"2025-11-05T19:26:10+00:00","og_image":[{"width":720,"height":960,"url":"https:\/\/editorialresistencia.com.mx\/tienda\/wp-content\/uploads\/2020\/07\/viaje-a-la-casa-del-sol.jpg","type":"image\/jpeg"}],"twitter_card":"summary_large_image","twitter_site":"@edresistencia","twitter_misc":{"Tiempo de lectura":"1 minuto"},"schema":{"@context":"https:\/\/schema.org","@graph":[{"@type":"WebPage","@id":"https:\/\/editorialresistencia.com.mx\/tienda\/producto\/el-viaje-a-la-casa-del-sol\/","url":"https:\/\/editorialresistencia.com.mx\/tienda\/producto\/el-viaje-a-la-casa-del-sol\/","name":"El Viaje a la Casa del Sol - Editorial Resistencia","isPartOf":{"@id":"https:\/\/editorialresistencia.com.mx\/tienda\/#website"},"primaryImageOfPage":{"@id":"https:\/\/editorialresistencia.com.mx\/tienda\/producto\/el-viaje-a-la-casa-del-sol\/#primaryimage"},"image":{"@id":"https:\/\/editorialresistencia.com.mx\/tienda\/producto\/el-viaje-a-la-casa-del-sol\/#primaryimage"},"thumbnailUrl":"https:\/\/editorialresistencia.com.mx\/tienda\/wp-content\/uploads\/2020\/07\/viaje-a-la-casa-del-sol.jpg","datePublished":"2020-07-29T19:06:47+00:00","dateModified":"2025-11-05T19:26:10+00:00","description":"Libro trilingue de realidad aumentada que narra la aventura de dos colibr\u00edes guerreros, Huitzilin y Tlahuicole, se enfrentan en el campo de batalla,","breadcrumb":{"@id":"https:\/\/editorialresistencia.com.mx\/tienda\/producto\/el-viaje-a-la-casa-del-sol\/#breadcrumb"},"inLanguage":"es","potentialAction":[{"@type":"ReadAction","target":["https:\/\/editorialresistencia.com.mx\/tienda\/producto\/el-viaje-a-la-casa-del-sol\/"]}]},{"@type":"ImageObject","inLanguage":"es","@id":"https:\/\/editorialresistencia.com.mx\/tienda\/producto\/el-viaje-a-la-casa-del-sol\/#primaryimage","url":"https:\/\/editorialresistencia.com.mx\/tienda\/wp-content\/uploads\/2020\/07\/viaje-a-la-casa-del-sol.jpg","contentUrl":"https:\/\/editorialresistencia.com.mx\/tienda\/wp-content\/uploads\/2020\/07\/viaje-a-la-casa-del-sol.jpg","width":720,"height":960},{"@type":"BreadcrumbList","@id":"https:\/\/editorialresistencia.com.mx\/tienda\/producto\/el-viaje-a-la-casa-del-sol\/#breadcrumb","itemListElement":[{"@type":"ListItem","position":1,"name":"Portada","item":"https:\/\/editorialresistencia.com.mx\/tienda\/"},{"@type":"ListItem","position":2,"name":"El Viaje a la Casa del Sol"}]},{"@type":"WebSite","@id":"https:\/\/editorialresistencia.com.mx\/tienda\/#website","url":"https:\/\/editorialresistencia.com.mx\/tienda\/","name":"Editorial Resistencia","description":"Publicaci\u00f3n de libros infantiles triling\u00fces.","publisher":{"@id":"https:\/\/editorialresistencia.com.mx\/tienda\/#organization"},"alternateName":"Publicaci\u00f3n de libros infantiles triling\u00fces.","potentialAction":[{"@type":"SearchAction","target":{"@type":"EntryPoint","urlTemplate":"https:\/\/editorialresistencia.com.mx\/tienda\/?s={search_term_string}"},"query-input":{"@type":"PropertyValueSpecification","valueRequired":true,"valueName":"search_term_string"}}],"inLanguage":"es"},{"@type":"Organization","@id":"https:\/\/editorialresistencia.com.mx\/tienda\/#organization","name":"Editorial Resistencia","alternateName":"Publicaci\u00f3n de libros infantiles triling\u00fces.","url":"https:\/\/editorialresistencia.com.mx\/tienda\/","logo":{"@type":"ImageObject","inLanguage":"es","@id":"https:\/\/editorialresistencia.com.mx\/tienda\/#\/schema\/logo\/image\/","url":"https:\/\/editorialresistencia.com.mx\/tienda\/wp-content\/uploads\/2024\/09\/Logo-Resistencia.jpg","contentUrl":"https:\/\/editorialresistencia.com.mx\/tienda\/wp-content\/uploads\/2024\/09\/Logo-Resistencia.jpg","width":512,"height":512,"caption":"Editorial Resistencia"},"image":{"@id":"https:\/\/editorialresistencia.com.mx\/tienda\/#\/schema\/logo\/image\/"},"sameAs":["https:\/\/www.facebook.com\/resistenciaeditorial","https:\/\/x.com\/edresistencia"]}]}},"_links":{"self":[{"href":"https:\/\/editorialresistencia.com.mx\/tienda\/wp-json\/wp\/v2\/product\/22","targetHints":{"allow":["GET"]}}],"collection":[{"href":"https:\/\/editorialresistencia.com.mx\/tienda\/wp-json\/wp\/v2\/product"}],"about":[{"href":"https:\/\/editorialresistencia.com.mx\/tienda\/wp-json\/wp\/v2\/types\/product"}],"author":[{"embeddable":true,"href":"https:\/\/editorialresistencia.com.mx\/tienda\/wp-json\/wp\/v2\/users\/1"}],"wp:featuredmedia":[{"embeddable":true,"href":"https:\/\/editorialresistencia.com.mx\/tienda\/wp-json\/wp\/v2\/media\/23"}],"wp:attachment":[{"href":"https:\/\/editorialresistencia.com.mx\/tienda\/wp-json\/wp\/v2\/media?parent=22"}],"wp:term":[{"taxonomy":"product_brand","embeddable":true,"href":"https:\/\/editorialresistencia.com.mx\/tienda\/wp-json\/wp\/v2\/product_brand?post=22"},{"taxonomy":"product_cat","embeddable":true,"href":"https:\/\/editorialresistencia.com.mx\/tienda\/wp-json\/wp\/v2\/product_cat?post=22"},{"taxonomy":"product_tag","embeddable":true,"href":"https:\/\/editorialresistencia.com.mx\/tienda\/wp-json\/wp\/v2\/product_tag?post=22"}],"curies":[{"name":"wp","href":"https:\/\/api.w.org\/{rel}","templated":true}]}}