{"id":208,"date":"2020-08-08T18:01:08","date_gmt":"2020-08-08T18:01:08","guid":{"rendered":"https:\/\/editorialresistencia.com.mx\/tienda\/producto\/museo-de-antropologia\/"},"modified":"2022-10-13T04:15:29","modified_gmt":"2022-10-13T04:15:29","slug":"museo-de-antropologia","status":"publish","type":"product","link":"https:\/\/editorialresistencia.com.mx\/tienda\/producto\/museo-de-antropologia\/","title":{"rendered":"Museo de Antropolog\u00eda"},"content":{"rendered":"<p>Museo de antropolog\u00eda es la m\u00e1s reciente obra de Erik Mart\u00ednez, talentoso y prol\u00edfico escritor mexicano. En esta ocasi\u00f3n recorreremos un museo-librocon sus cuentos-objetos que se encuentran en todas las p\u00e1ginas. Entrar a este museo es adentrarse en un lugar de paisajes on\u00edricos,un mundo que se parece mucho a todos los lugares y, a veces, a nuestro pa\u00eds. Erik Mart\u00ednez, adem\u00e1s, sigue construyendoese novedoso lenguaje que lo caracterizapor medio del cual sus personajes, como sucede de forma maravillosa en los sue\u00f1os, de pronto y sin aviso podr\u00e1n metamorfosearse. Personajes que se quedar\u00e1n como esos rostros so\u00f1ados que siempre llevamos en el alma esperando encontrarlos en la vida real. Por supuesto, esas y otras maravillas encontrar\u00e1n en este museo, pero eso les toca descubrirlo a ustedes, los lectores. Aldo Alba.<\/p>\n","protected":false},"excerpt":{"rendered":"<p>Museo de antropolog\u00eda es la m\u00e1s reciente obra de Erik Mart\u00ednez, talentoso y prol\u00edfico escritor mexicano. En esta ocasi\u00f3n recorreremos un museo-librocon sus cuentos-objetos que se encuentran en todas las p\u00e1ginas. Entrar a este museo es adentrarse en un lugar de paisajes on\u00edricos,un mundo que se parece mucho a todos los lugares y, a veces, a nuestro pa\u00eds. Erik Mart\u00ednez, adem\u00e1s, sigue construyendoese novedoso lenguaje que lo caracterizapor medio del cual sus personajes, como sucede de forma maravillosa en los sue\u00f1os, de pronto y sin aviso podr\u00e1n metamorfosearse. Personajes que se quedar\u00e1n como esos rostros so\u00f1ados que siempre llevamos en el alma esperando encontrarlos en la vida real. Por supuesto, esas y otras maravillas encontrar\u00e1n en este museo, pero eso les toca descubrirlo a ustedes, los lectores. Aldo Alba.<\/p>\n","protected":false},"author":1,"featured_media":91,"template":"","meta":[],"product_brand":[],"product_cat":[33],"product_tag":[],"class_list":{"0":"post-208","1":"product","2":"type-product","3":"status-publish","4":"has-post-thumbnail","6":"product_cat-cuento","7":"product_shipping_class-envio-terrestre","9":"first","10":"instock","11":"taxable","12":"shipping-taxable","13":"purchasable","14":"product-type-simple"},"yoast_head":"<!-- This site is optimized with the Yoast SEO plugin v27.5 - https:\/\/yoast.com\/product\/yoast-seo-wordpress\/ -->\n<title>Museo de Antropolog\u00eda - Editorial Resistencia<\/title>\n<meta name=\"description\" content=\"Museo de Antropolog\u00eda - Editorial Resistencia\" \/>\n<meta name=\"robots\" content=\"index, follow, max-snippet:-1, max-image-preview:large, max-video-preview:-1\" \/>\n<link rel=\"canonical\" href=\"https:\/\/editorialresistencia.com.mx\/tienda\/producto\/museo-de-antropologia\/\" \/>\n<meta property=\"og:locale\" content=\"es_ES\" \/>\n<meta property=\"og:type\" content=\"article\" \/>\n<meta property=\"og:title\" content=\"Museo de Antropolog\u00eda - Editorial Resistencia\" \/>\n<meta property=\"og:description\" content=\"Museo de Antropolog\u00eda - Editorial Resistencia\" \/>\n<meta property=\"og:url\" content=\"https:\/\/editorialresistencia.com.mx\/tienda\/producto\/museo-de-antropologia\/\" \/>\n<meta property=\"og:site_name\" content=\"Editorial Resistencia\" \/>\n<meta property=\"article:publisher\" content=\"https:\/\/www.facebook.com\/resistenciaeditorial\" \/>\n<meta property=\"article:modified_time\" content=\"2022-10-13T04:15:29+00:00\" \/>\n<meta property=\"og:image\" content=\"https:\/\/editorialresistencia.com.mx\/tienda\/wp-content\/uploads\/2020\/08\/Museo-de-Antropologia.jpg\" \/>\n\t<meta property=\"og:image:width\" content=\"720\" \/>\n\t<meta property=\"og:image:height\" content=\"960\" \/>\n\t<meta property=\"og:image:type\" content=\"image\/jpeg\" \/>\n<meta name=\"twitter:card\" content=\"summary_large_image\" \/>\n<meta name=\"twitter:site\" content=\"@edresistencia\" \/>\n<meta name=\"twitter:label1\" content=\"Tiempo de lectura\" \/>\n\t<meta name=\"twitter:data1\" content=\"1 minuto\" \/>\n<script type=\"application\/ld+json\" class=\"yoast-schema-graph\">{\"@context\":\"https:\\\/\\\/schema.org\",\"@graph\":[{\"@type\":\"WebPage\",\"@id\":\"https:\\\/\\\/editorialresistencia.com.mx\\\/tienda\\\/producto\\\/museo-de-antropologia\\\/\",\"url\":\"https:\\\/\\\/editorialresistencia.com.mx\\\/tienda\\\/producto\\\/museo-de-antropologia\\\/\",\"name\":\"Museo de Antropolog\u00eda - Editorial Resistencia\",\"isPartOf\":{\"@id\":\"https:\\\/\\\/editorialresistencia.com.mx\\\/tienda\\\/#website\"},\"primaryImageOfPage\":{\"@id\":\"https:\\\/\\\/editorialresistencia.com.mx\\\/tienda\\\/producto\\\/museo-de-antropologia\\\/#primaryimage\"},\"image\":{\"@id\":\"https:\\\/\\\/editorialresistencia.com.mx\\\/tienda\\\/producto\\\/museo-de-antropologia\\\/#primaryimage\"},\"thumbnailUrl\":\"https:\\\/\\\/editorialresistencia.com.mx\\\/tienda\\\/wp-content\\\/uploads\\\/2020\\\/08\\\/Museo-de-Antropologia.jpg\",\"datePublished\":\"2020-08-08T18:01:08+00:00\",\"dateModified\":\"2022-10-13T04:15:29+00:00\",\"description\":\"Museo de Antropolog\u00eda - Editorial Resistencia\",\"breadcrumb\":{\"@id\":\"https:\\\/\\\/editorialresistencia.com.mx\\\/tienda\\\/producto\\\/museo-de-antropologia\\\/#breadcrumb\"},\"inLanguage\":\"es\",\"potentialAction\":[{\"@type\":\"ReadAction\",\"target\":[\"https:\\\/\\\/editorialresistencia.com.mx\\\/tienda\\\/producto\\\/museo-de-antropologia\\\/\"]}]},{\"@type\":\"ImageObject\",\"inLanguage\":\"es\",\"@id\":\"https:\\\/\\\/editorialresistencia.com.mx\\\/tienda\\\/producto\\\/museo-de-antropologia\\\/#primaryimage\",\"url\":\"https:\\\/\\\/editorialresistencia.com.mx\\\/tienda\\\/wp-content\\\/uploads\\\/2020\\\/08\\\/Museo-de-Antropologia.jpg\",\"contentUrl\":\"https:\\\/\\\/editorialresistencia.com.mx\\\/tienda\\\/wp-content\\\/uploads\\\/2020\\\/08\\\/Museo-de-Antropologia.jpg\",\"width\":720,\"height\":960},{\"@type\":\"BreadcrumbList\",\"@id\":\"https:\\\/\\\/editorialresistencia.com.mx\\\/tienda\\\/producto\\\/museo-de-antropologia\\\/#breadcrumb\",\"itemListElement\":[{\"@type\":\"ListItem\",\"position\":1,\"name\":\"Portada\",\"item\":\"https:\\\/\\\/editorialresistencia.com.mx\\\/tienda\\\/\"},{\"@type\":\"ListItem\",\"position\":2,\"name\":\"Museo de Antropolog\u00eda\"}]},{\"@type\":\"WebSite\",\"@id\":\"https:\\\/\\\/editorialresistencia.com.mx\\\/tienda\\\/#website\",\"url\":\"https:\\\/\\\/editorialresistencia.com.mx\\\/tienda\\\/\",\"name\":\"Editorial Resistencia\",\"description\":\"Publicaci\u00f3n de libros infantiles triling\u00fces.\",\"publisher\":{\"@id\":\"https:\\\/\\\/editorialresistencia.com.mx\\\/tienda\\\/#organization\"},\"alternateName\":\"Publicaci\u00f3n de libros infantiles triling\u00fces.\",\"potentialAction\":[{\"@type\":\"SearchAction\",\"target\":{\"@type\":\"EntryPoint\",\"urlTemplate\":\"https:\\\/\\\/editorialresistencia.com.mx\\\/tienda\\\/?s={search_term_string}\"},\"query-input\":{\"@type\":\"PropertyValueSpecification\",\"valueRequired\":true,\"valueName\":\"search_term_string\"}}],\"inLanguage\":\"es\"},{\"@type\":\"Organization\",\"@id\":\"https:\\\/\\\/editorialresistencia.com.mx\\\/tienda\\\/#organization\",\"name\":\"Editorial Resistencia\",\"alternateName\":\"Publicaci\u00f3n de libros infantiles triling\u00fces.\",\"url\":\"https:\\\/\\\/editorialresistencia.com.mx\\\/tienda\\\/\",\"logo\":{\"@type\":\"ImageObject\",\"inLanguage\":\"es\",\"@id\":\"https:\\\/\\\/editorialresistencia.com.mx\\\/tienda\\\/#\\\/schema\\\/logo\\\/image\\\/\",\"url\":\"https:\\\/\\\/editorialresistencia.com.mx\\\/tienda\\\/wp-content\\\/uploads\\\/2024\\\/09\\\/Logo-Resistencia.jpg\",\"contentUrl\":\"https:\\\/\\\/editorialresistencia.com.mx\\\/tienda\\\/wp-content\\\/uploads\\\/2024\\\/09\\\/Logo-Resistencia.jpg\",\"width\":512,\"height\":512,\"caption\":\"Editorial Resistencia\"},\"image\":{\"@id\":\"https:\\\/\\\/editorialresistencia.com.mx\\\/tienda\\\/#\\\/schema\\\/logo\\\/image\\\/\"},\"sameAs\":[\"https:\\\/\\\/www.facebook.com\\\/resistenciaeditorial\",\"https:\\\/\\\/x.com\\\/edresistencia\"]}]}<\/script>\n<!-- \/ Yoast SEO plugin. -->","yoast_head_json":{"title":"Museo de Antropolog\u00eda - Editorial Resistencia","description":"Museo de Antropolog\u00eda - Editorial Resistencia","robots":{"index":"index","follow":"follow","max-snippet":"max-snippet:-1","max-image-preview":"max-image-preview:large","max-video-preview":"max-video-preview:-1"},"canonical":"https:\/\/editorialresistencia.com.mx\/tienda\/producto\/museo-de-antropologia\/","og_locale":"es_ES","og_type":"article","og_title":"Museo de Antropolog\u00eda - Editorial Resistencia","og_description":"Museo de Antropolog\u00eda - Editorial Resistencia","og_url":"https:\/\/editorialresistencia.com.mx\/tienda\/producto\/museo-de-antropologia\/","og_site_name":"Editorial Resistencia","article_publisher":"https:\/\/www.facebook.com\/resistenciaeditorial","article_modified_time":"2022-10-13T04:15:29+00:00","og_image":[{"width":720,"height":960,"url":"https:\/\/editorialresistencia.com.mx\/tienda\/wp-content\/uploads\/2020\/08\/Museo-de-Antropologia.jpg","type":"image\/jpeg"}],"twitter_card":"summary_large_image","twitter_site":"@edresistencia","twitter_misc":{"Tiempo de lectura":"1 minuto"},"schema":{"@context":"https:\/\/schema.org","@graph":[{"@type":"WebPage","@id":"https:\/\/editorialresistencia.com.mx\/tienda\/producto\/museo-de-antropologia\/","url":"https:\/\/editorialresistencia.com.mx\/tienda\/producto\/museo-de-antropologia\/","name":"Museo de Antropolog\u00eda - Editorial Resistencia","isPartOf":{"@id":"https:\/\/editorialresistencia.com.mx\/tienda\/#website"},"primaryImageOfPage":{"@id":"https:\/\/editorialresistencia.com.mx\/tienda\/producto\/museo-de-antropologia\/#primaryimage"},"image":{"@id":"https:\/\/editorialresistencia.com.mx\/tienda\/producto\/museo-de-antropologia\/#primaryimage"},"thumbnailUrl":"https:\/\/editorialresistencia.com.mx\/tienda\/wp-content\/uploads\/2020\/08\/Museo-de-Antropologia.jpg","datePublished":"2020-08-08T18:01:08+00:00","dateModified":"2022-10-13T04:15:29+00:00","description":"Museo de Antropolog\u00eda - Editorial Resistencia","breadcrumb":{"@id":"https:\/\/editorialresistencia.com.mx\/tienda\/producto\/museo-de-antropologia\/#breadcrumb"},"inLanguage":"es","potentialAction":[{"@type":"ReadAction","target":["https:\/\/editorialresistencia.com.mx\/tienda\/producto\/museo-de-antropologia\/"]}]},{"@type":"ImageObject","inLanguage":"es","@id":"https:\/\/editorialresistencia.com.mx\/tienda\/producto\/museo-de-antropologia\/#primaryimage","url":"https:\/\/editorialresistencia.com.mx\/tienda\/wp-content\/uploads\/2020\/08\/Museo-de-Antropologia.jpg","contentUrl":"https:\/\/editorialresistencia.com.mx\/tienda\/wp-content\/uploads\/2020\/08\/Museo-de-Antropologia.jpg","width":720,"height":960},{"@type":"BreadcrumbList","@id":"https:\/\/editorialresistencia.com.mx\/tienda\/producto\/museo-de-antropologia\/#breadcrumb","itemListElement":[{"@type":"ListItem","position":1,"name":"Portada","item":"https:\/\/editorialresistencia.com.mx\/tienda\/"},{"@type":"ListItem","position":2,"name":"Museo de Antropolog\u00eda"}]},{"@type":"WebSite","@id":"https:\/\/editorialresistencia.com.mx\/tienda\/#website","url":"https:\/\/editorialresistencia.com.mx\/tienda\/","name":"Editorial Resistencia","description":"Publicaci\u00f3n de libros infantiles triling\u00fces.","publisher":{"@id":"https:\/\/editorialresistencia.com.mx\/tienda\/#organization"},"alternateName":"Publicaci\u00f3n de libros infantiles triling\u00fces.","potentialAction":[{"@type":"SearchAction","target":{"@type":"EntryPoint","urlTemplate":"https:\/\/editorialresistencia.com.mx\/tienda\/?s={search_term_string}"},"query-input":{"@type":"PropertyValueSpecification","valueRequired":true,"valueName":"search_term_string"}}],"inLanguage":"es"},{"@type":"Organization","@id":"https:\/\/editorialresistencia.com.mx\/tienda\/#organization","name":"Editorial Resistencia","alternateName":"Publicaci\u00f3n de libros infantiles triling\u00fces.","url":"https:\/\/editorialresistencia.com.mx\/tienda\/","logo":{"@type":"ImageObject","inLanguage":"es","@id":"https:\/\/editorialresistencia.com.mx\/tienda\/#\/schema\/logo\/image\/","url":"https:\/\/editorialresistencia.com.mx\/tienda\/wp-content\/uploads\/2024\/09\/Logo-Resistencia.jpg","contentUrl":"https:\/\/editorialresistencia.com.mx\/tienda\/wp-content\/uploads\/2024\/09\/Logo-Resistencia.jpg","width":512,"height":512,"caption":"Editorial Resistencia"},"image":{"@id":"https:\/\/editorialresistencia.com.mx\/tienda\/#\/schema\/logo\/image\/"},"sameAs":["https:\/\/www.facebook.com\/resistenciaeditorial","https:\/\/x.com\/edresistencia"]}]}},"_links":{"self":[{"href":"https:\/\/editorialresistencia.com.mx\/tienda\/wp-json\/wp\/v2\/product\/208","targetHints":{"allow":["GET"]}}],"collection":[{"href":"https:\/\/editorialresistencia.com.mx\/tienda\/wp-json\/wp\/v2\/product"}],"about":[{"href":"https:\/\/editorialresistencia.com.mx\/tienda\/wp-json\/wp\/v2\/types\/product"}],"author":[{"embeddable":true,"href":"https:\/\/editorialresistencia.com.mx\/tienda\/wp-json\/wp\/v2\/users\/1"}],"wp:featuredmedia":[{"embeddable":true,"href":"https:\/\/editorialresistencia.com.mx\/tienda\/wp-json\/wp\/v2\/media\/91"}],"wp:attachment":[{"href":"https:\/\/editorialresistencia.com.mx\/tienda\/wp-json\/wp\/v2\/media?parent=208"}],"wp:term":[{"taxonomy":"product_brand","embeddable":true,"href":"https:\/\/editorialresistencia.com.mx\/tienda\/wp-json\/wp\/v2\/product_brand?post=208"},{"taxonomy":"product_cat","embeddable":true,"href":"https:\/\/editorialresistencia.com.mx\/tienda\/wp-json\/wp\/v2\/product_cat?post=208"},{"taxonomy":"product_tag","embeddable":true,"href":"https:\/\/editorialresistencia.com.mx\/tienda\/wp-json\/wp\/v2\/product_tag?post=208"}],"curies":[{"name":"wp","href":"https:\/\/api.w.org\/{rel}","templated":true}]}}