{"id":19,"date":"2020-07-29T18:02:22","date_gmt":"2020-07-29T18:02:22","guid":{"rendered":"https:\/\/editorialresistencia.com.mx\/tienda\/?post_type=product&#038;p=19"},"modified":"2024-06-12T20:33:11","modified_gmt":"2024-06-12T20:33:11","slug":"seres-del-mundo-invisible-invisible-beings-nuya-hingi-nu","status":"publish","type":"product","link":"https:\/\/editorialresistencia.com.mx\/tienda\/producto\/seres-del-mundo-invisible-invisible-beings-nuya-hingi-nu\/","title":{"rendered":"Seres del mundo invisible\/Invisible beings\/ N\u00fcya hin&#8217;gi n\u00fc"},"content":{"rendered":"<p>Susana anhelaba a diario que fueran vacaciones para ir a visitar a sus abuelos. Ah\u00ed pod\u00eda correr libremente entre la milpa y los \u00e1rboles de mandarina, y escuchar a su abuela hablar sobre los incre\u00edbles<br \/>\nseres invisibles que conviv\u00edan y sanaban a al pueblo otom\u00ed.<\/p>\n<p>Aqu\u00ed no s\u00f3lo conocer\u00e1s esas tradiciones sino las figuras de esos seres que ayudan a la sanaci\u00f3n.<\/p>\n<p><strong>Autor Iv\u00e1n P\u00e9rez T\u00e9llez<\/strong><br \/>\n<strong>Ilustraci\u00f3n Citlalin Arcos<\/strong><\/p>\n","protected":false},"excerpt":{"rendered":"<p>Susana anhelaba a diario que fueran vacaciones para ir a visitar a sus abuelos. Ah\u00ed pod\u00eda correr libremente entre la milpa y los \u00e1rboles de mandarina, y escuchar a su abuela hablar sobre los incre\u00edbles seres invisibles que conviv\u00edan con la gente del pueblo otom\u00ed.<\/p>\n","protected":false},"author":1,"featured_media":20,"template":"","meta":[],"product_brand":[],"product_cat":[16,26,62],"product_tag":[17],"class_list":{"0":"post-19","1":"product","2":"type-product","3":"status-publish","4":"has-post-thumbnail","6":"product_cat-infantil","7":"product_cat-infantil-trilingue","8":"product_cat-novedades","9":"product_tag-infantil","10":"product_shipping_class-envio-terrestre","12":"first","13":"instock","14":"taxable","15":"shipping-taxable","16":"purchasable","17":"product-type-simple"},"yoast_head":"<!-- This site is optimized with the Yoast SEO plugin v27.5 - https:\/\/yoast.com\/product\/yoast-seo-wordpress\/ -->\n<title>Seres del mundo invisible\/Invisible beings\/ N\u00fcya hin&#039;gi n\u00fc - Editorial Resistencia<\/title>\n<meta name=\"description\" content=\"Seres del mundo invisible\/Invisible beings\/ N\u00fcya hin&#039;gi n\u00fc - Editorial Resistencia\" \/>\n<meta name=\"robots\" content=\"index, follow, max-snippet:-1, max-image-preview:large, max-video-preview:-1\" \/>\n<link rel=\"canonical\" href=\"https:\/\/editorialresistencia.com.mx\/tienda\/producto\/seres-del-mundo-invisible-invisible-beings-nuya-hingi-nu\/\" \/>\n<meta property=\"og:locale\" content=\"es_ES\" \/>\n<meta property=\"og:type\" content=\"article\" \/>\n<meta property=\"og:title\" content=\"Seres del mundo invisible\/Invisible beings\/ N\u00fcya hin&#039;gi n\u00fc - Editorial Resistencia\" \/>\n<meta property=\"og:description\" content=\"Seres del mundo invisible\/Invisible beings\/ N\u00fcya hin&#039;gi n\u00fc - Editorial Resistencia\" \/>\n<meta property=\"og:url\" content=\"https:\/\/editorialresistencia.com.mx\/tienda\/producto\/seres-del-mundo-invisible-invisible-beings-nuya-hingi-nu\/\" \/>\n<meta property=\"og:site_name\" content=\"Editorial Resistencia\" \/>\n<meta property=\"article:publisher\" content=\"https:\/\/www.facebook.com\/resistenciaeditorial\" \/>\n<meta property=\"article:modified_time\" content=\"2024-06-12T20:33:11+00:00\" \/>\n<meta property=\"og:image\" content=\"https:\/\/editorialresistencia.com.mx\/tienda\/wp-content\/uploads\/2020\/07\/seres-del-mundo-invisible.jpg\" \/>\n\t<meta property=\"og:image:width\" content=\"720\" \/>\n\t<meta property=\"og:image:height\" content=\"960\" \/>\n\t<meta property=\"og:image:type\" content=\"image\/jpeg\" \/>\n<meta name=\"twitter:card\" content=\"summary_large_image\" \/>\n<meta name=\"twitter:site\" content=\"@edresistencia\" \/>\n<script type=\"application\/ld+json\" class=\"yoast-schema-graph\">{\"@context\":\"https:\\\/\\\/schema.org\",\"@graph\":[{\"@type\":\"WebPage\",\"@id\":\"https:\\\/\\\/editorialresistencia.com.mx\\\/tienda\\\/producto\\\/seres-del-mundo-invisible-invisible-beings-nuya-hingi-nu\\\/\",\"url\":\"https:\\\/\\\/editorialresistencia.com.mx\\\/tienda\\\/producto\\\/seres-del-mundo-invisible-invisible-beings-nuya-hingi-nu\\\/\",\"name\":\"Seres del mundo invisible\\\/Invisible beings\\\/ N\u00fcya hin'gi n\u00fc - Editorial Resistencia\",\"isPartOf\":{\"@id\":\"https:\\\/\\\/editorialresistencia.com.mx\\\/tienda\\\/#website\"},\"primaryImageOfPage\":{\"@id\":\"https:\\\/\\\/editorialresistencia.com.mx\\\/tienda\\\/producto\\\/seres-del-mundo-invisible-invisible-beings-nuya-hingi-nu\\\/#primaryimage\"},\"image\":{\"@id\":\"https:\\\/\\\/editorialresistencia.com.mx\\\/tienda\\\/producto\\\/seres-del-mundo-invisible-invisible-beings-nuya-hingi-nu\\\/#primaryimage\"},\"thumbnailUrl\":\"https:\\\/\\\/editorialresistencia.com.mx\\\/tienda\\\/wp-content\\\/uploads\\\/2020\\\/07\\\/seres-del-mundo-invisible.jpg\",\"datePublished\":\"2020-07-29T18:02:22+00:00\",\"dateModified\":\"2024-06-12T20:33:11+00:00\",\"description\":\"Seres del mundo invisible\\\/Invisible beings\\\/ N\u00fcya hin'gi n\u00fc - Editorial Resistencia\",\"breadcrumb\":{\"@id\":\"https:\\\/\\\/editorialresistencia.com.mx\\\/tienda\\\/producto\\\/seres-del-mundo-invisible-invisible-beings-nuya-hingi-nu\\\/#breadcrumb\"},\"inLanguage\":\"es\",\"potentialAction\":[{\"@type\":\"ReadAction\",\"target\":[\"https:\\\/\\\/editorialresistencia.com.mx\\\/tienda\\\/producto\\\/seres-del-mundo-invisible-invisible-beings-nuya-hingi-nu\\\/\"]}]},{\"@type\":\"ImageObject\",\"inLanguage\":\"es\",\"@id\":\"https:\\\/\\\/editorialresistencia.com.mx\\\/tienda\\\/producto\\\/seres-del-mundo-invisible-invisible-beings-nuya-hingi-nu\\\/#primaryimage\",\"url\":\"https:\\\/\\\/editorialresistencia.com.mx\\\/tienda\\\/wp-content\\\/uploads\\\/2020\\\/07\\\/seres-del-mundo-invisible.jpg\",\"contentUrl\":\"https:\\\/\\\/editorialresistencia.com.mx\\\/tienda\\\/wp-content\\\/uploads\\\/2020\\\/07\\\/seres-del-mundo-invisible.jpg\",\"width\":720,\"height\":960},{\"@type\":\"BreadcrumbList\",\"@id\":\"https:\\\/\\\/editorialresistencia.com.mx\\\/tienda\\\/producto\\\/seres-del-mundo-invisible-invisible-beings-nuya-hingi-nu\\\/#breadcrumb\",\"itemListElement\":[{\"@type\":\"ListItem\",\"position\":1,\"name\":\"Portada\",\"item\":\"https:\\\/\\\/editorialresistencia.com.mx\\\/tienda\\\/\"},{\"@type\":\"ListItem\",\"position\":2,\"name\":\"Seres del mundo invisible\\\/Invisible beings\\\/ N\u00fcya hin&#8217;gi n\u00fc\"}]},{\"@type\":\"WebSite\",\"@id\":\"https:\\\/\\\/editorialresistencia.com.mx\\\/tienda\\\/#website\",\"url\":\"https:\\\/\\\/editorialresistencia.com.mx\\\/tienda\\\/\",\"name\":\"Editorial Resistencia\",\"description\":\"Publicaci\u00f3n de libros infantiles triling\u00fces.\",\"publisher\":{\"@id\":\"https:\\\/\\\/editorialresistencia.com.mx\\\/tienda\\\/#organization\"},\"alternateName\":\"Publicaci\u00f3n de libros infantiles triling\u00fces.\",\"potentialAction\":[{\"@type\":\"SearchAction\",\"target\":{\"@type\":\"EntryPoint\",\"urlTemplate\":\"https:\\\/\\\/editorialresistencia.com.mx\\\/tienda\\\/?s={search_term_string}\"},\"query-input\":{\"@type\":\"PropertyValueSpecification\",\"valueRequired\":true,\"valueName\":\"search_term_string\"}}],\"inLanguage\":\"es\"},{\"@type\":\"Organization\",\"@id\":\"https:\\\/\\\/editorialresistencia.com.mx\\\/tienda\\\/#organization\",\"name\":\"Editorial Resistencia\",\"alternateName\":\"Publicaci\u00f3n de libros infantiles triling\u00fces.\",\"url\":\"https:\\\/\\\/editorialresistencia.com.mx\\\/tienda\\\/\",\"logo\":{\"@type\":\"ImageObject\",\"inLanguage\":\"es\",\"@id\":\"https:\\\/\\\/editorialresistencia.com.mx\\\/tienda\\\/#\\\/schema\\\/logo\\\/image\\\/\",\"url\":\"https:\\\/\\\/editorialresistencia.com.mx\\\/tienda\\\/wp-content\\\/uploads\\\/2024\\\/09\\\/Logo-Resistencia.jpg\",\"contentUrl\":\"https:\\\/\\\/editorialresistencia.com.mx\\\/tienda\\\/wp-content\\\/uploads\\\/2024\\\/09\\\/Logo-Resistencia.jpg\",\"width\":512,\"height\":512,\"caption\":\"Editorial Resistencia\"},\"image\":{\"@id\":\"https:\\\/\\\/editorialresistencia.com.mx\\\/tienda\\\/#\\\/schema\\\/logo\\\/image\\\/\"},\"sameAs\":[\"https:\\\/\\\/www.facebook.com\\\/resistenciaeditorial\",\"https:\\\/\\\/x.com\\\/edresistencia\"]}]}<\/script>\n<!-- \/ Yoast SEO plugin. -->","yoast_head_json":{"title":"Seres del mundo invisible\/Invisible beings\/ N\u00fcya hin'gi n\u00fc - Editorial Resistencia","description":"Seres del mundo invisible\/Invisible beings\/ N\u00fcya hin'gi n\u00fc - Editorial Resistencia","robots":{"index":"index","follow":"follow","max-snippet":"max-snippet:-1","max-image-preview":"max-image-preview:large","max-video-preview":"max-video-preview:-1"},"canonical":"https:\/\/editorialresistencia.com.mx\/tienda\/producto\/seres-del-mundo-invisible-invisible-beings-nuya-hingi-nu\/","og_locale":"es_ES","og_type":"article","og_title":"Seres del mundo invisible\/Invisible beings\/ N\u00fcya hin'gi n\u00fc - Editorial Resistencia","og_description":"Seres del mundo invisible\/Invisible beings\/ N\u00fcya hin'gi n\u00fc - Editorial Resistencia","og_url":"https:\/\/editorialresistencia.com.mx\/tienda\/producto\/seres-del-mundo-invisible-invisible-beings-nuya-hingi-nu\/","og_site_name":"Editorial Resistencia","article_publisher":"https:\/\/www.facebook.com\/resistenciaeditorial","article_modified_time":"2024-06-12T20:33:11+00:00","og_image":[{"width":720,"height":960,"url":"https:\/\/editorialresistencia.com.mx\/tienda\/wp-content\/uploads\/2020\/07\/seres-del-mundo-invisible.jpg","type":"image\/jpeg"}],"twitter_card":"summary_large_image","twitter_site":"@edresistencia","schema":{"@context":"https:\/\/schema.org","@graph":[{"@type":"WebPage","@id":"https:\/\/editorialresistencia.com.mx\/tienda\/producto\/seres-del-mundo-invisible-invisible-beings-nuya-hingi-nu\/","url":"https:\/\/editorialresistencia.com.mx\/tienda\/producto\/seres-del-mundo-invisible-invisible-beings-nuya-hingi-nu\/","name":"Seres del mundo invisible\/Invisible beings\/ N\u00fcya hin'gi n\u00fc - Editorial Resistencia","isPartOf":{"@id":"https:\/\/editorialresistencia.com.mx\/tienda\/#website"},"primaryImageOfPage":{"@id":"https:\/\/editorialresistencia.com.mx\/tienda\/producto\/seres-del-mundo-invisible-invisible-beings-nuya-hingi-nu\/#primaryimage"},"image":{"@id":"https:\/\/editorialresistencia.com.mx\/tienda\/producto\/seres-del-mundo-invisible-invisible-beings-nuya-hingi-nu\/#primaryimage"},"thumbnailUrl":"https:\/\/editorialresistencia.com.mx\/tienda\/wp-content\/uploads\/2020\/07\/seres-del-mundo-invisible.jpg","datePublished":"2020-07-29T18:02:22+00:00","dateModified":"2024-06-12T20:33:11+00:00","description":"Seres del mundo invisible\/Invisible beings\/ N\u00fcya hin'gi n\u00fc - Editorial Resistencia","breadcrumb":{"@id":"https:\/\/editorialresistencia.com.mx\/tienda\/producto\/seres-del-mundo-invisible-invisible-beings-nuya-hingi-nu\/#breadcrumb"},"inLanguage":"es","potentialAction":[{"@type":"ReadAction","target":["https:\/\/editorialresistencia.com.mx\/tienda\/producto\/seres-del-mundo-invisible-invisible-beings-nuya-hingi-nu\/"]}]},{"@type":"ImageObject","inLanguage":"es","@id":"https:\/\/editorialresistencia.com.mx\/tienda\/producto\/seres-del-mundo-invisible-invisible-beings-nuya-hingi-nu\/#primaryimage","url":"https:\/\/editorialresistencia.com.mx\/tienda\/wp-content\/uploads\/2020\/07\/seres-del-mundo-invisible.jpg","contentUrl":"https:\/\/editorialresistencia.com.mx\/tienda\/wp-content\/uploads\/2020\/07\/seres-del-mundo-invisible.jpg","width":720,"height":960},{"@type":"BreadcrumbList","@id":"https:\/\/editorialresistencia.com.mx\/tienda\/producto\/seres-del-mundo-invisible-invisible-beings-nuya-hingi-nu\/#breadcrumb","itemListElement":[{"@type":"ListItem","position":1,"name":"Portada","item":"https:\/\/editorialresistencia.com.mx\/tienda\/"},{"@type":"ListItem","position":2,"name":"Seres del mundo invisible\/Invisible beings\/ N\u00fcya hin&#8217;gi n\u00fc"}]},{"@type":"WebSite","@id":"https:\/\/editorialresistencia.com.mx\/tienda\/#website","url":"https:\/\/editorialresistencia.com.mx\/tienda\/","name":"Editorial Resistencia","description":"Publicaci\u00f3n de libros infantiles triling\u00fces.","publisher":{"@id":"https:\/\/editorialresistencia.com.mx\/tienda\/#organization"},"alternateName":"Publicaci\u00f3n de libros infantiles triling\u00fces.","potentialAction":[{"@type":"SearchAction","target":{"@type":"EntryPoint","urlTemplate":"https:\/\/editorialresistencia.com.mx\/tienda\/?s={search_term_string}"},"query-input":{"@type":"PropertyValueSpecification","valueRequired":true,"valueName":"search_term_string"}}],"inLanguage":"es"},{"@type":"Organization","@id":"https:\/\/editorialresistencia.com.mx\/tienda\/#organization","name":"Editorial Resistencia","alternateName":"Publicaci\u00f3n de libros infantiles triling\u00fces.","url":"https:\/\/editorialresistencia.com.mx\/tienda\/","logo":{"@type":"ImageObject","inLanguage":"es","@id":"https:\/\/editorialresistencia.com.mx\/tienda\/#\/schema\/logo\/image\/","url":"https:\/\/editorialresistencia.com.mx\/tienda\/wp-content\/uploads\/2024\/09\/Logo-Resistencia.jpg","contentUrl":"https:\/\/editorialresistencia.com.mx\/tienda\/wp-content\/uploads\/2024\/09\/Logo-Resistencia.jpg","width":512,"height":512,"caption":"Editorial Resistencia"},"image":{"@id":"https:\/\/editorialresistencia.com.mx\/tienda\/#\/schema\/logo\/image\/"},"sameAs":["https:\/\/www.facebook.com\/resistenciaeditorial","https:\/\/x.com\/edresistencia"]}]}},"_links":{"self":[{"href":"https:\/\/editorialresistencia.com.mx\/tienda\/wp-json\/wp\/v2\/product\/19","targetHints":{"allow":["GET"]}}],"collection":[{"href":"https:\/\/editorialresistencia.com.mx\/tienda\/wp-json\/wp\/v2\/product"}],"about":[{"href":"https:\/\/editorialresistencia.com.mx\/tienda\/wp-json\/wp\/v2\/types\/product"}],"author":[{"embeddable":true,"href":"https:\/\/editorialresistencia.com.mx\/tienda\/wp-json\/wp\/v2\/users\/1"}],"wp:featuredmedia":[{"embeddable":true,"href":"https:\/\/editorialresistencia.com.mx\/tienda\/wp-json\/wp\/v2\/media\/20"}],"wp:attachment":[{"href":"https:\/\/editorialresistencia.com.mx\/tienda\/wp-json\/wp\/v2\/media?parent=19"}],"wp:term":[{"taxonomy":"product_brand","embeddable":true,"href":"https:\/\/editorialresistencia.com.mx\/tienda\/wp-json\/wp\/v2\/product_brand?post=19"},{"taxonomy":"product_cat","embeddable":true,"href":"https:\/\/editorialresistencia.com.mx\/tienda\/wp-json\/wp\/v2\/product_cat?post=19"},{"taxonomy":"product_tag","embeddable":true,"href":"https:\/\/editorialresistencia.com.mx\/tienda\/wp-json\/wp\/v2\/product_tag?post=19"}],"curies":[{"name":"wp","href":"https:\/\/api.w.org\/{rel}","templated":true}]}}