{"id":1152,"date":"2024-02-28T19:43:22","date_gmt":"2024-02-28T19:43:22","guid":{"rendered":"https:\/\/editorialresistencia.com.mx\/tienda\/?post_type=product&#038;p=1152"},"modified":"2025-03-18T22:29:13","modified_gmt":"2025-03-19T04:29:13","slug":"el-ultimo-ajolote","status":"publish","type":"product","link":"https:\/\/editorialresistencia.com.mx\/tienda\/producto\/el-ultimo-ajolote\/","title":{"rendered":"El \u00faltimo Ajolote"},"content":{"rendered":"<p>La m\u00e1s reciente adici\u00f3n a la colecci\u00f3n triling\u00fce de Resistencia nos ofrece la historia de Axolotl el ajolote, que descubre que en los canales de Xochimilco ya no hay ninguno de su especie, as\u00ed que decide salir a a investigar si hay m\u00e1s como \u00e9l. Descubrir\u00e1 que el mundo ha cambiado, para mal, y est\u00e1 en cada uno de nosotros ayudar a que los recursos y habitantes de la naturaleza no se agoten. Al final X\u00f3lotl encuentra a su gemelo m\u00edstico, Quetzalcoatl. Una historia de aventuras y ecolog\u00eda para todo p\u00fablico.<\/p>\n<p><strong>Ilustraci\u00f3n y texto: V\u00edctor Jos\u00e9 Palacios<\/strong><\/p>\n<p><strong>Libro con realidad aumentada, aplicaci\u00f3n en desarrollo.<\/strong><\/p>\n","protected":false},"excerpt":{"rendered":"<p>El peque\u00f1o X\u00f3lotl disfrutaba visitar a su abuelito Cocoltzin, quien le contaba historias de cuando era joven, cuando muchos ajolotes viv\u00edan en el lago de Xochimilco donde conviv\u00edan con acociles, ranas y charales y todos juntos ten\u00edan un hogar feliz y pr\u00f3spero.<\/p>\n","protected":false},"author":1,"featured_media":1153,"template":"","meta":[],"product_brand":[],"product_cat":[86,26,62,94],"product_tag":[17,18],"class_list":{"0":"post-1152","1":"product","2":"type-product","3":"status-publish","4":"has-post-thumbnail","6":"product_cat-destacados","7":"product_cat-infantil-trilingue","8":"product_cat-novedades","9":"product_cat-realidad-aumentada","10":"product_tag-infantil","11":"product_tag-trilingue","12":"product_shipping_class-envio-terrestre","14":"first","15":"instock","16":"taxable","17":"shipping-taxable","18":"purchasable","19":"product-type-simple"},"yoast_head":"<!-- This site is optimized with the Yoast SEO plugin v27.4 - https:\/\/yoast.com\/product\/yoast-seo-wordpress\/ -->\n<title>El \u00faltimo Ajolote - Editorial Resistencia<\/title>\n<meta name=\"description\" content=\"La m\u00e1s reciente adici\u00f3n a la colecci\u00f3n triling\u00fce de Resistencia nos ofrece la historia de Axolotl, quien descubre que es el \u00fanico en Xochimilco.\" \/>\n<meta name=\"robots\" content=\"index, follow, max-snippet:-1, max-image-preview:large, max-video-preview:-1\" \/>\n<link rel=\"canonical\" href=\"https:\/\/editorialresistencia.com.mx\/tienda\/producto\/el-ultimo-ajolote\/\" \/>\n<meta property=\"og:locale\" content=\"es_ES\" \/>\n<meta property=\"og:type\" content=\"article\" \/>\n<meta property=\"og:title\" content=\"El \u00faltimo Ajolote - Editorial Resistencia\" \/>\n<meta property=\"og:description\" content=\"La m\u00e1s reciente adici\u00f3n a la colecci\u00f3n triling\u00fce de Resistencia nos ofrece la historia de Axolotl, quien descubre que es el \u00fanico en Xochimilco.\" \/>\n<meta property=\"og:url\" content=\"https:\/\/editorialresistencia.com.mx\/tienda\/producto\/el-ultimo-ajolote\/\" \/>\n<meta property=\"og:site_name\" content=\"Editorial Resistencia\" \/>\n<meta property=\"article:publisher\" content=\"https:\/\/www.facebook.com\/resistenciaeditorial\" \/>\n<meta property=\"article:modified_time\" content=\"2025-03-19T04:29:13+00:00\" \/>\n<meta property=\"og:image\" content=\"https:\/\/editorialresistencia.com.mx\/tienda\/wp-content\/uploads\/2024\/02\/El-ultimo-ajolote-2024.jpg\" \/>\n\t<meta property=\"og:image:width\" content=\"700\" \/>\n\t<meta property=\"og:image:height\" content=\"711\" \/>\n\t<meta property=\"og:image:type\" content=\"image\/jpeg\" \/>\n<meta name=\"twitter:card\" content=\"summary_large_image\" \/>\n<meta name=\"twitter:site\" content=\"@edresistencia\" \/>\n<meta name=\"twitter:label1\" content=\"Tiempo de lectura\" \/>\n\t<meta name=\"twitter:data1\" content=\"1 minuto\" \/>\n<script type=\"application\/ld+json\" class=\"yoast-schema-graph\">{\"@context\":\"https:\\\/\\\/schema.org\",\"@graph\":[{\"@type\":\"WebPage\",\"@id\":\"https:\\\/\\\/editorialresistencia.com.mx\\\/tienda\\\/producto\\\/el-ultimo-ajolote\\\/\",\"url\":\"https:\\\/\\\/editorialresistencia.com.mx\\\/tienda\\\/producto\\\/el-ultimo-ajolote\\\/\",\"name\":\"El \u00faltimo Ajolote - Editorial Resistencia\",\"isPartOf\":{\"@id\":\"https:\\\/\\\/editorialresistencia.com.mx\\\/tienda\\\/#website\"},\"primaryImageOfPage\":{\"@id\":\"https:\\\/\\\/editorialresistencia.com.mx\\\/tienda\\\/producto\\\/el-ultimo-ajolote\\\/#primaryimage\"},\"image\":{\"@id\":\"https:\\\/\\\/editorialresistencia.com.mx\\\/tienda\\\/producto\\\/el-ultimo-ajolote\\\/#primaryimage\"},\"thumbnailUrl\":\"https:\\\/\\\/editorialresistencia.com.mx\\\/tienda\\\/wp-content\\\/uploads\\\/2024\\\/02\\\/El-ultimo-ajolote-2024.jpg\",\"datePublished\":\"2024-02-28T19:43:22+00:00\",\"dateModified\":\"2025-03-19T04:29:13+00:00\",\"description\":\"La m\u00e1s reciente adici\u00f3n a la colecci\u00f3n triling\u00fce de Resistencia nos ofrece la historia de Axolotl, quien descubre que es el \u00fanico en Xochimilco.\",\"breadcrumb\":{\"@id\":\"https:\\\/\\\/editorialresistencia.com.mx\\\/tienda\\\/producto\\\/el-ultimo-ajolote\\\/#breadcrumb\"},\"inLanguage\":\"es\",\"potentialAction\":[{\"@type\":\"ReadAction\",\"target\":[\"https:\\\/\\\/editorialresistencia.com.mx\\\/tienda\\\/producto\\\/el-ultimo-ajolote\\\/\"]}]},{\"@type\":\"ImageObject\",\"inLanguage\":\"es\",\"@id\":\"https:\\\/\\\/editorialresistencia.com.mx\\\/tienda\\\/producto\\\/el-ultimo-ajolote\\\/#primaryimage\",\"url\":\"https:\\\/\\\/editorialresistencia.com.mx\\\/tienda\\\/wp-content\\\/uploads\\\/2024\\\/02\\\/El-ultimo-ajolote-2024.jpg\",\"contentUrl\":\"https:\\\/\\\/editorialresistencia.com.mx\\\/tienda\\\/wp-content\\\/uploads\\\/2024\\\/02\\\/El-ultimo-ajolote-2024.jpg\",\"width\":700,\"height\":711},{\"@type\":\"BreadcrumbList\",\"@id\":\"https:\\\/\\\/editorialresistencia.com.mx\\\/tienda\\\/producto\\\/el-ultimo-ajolote\\\/#breadcrumb\",\"itemListElement\":[{\"@type\":\"ListItem\",\"position\":1,\"name\":\"Portada\",\"item\":\"https:\\\/\\\/editorialresistencia.com.mx\\\/tienda\\\/\"},{\"@type\":\"ListItem\",\"position\":2,\"name\":\"El \u00faltimo Ajolote\"}]},{\"@type\":\"WebSite\",\"@id\":\"https:\\\/\\\/editorialresistencia.com.mx\\\/tienda\\\/#website\",\"url\":\"https:\\\/\\\/editorialresistencia.com.mx\\\/tienda\\\/\",\"name\":\"Editorial Resistencia\",\"description\":\"Publicaci\u00f3n de libros infantiles triling\u00fces.\",\"publisher\":{\"@id\":\"https:\\\/\\\/editorialresistencia.com.mx\\\/tienda\\\/#organization\"},\"alternateName\":\"Publicaci\u00f3n de libros infantiles triling\u00fces.\",\"potentialAction\":[{\"@type\":\"SearchAction\",\"target\":{\"@type\":\"EntryPoint\",\"urlTemplate\":\"https:\\\/\\\/editorialresistencia.com.mx\\\/tienda\\\/?s={search_term_string}\"},\"query-input\":{\"@type\":\"PropertyValueSpecification\",\"valueRequired\":true,\"valueName\":\"search_term_string\"}}],\"inLanguage\":\"es\"},{\"@type\":\"Organization\",\"@id\":\"https:\\\/\\\/editorialresistencia.com.mx\\\/tienda\\\/#organization\",\"name\":\"Editorial Resistencia\",\"alternateName\":\"Publicaci\u00f3n de libros infantiles triling\u00fces.\",\"url\":\"https:\\\/\\\/editorialresistencia.com.mx\\\/tienda\\\/\",\"logo\":{\"@type\":\"ImageObject\",\"inLanguage\":\"es\",\"@id\":\"https:\\\/\\\/editorialresistencia.com.mx\\\/tienda\\\/#\\\/schema\\\/logo\\\/image\\\/\",\"url\":\"https:\\\/\\\/editorialresistencia.com.mx\\\/tienda\\\/wp-content\\\/uploads\\\/2024\\\/09\\\/Logo-Resistencia.jpg\",\"contentUrl\":\"https:\\\/\\\/editorialresistencia.com.mx\\\/tienda\\\/wp-content\\\/uploads\\\/2024\\\/09\\\/Logo-Resistencia.jpg\",\"width\":512,\"height\":512,\"caption\":\"Editorial Resistencia\"},\"image\":{\"@id\":\"https:\\\/\\\/editorialresistencia.com.mx\\\/tienda\\\/#\\\/schema\\\/logo\\\/image\\\/\"},\"sameAs\":[\"https:\\\/\\\/www.facebook.com\\\/resistenciaeditorial\",\"https:\\\/\\\/x.com\\\/edresistencia\"]}]}<\/script>\n<!-- \/ Yoast SEO plugin. -->","yoast_head_json":{"title":"El \u00faltimo Ajolote - Editorial Resistencia","description":"La m\u00e1s reciente adici\u00f3n a la colecci\u00f3n triling\u00fce de Resistencia nos ofrece la historia de Axolotl, quien descubre que es el \u00fanico en Xochimilco.","robots":{"index":"index","follow":"follow","max-snippet":"max-snippet:-1","max-image-preview":"max-image-preview:large","max-video-preview":"max-video-preview:-1"},"canonical":"https:\/\/editorialresistencia.com.mx\/tienda\/producto\/el-ultimo-ajolote\/","og_locale":"es_ES","og_type":"article","og_title":"El \u00faltimo Ajolote - Editorial Resistencia","og_description":"La m\u00e1s reciente adici\u00f3n a la colecci\u00f3n triling\u00fce de Resistencia nos ofrece la historia de Axolotl, quien descubre que es el \u00fanico en Xochimilco.","og_url":"https:\/\/editorialresistencia.com.mx\/tienda\/producto\/el-ultimo-ajolote\/","og_site_name":"Editorial Resistencia","article_publisher":"https:\/\/www.facebook.com\/resistenciaeditorial","article_modified_time":"2025-03-19T04:29:13+00:00","og_image":[{"width":700,"height":711,"url":"https:\/\/editorialresistencia.com.mx\/tienda\/wp-content\/uploads\/2024\/02\/El-ultimo-ajolote-2024.jpg","type":"image\/jpeg"}],"twitter_card":"summary_large_image","twitter_site":"@edresistencia","twitter_misc":{"Tiempo de lectura":"1 minuto"},"schema":{"@context":"https:\/\/schema.org","@graph":[{"@type":"WebPage","@id":"https:\/\/editorialresistencia.com.mx\/tienda\/producto\/el-ultimo-ajolote\/","url":"https:\/\/editorialresistencia.com.mx\/tienda\/producto\/el-ultimo-ajolote\/","name":"El \u00faltimo Ajolote - Editorial Resistencia","isPartOf":{"@id":"https:\/\/editorialresistencia.com.mx\/tienda\/#website"},"primaryImageOfPage":{"@id":"https:\/\/editorialresistencia.com.mx\/tienda\/producto\/el-ultimo-ajolote\/#primaryimage"},"image":{"@id":"https:\/\/editorialresistencia.com.mx\/tienda\/producto\/el-ultimo-ajolote\/#primaryimage"},"thumbnailUrl":"https:\/\/editorialresistencia.com.mx\/tienda\/wp-content\/uploads\/2024\/02\/El-ultimo-ajolote-2024.jpg","datePublished":"2024-02-28T19:43:22+00:00","dateModified":"2025-03-19T04:29:13+00:00","description":"La m\u00e1s reciente adici\u00f3n a la colecci\u00f3n triling\u00fce de Resistencia nos ofrece la historia de Axolotl, quien descubre que es el \u00fanico en Xochimilco.","breadcrumb":{"@id":"https:\/\/editorialresistencia.com.mx\/tienda\/producto\/el-ultimo-ajolote\/#breadcrumb"},"inLanguage":"es","potentialAction":[{"@type":"ReadAction","target":["https:\/\/editorialresistencia.com.mx\/tienda\/producto\/el-ultimo-ajolote\/"]}]},{"@type":"ImageObject","inLanguage":"es","@id":"https:\/\/editorialresistencia.com.mx\/tienda\/producto\/el-ultimo-ajolote\/#primaryimage","url":"https:\/\/editorialresistencia.com.mx\/tienda\/wp-content\/uploads\/2024\/02\/El-ultimo-ajolote-2024.jpg","contentUrl":"https:\/\/editorialresistencia.com.mx\/tienda\/wp-content\/uploads\/2024\/02\/El-ultimo-ajolote-2024.jpg","width":700,"height":711},{"@type":"BreadcrumbList","@id":"https:\/\/editorialresistencia.com.mx\/tienda\/producto\/el-ultimo-ajolote\/#breadcrumb","itemListElement":[{"@type":"ListItem","position":1,"name":"Portada","item":"https:\/\/editorialresistencia.com.mx\/tienda\/"},{"@type":"ListItem","position":2,"name":"El \u00faltimo Ajolote"}]},{"@type":"WebSite","@id":"https:\/\/editorialresistencia.com.mx\/tienda\/#website","url":"https:\/\/editorialresistencia.com.mx\/tienda\/","name":"Editorial Resistencia","description":"Publicaci\u00f3n de libros infantiles triling\u00fces.","publisher":{"@id":"https:\/\/editorialresistencia.com.mx\/tienda\/#organization"},"alternateName":"Publicaci\u00f3n de libros infantiles triling\u00fces.","potentialAction":[{"@type":"SearchAction","target":{"@type":"EntryPoint","urlTemplate":"https:\/\/editorialresistencia.com.mx\/tienda\/?s={search_term_string}"},"query-input":{"@type":"PropertyValueSpecification","valueRequired":true,"valueName":"search_term_string"}}],"inLanguage":"es"},{"@type":"Organization","@id":"https:\/\/editorialresistencia.com.mx\/tienda\/#organization","name":"Editorial Resistencia","alternateName":"Publicaci\u00f3n de libros infantiles triling\u00fces.","url":"https:\/\/editorialresistencia.com.mx\/tienda\/","logo":{"@type":"ImageObject","inLanguage":"es","@id":"https:\/\/editorialresistencia.com.mx\/tienda\/#\/schema\/logo\/image\/","url":"https:\/\/editorialresistencia.com.mx\/tienda\/wp-content\/uploads\/2024\/09\/Logo-Resistencia.jpg","contentUrl":"https:\/\/editorialresistencia.com.mx\/tienda\/wp-content\/uploads\/2024\/09\/Logo-Resistencia.jpg","width":512,"height":512,"caption":"Editorial Resistencia"},"image":{"@id":"https:\/\/editorialresistencia.com.mx\/tienda\/#\/schema\/logo\/image\/"},"sameAs":["https:\/\/www.facebook.com\/resistenciaeditorial","https:\/\/x.com\/edresistencia"]}]}},"_links":{"self":[{"href":"https:\/\/editorialresistencia.com.mx\/tienda\/wp-json\/wp\/v2\/product\/1152","targetHints":{"allow":["GET"]}}],"collection":[{"href":"https:\/\/editorialresistencia.com.mx\/tienda\/wp-json\/wp\/v2\/product"}],"about":[{"href":"https:\/\/editorialresistencia.com.mx\/tienda\/wp-json\/wp\/v2\/types\/product"}],"author":[{"embeddable":true,"href":"https:\/\/editorialresistencia.com.mx\/tienda\/wp-json\/wp\/v2\/users\/1"}],"wp:featuredmedia":[{"embeddable":true,"href":"https:\/\/editorialresistencia.com.mx\/tienda\/wp-json\/wp\/v2\/media\/1153"}],"wp:attachment":[{"href":"https:\/\/editorialresistencia.com.mx\/tienda\/wp-json\/wp\/v2\/media?parent=1152"}],"wp:term":[{"taxonomy":"product_brand","embeddable":true,"href":"https:\/\/editorialresistencia.com.mx\/tienda\/wp-json\/wp\/v2\/product_brand?post=1152"},{"taxonomy":"product_cat","embeddable":true,"href":"https:\/\/editorialresistencia.com.mx\/tienda\/wp-json\/wp\/v2\/product_cat?post=1152"},{"taxonomy":"product_tag","embeddable":true,"href":"https:\/\/editorialresistencia.com.mx\/tienda\/wp-json\/wp\/v2\/product_tag?post=1152"}],"curies":[{"name":"wp","href":"https:\/\/api.w.org\/{rel}","templated":true}]}}