{"id":294,"date":"2020-08-23T22:40:21","date_gmt":"2020-08-23T22:40:21","guid":{"rendered":"https:\/\/editorialresistencia.com.mx\/tienda\/?page_id=294"},"modified":"2024-09-29T23:38:34","modified_gmt":"2024-09-29T23:38:34","slug":"quienes-somos","status":"publish","type":"page","link":"https:\/\/editorialresistencia.com.mx\/tienda\/quienes-somos\/","title":{"rendered":"Quienes Somos"},"content":{"rendered":"\n<p>Una editorial cuyos intereses principales son la poes\u00eda, la narrativa y el cuento y que se caracteriza por incluir en cada una de sus publicaciones la obra de un artista pl\u00e1stico reconocido; para construir as\u00ed un concepto editorial de libros que incluyen un discurso literario-pl\u00e1stico. Artistas como Jos\u00e9 Luis Cuevas, Felipe Ehrenberg, Ricardo Angu\u00eda, Gerardo Cant\u00fa, Gilberto Aceves Navarro y Rodolfo Arana, entre otros, han colaborado en nuestras publicaciones.<\/p>\n\n\n\n<p>Algunos de nuestros proyectos se coeditaron con instituciones como CONACULTA, UNAM, FONCA e instituciones de cultura en Tabasco y Monterrey.<\/p>\n\n\n\n<p><strong>Editorial Resistencia<\/strong>&nbsp;nace en&nbsp;<strong>1998<\/strong>, su finalidad es ser un proyecto editorial independiente que a trav\u00e9s de proyectos propios de alta calidad y sin subsidios, sea capaz de destacar en el panorama editorial mexicano. Su propuesta en las publicaciones es crear una simbiosis entre la literatura y el dise\u00f1o gr\u00e1fico, para crear obras \u00fanicas en el campo de las publicaciones impresas nacionales e internacionales.<\/p>\n\n\n\n<p>Nuestros libros se caracterizan por incluir obras in\u00e9ditas de artistas pl\u00e1sticos, como&nbsp;<strong>Jos\u00e9 Luis Cuevas, Gilberto Aceves Navarro, Gerardo Cant\u00fa, Ricardo Angu\u00eda, Felipe Ehrenberg, Rodolfo Arana<\/strong>, Iv\u00e1n Gardea, Rosario Garc\u00eda Crespo, entre otros, que acompa\u00f1an como un lenguaje alterno el trabajo de nuestros escritores.<\/p>\n\n\n\n<p>Otras caracter\u00edsticas de Editorial Resistencia son el esmerado cuidado puesto en la edici\u00f3n, im\u00e1genes y dise\u00f1o para cada libro, que le han valido para que escritores como&nbsp;<strong>Francisco Hern\u00e1ndez, Ignacio Padilla<\/strong>,&nbsp;<strong>Jos\u00e9 Emilio Pacheco, Carlos Montemayor<\/strong>,&nbsp;<strong>Alberto Chimal, Elena Poniatowska<\/strong>&nbsp;y&nbsp;<strong>Vicente Quirarte<\/strong>, hayan escrito pr\u00f3logos para algunos libros.<\/p>\n\n\n\n<p>El libro de poes\u00eda del autor Indran Amirtanagayam, ilustrado por Gerardo Cant\u00fa, obtuvo menci\u00f3n bronce en el Premio Quorum de Dise\u00f1o 2006,<br>por su propuesta de dise\u00f1o editorial.<\/p>\n\n\n\n<p>Durante tres a\u00f1os consecutivos (2006-2008), algunos de nuestros t\u00edtulos han sido seleccionados por la SEP para el programa Bibliotecas Escolares y de Aula, Libros del Rinc\u00f3n, con lo que nuestros autores han alcanzado a un p\u00fablico mucho m\u00e1s amplio.<\/p>\n\n\n\n<p>Editorial Resistencia cuenta con su propio departamento de distribuci\u00f3n, mismo que se encarga de llevar los t\u00edtulos a las principales librer\u00edas y locales cerrados para su distribuci\u00f3n y venta en todo el pa\u00eds.<\/p>\n\n\n\n<p>Como parte de su compromiso por apoyar a j\u00f3venes escritores que no encuentran espacio en las grandes editoriales, Editorial Resistencia ha publicado tres tomos de la antolog\u00eda po\u00e9tica \u201cHasta Agotar la Existencia\u201d, incluyendo cada uno el trabajo de 34 j\u00f3venes poetas desconocidos, pero de gran calidad, proyecto que ha logrado una buena aceptaci\u00f3n en el mercado literario mexicano, como una propuesta alternativa para la publicaci\u00f3n de poes\u00eda.<\/p>\n\n\n\n<p>Editorial Resistencia utiliza como foro de lanzamiento para sus nuevas ediciones la Feria Internacional del Libro del Palacio de Miner\u00eda, que cada a\u00f1o se lleva a cabo en la ciudad de M\u00e9xico.<\/p>\n\n\n\n<p><strong>Equipo Editorial<\/strong><\/p>\n\n\n\n<ul class=\"wp-block-list\"><li><strong>Josefina Larragoiti Oliver<\/strong><br>Directora General y Dise\u00f1o Editorial<\/li><\/ul>\n\n\n\n<ul class=\"wp-block-list\"><li><strong>Jaime Espinoza Garc\u00eda<\/strong><\/li><li>Director de Arte<\/li><\/ul>\n\n\n\n<ul class=\"wp-block-list\"><li><strong>Alejandro Teodores<\/strong><\/li><li>Webmaster<\/li><\/ul>\n","protected":false},"excerpt":{"rendered":"<p>Una editorial cuyos intereses principales son la poes\u00eda, la narrativa y el cuento y que se caracteriza por incluir en cada una de sus publicaciones la obra de un artista pl\u00e1stico reconocido; para construir as\u00ed un concepto editorial de libros que incluyen un discurso literario-pl\u00e1stico. Artistas como Jos\u00e9 Luis Cuevas, Felipe Ehrenberg, Ricardo Angu\u00eda, Gerardo Cant\u00fa, Gilberto Aceves Navarro y Rodolfo Arana, entre otros, han colaborado en nuestras publicaciones.<\/p>\n<p>Algunos de nuestros proyectos se coeditaron con instituciones como CONACULTA,<\/p>\n","protected":false},"author":1,"featured_media":0,"parent":0,"menu_order":0,"comment_status":"closed","ping_status":"closed","template":"","meta":{"footnotes":""},"class_list":["post-294","page","type-page","status-publish","hentry"],"yoast_head":"<!-- This site is optimized with the Yoast SEO plugin v27.4 - https:\/\/yoast.com\/product\/yoast-seo-wordpress\/ -->\n<title>Quienes Somos - Editorial Resistencia<\/title>\n<meta name=\"description\" content=\"Publicamos poes\u00eda, narrativa gr\u00e1fica y cuentos triling\u00fces ilustrados por artistas pl\u00e1sticos talentosos.\" \/>\n<meta name=\"robots\" content=\"index, follow, max-snippet:-1, max-image-preview:large, max-video-preview:-1\" \/>\n<link rel=\"canonical\" href=\"https:\/\/editorialresistencia.com.mx\/tienda\/quienes-somos\/\" \/>\n<meta property=\"og:locale\" content=\"es_ES\" \/>\n<meta property=\"og:type\" content=\"article\" \/>\n<meta property=\"og:title\" content=\"Quienes Somos - Editorial Resistencia\" \/>\n<meta property=\"og:description\" content=\"Publicamos poes\u00eda, narrativa gr\u00e1fica y cuentos triling\u00fces ilustrados por artistas pl\u00e1sticos talentosos.\" \/>\n<meta property=\"og:url\" content=\"https:\/\/editorialresistencia.com.mx\/tienda\/quienes-somos\/\" \/>\n<meta property=\"og:site_name\" content=\"Editorial Resistencia\" \/>\n<meta property=\"article:publisher\" content=\"https:\/\/www.facebook.com\/resistenciaeditorial\" \/>\n<meta property=\"article:modified_time\" content=\"2024-09-29T23:38:34+00:00\" \/>\n<meta property=\"og:image\" content=\"https:\/\/editorialresistencia.com.mx\/tienda\/wp-content\/uploads\/2024\/09\/Logo-Resistencia.jpg\" \/>\n\t<meta property=\"og:image:width\" content=\"512\" \/>\n\t<meta property=\"og:image:height\" content=\"512\" \/>\n\t<meta property=\"og:image:type\" content=\"image\/jpeg\" \/>\n<meta name=\"twitter:card\" content=\"summary_large_image\" \/>\n<meta name=\"twitter:site\" content=\"@edresistencia\" \/>\n<meta name=\"twitter:label1\" content=\"Tiempo de lectura\" \/>\n\t<meta name=\"twitter:data1\" content=\"3 minutos\" \/>\n<script type=\"application\/ld+json\" class=\"yoast-schema-graph\">{\"@context\":\"https:\\\/\\\/schema.org\",\"@graph\":[{\"@type\":\"WebPage\",\"@id\":\"https:\\\/\\\/editorialresistencia.com.mx\\\/tienda\\\/quienes-somos\\\/\",\"url\":\"https:\\\/\\\/editorialresistencia.com.mx\\\/tienda\\\/quienes-somos\\\/\",\"name\":\"Quienes Somos - Editorial Resistencia\",\"isPartOf\":{\"@id\":\"https:\\\/\\\/editorialresistencia.com.mx\\\/tienda\\\/#website\"},\"datePublished\":\"2020-08-23T22:40:21+00:00\",\"dateModified\":\"2024-09-29T23:38:34+00:00\",\"description\":\"Publicamos poes\u00eda, narrativa gr\u00e1fica y cuentos triling\u00fces ilustrados por artistas pl\u00e1sticos talentosos.\",\"breadcrumb\":{\"@id\":\"https:\\\/\\\/editorialresistencia.com.mx\\\/tienda\\\/quienes-somos\\\/#breadcrumb\"},\"inLanguage\":\"es\",\"potentialAction\":[{\"@type\":\"ReadAction\",\"target\":[\"https:\\\/\\\/editorialresistencia.com.mx\\\/tienda\\\/quienes-somos\\\/\"]}]},{\"@type\":\"BreadcrumbList\",\"@id\":\"https:\\\/\\\/editorialresistencia.com.mx\\\/tienda\\\/quienes-somos\\\/#breadcrumb\",\"itemListElement\":[{\"@type\":\"ListItem\",\"position\":1,\"name\":\"Portada\",\"item\":\"https:\\\/\\\/editorialresistencia.com.mx\\\/tienda\\\/\"},{\"@type\":\"ListItem\",\"position\":2,\"name\":\"Quienes Somos\"}]},{\"@type\":\"WebSite\",\"@id\":\"https:\\\/\\\/editorialresistencia.com.mx\\\/tienda\\\/#website\",\"url\":\"https:\\\/\\\/editorialresistencia.com.mx\\\/tienda\\\/\",\"name\":\"Editorial Resistencia\",\"description\":\"Publicaci\u00f3n de libros infantiles triling\u00fces.\",\"publisher\":{\"@id\":\"https:\\\/\\\/editorialresistencia.com.mx\\\/tienda\\\/#organization\"},\"alternateName\":\"Publicaci\u00f3n de libros infantiles triling\u00fces.\",\"potentialAction\":[{\"@type\":\"SearchAction\",\"target\":{\"@type\":\"EntryPoint\",\"urlTemplate\":\"https:\\\/\\\/editorialresistencia.com.mx\\\/tienda\\\/?s={search_term_string}\"},\"query-input\":{\"@type\":\"PropertyValueSpecification\",\"valueRequired\":true,\"valueName\":\"search_term_string\"}}],\"inLanguage\":\"es\"},{\"@type\":\"Organization\",\"@id\":\"https:\\\/\\\/editorialresistencia.com.mx\\\/tienda\\\/#organization\",\"name\":\"Editorial Resistencia\",\"alternateName\":\"Publicaci\u00f3n de libros infantiles triling\u00fces.\",\"url\":\"https:\\\/\\\/editorialresistencia.com.mx\\\/tienda\\\/\",\"logo\":{\"@type\":\"ImageObject\",\"inLanguage\":\"es\",\"@id\":\"https:\\\/\\\/editorialresistencia.com.mx\\\/tienda\\\/#\\\/schema\\\/logo\\\/image\\\/\",\"url\":\"https:\\\/\\\/editorialresistencia.com.mx\\\/tienda\\\/wp-content\\\/uploads\\\/2024\\\/09\\\/Logo-Resistencia.jpg\",\"contentUrl\":\"https:\\\/\\\/editorialresistencia.com.mx\\\/tienda\\\/wp-content\\\/uploads\\\/2024\\\/09\\\/Logo-Resistencia.jpg\",\"width\":512,\"height\":512,\"caption\":\"Editorial Resistencia\"},\"image\":{\"@id\":\"https:\\\/\\\/editorialresistencia.com.mx\\\/tienda\\\/#\\\/schema\\\/logo\\\/image\\\/\"},\"sameAs\":[\"https:\\\/\\\/www.facebook.com\\\/resistenciaeditorial\",\"https:\\\/\\\/x.com\\\/edresistencia\"]}]}<\/script>\n<!-- \/ Yoast SEO plugin. -->","yoast_head_json":{"title":"Quienes Somos - Editorial Resistencia","description":"Publicamos poes\u00eda, narrativa gr\u00e1fica y cuentos triling\u00fces ilustrados por artistas pl\u00e1sticos talentosos.","robots":{"index":"index","follow":"follow","max-snippet":"max-snippet:-1","max-image-preview":"max-image-preview:large","max-video-preview":"max-video-preview:-1"},"canonical":"https:\/\/editorialresistencia.com.mx\/tienda\/quienes-somos\/","og_locale":"es_ES","og_type":"article","og_title":"Quienes Somos - Editorial Resistencia","og_description":"Publicamos poes\u00eda, narrativa gr\u00e1fica y cuentos triling\u00fces ilustrados por artistas pl\u00e1sticos talentosos.","og_url":"https:\/\/editorialresistencia.com.mx\/tienda\/quienes-somos\/","og_site_name":"Editorial Resistencia","article_publisher":"https:\/\/www.facebook.com\/resistenciaeditorial","article_modified_time":"2024-09-29T23:38:34+00:00","og_image":[{"width":512,"height":512,"url":"https:\/\/editorialresistencia.com.mx\/tienda\/wp-content\/uploads\/2024\/09\/Logo-Resistencia.jpg","type":"image\/jpeg"}],"twitter_card":"summary_large_image","twitter_site":"@edresistencia","twitter_misc":{"Tiempo de lectura":"3 minutos"},"schema":{"@context":"https:\/\/schema.org","@graph":[{"@type":"WebPage","@id":"https:\/\/editorialresistencia.com.mx\/tienda\/quienes-somos\/","url":"https:\/\/editorialresistencia.com.mx\/tienda\/quienes-somos\/","name":"Quienes Somos - Editorial Resistencia","isPartOf":{"@id":"https:\/\/editorialresistencia.com.mx\/tienda\/#website"},"datePublished":"2020-08-23T22:40:21+00:00","dateModified":"2024-09-29T23:38:34+00:00","description":"Publicamos poes\u00eda, narrativa gr\u00e1fica y cuentos triling\u00fces ilustrados por artistas pl\u00e1sticos talentosos.","breadcrumb":{"@id":"https:\/\/editorialresistencia.com.mx\/tienda\/quienes-somos\/#breadcrumb"},"inLanguage":"es","potentialAction":[{"@type":"ReadAction","target":["https:\/\/editorialresistencia.com.mx\/tienda\/quienes-somos\/"]}]},{"@type":"BreadcrumbList","@id":"https:\/\/editorialresistencia.com.mx\/tienda\/quienes-somos\/#breadcrumb","itemListElement":[{"@type":"ListItem","position":1,"name":"Portada","item":"https:\/\/editorialresistencia.com.mx\/tienda\/"},{"@type":"ListItem","position":2,"name":"Quienes Somos"}]},{"@type":"WebSite","@id":"https:\/\/editorialresistencia.com.mx\/tienda\/#website","url":"https:\/\/editorialresistencia.com.mx\/tienda\/","name":"Editorial Resistencia","description":"Publicaci\u00f3n de libros infantiles triling\u00fces.","publisher":{"@id":"https:\/\/editorialresistencia.com.mx\/tienda\/#organization"},"alternateName":"Publicaci\u00f3n de libros infantiles triling\u00fces.","potentialAction":[{"@type":"SearchAction","target":{"@type":"EntryPoint","urlTemplate":"https:\/\/editorialresistencia.com.mx\/tienda\/?s={search_term_string}"},"query-input":{"@type":"PropertyValueSpecification","valueRequired":true,"valueName":"search_term_string"}}],"inLanguage":"es"},{"@type":"Organization","@id":"https:\/\/editorialresistencia.com.mx\/tienda\/#organization","name":"Editorial Resistencia","alternateName":"Publicaci\u00f3n de libros infantiles triling\u00fces.","url":"https:\/\/editorialresistencia.com.mx\/tienda\/","logo":{"@type":"ImageObject","inLanguage":"es","@id":"https:\/\/editorialresistencia.com.mx\/tienda\/#\/schema\/logo\/image\/","url":"https:\/\/editorialresistencia.com.mx\/tienda\/wp-content\/uploads\/2024\/09\/Logo-Resistencia.jpg","contentUrl":"https:\/\/editorialresistencia.com.mx\/tienda\/wp-content\/uploads\/2024\/09\/Logo-Resistencia.jpg","width":512,"height":512,"caption":"Editorial Resistencia"},"image":{"@id":"https:\/\/editorialresistencia.com.mx\/tienda\/#\/schema\/logo\/image\/"},"sameAs":["https:\/\/www.facebook.com\/resistenciaeditorial","https:\/\/x.com\/edresistencia"]}]}},"_links":{"self":[{"href":"https:\/\/editorialresistencia.com.mx\/tienda\/wp-json\/wp\/v2\/pages\/294","targetHints":{"allow":["GET"]}}],"collection":[{"href":"https:\/\/editorialresistencia.com.mx\/tienda\/wp-json\/wp\/v2\/pages"}],"about":[{"href":"https:\/\/editorialresistencia.com.mx\/tienda\/wp-json\/wp\/v2\/types\/page"}],"author":[{"embeddable":true,"href":"https:\/\/editorialresistencia.com.mx\/tienda\/wp-json\/wp\/v2\/users\/1"}],"replies":[{"embeddable":true,"href":"https:\/\/editorialresistencia.com.mx\/tienda\/wp-json\/wp\/v2\/comments?post=294"}],"version-history":[{"count":1,"href":"https:\/\/editorialresistencia.com.mx\/tienda\/wp-json\/wp\/v2\/pages\/294\/revisions"}],"predecessor-version":[{"id":295,"href":"https:\/\/editorialresistencia.com.mx\/tienda\/wp-json\/wp\/v2\/pages\/294\/revisions\/295"}],"wp:attachment":[{"href":"https:\/\/editorialresistencia.com.mx\/tienda\/wp-json\/wp\/v2\/media?parent=294"}],"curies":[{"name":"wp","href":"https:\/\/api.w.org\/{rel}","templated":true}]}}